{"id":2134,"date":"2024-05-07T15:32:48","date_gmt":"2024-05-07T19:32:48","guid":{"rendered":"https:\/\/findhelp.ca\/?page_id=2134"},"modified":"2025-03-19T10:59:36","modified_gmt":"2025-03-19T14:59:36","slug":"gta-data","status":"publish","type":"page","link":"https:\/\/findhelp.ca\/fr\/innovation\/gta-data\/","title":{"rendered":"211 Data for the GTA"},"content":{"rendered":"<div data-elementor-type=\"wp-page\" data-elementor-id=\"2134\" class=\"elementor elementor-2134\" data-elementor-post-type=\"page\">\n\t\t\t\t\t\t<section data-particle_enable=\"false\" data-particle-mobile-disabled=\"false\" class=\"elementor-section elementor-top-section elementor-element elementor-element-1e94c5d8 elementor-section-boxed elementor-section-height-default elementor-section-height-default\" data-id=\"1e94c5d8\" data-element_type=\"section\" data-e-type=\"section\">\n\t\t\t\t\t\t<div class=\"elementor-container elementor-column-gap-default\">\n\t\t\t\t\t<div class=\"elementor-column elementor-col-100 elementor-top-column elementor-element elementor-element-11b412d0\" data-id=\"11b412d0\" data-element_type=\"column\" data-e-type=\"column\">\n\t\t\t<div class=\"elementor-widget-wrap elementor-element-populated\">\n\t\t\t\t\t\t<div class=\"elementor-element elementor-element-271c11be elementor-widget elementor-widget-text-editor\" data-id=\"271c11be\" data-element_type=\"widget\" data-e-type=\"widget\" data-widget_type=\"text-editor.default\">\n\t\t\t\t<div class=\"elementor-widget-container\">\n\t\t\t\t\t\t\t\t\t<h1>Explorez les donn\u00e9es du 211 dans la r\u00e9gion du Grand Toronto<\/h1>\n<p>Acc\u00e9dez \u00e0 des informations actualis\u00e9es sur les besoins de votre communaut\u00e9 gr\u00e2ce \u00e0 notre nouvelle plateforme Power BI libre-service. Le 211 re\u00e7oit <b>des milliers d'appels chaque mois<\/b> provenant des personnes de la r\u00e9gion du Grand Toronto qui recherchent du soutien en mati\u00e8re de logement, de sant\u00e9 mentale, d'acc\u00e8s \u00e0 la nourriture et bien plus encore. Cette plateforme vous permet d'explorer les tendances, d'identifier les lacunes en mati\u00e8re de services et d'obtenir des renseignements pr\u00e9cieux pour prendre des d\u00e9cisions \u00e9clair\u00e9es. D\u00e9couvrez les tendances \u00e9mergentes et comprenez mieux l'\u00e9volution des besoins de votre communaut\u00e9, ce qui vous permet d'y r\u00e9pondre plus efficacement.\n<br> <br>\nVeuillez noter que pour l'instant, la plateforme Power BI n'offre des informations qu'en anglais. Merci pour votre compr\u00e9hension.<\/p>\n\n<p><iframe title=\"Findhelp Public\" src=\"https:\/\/app.powerbi.com\/view?r=eyJrIjoiMDIyZjAyYWMtMDU3Ni00NWFiLThhZDMtODE4NmE5NzkxNGJlIiwidCI6IjZkMzNmOWI4LWFmZmMtNDFkMy05Njk4LTFhNzZjOGE1Yzc1OSJ9\" width=\"600\" height=\"1300\" frameborder=\"0\" allowfullscreen=\"allowfullscreen\"><\/iframe><\/p>\n\n\n\n<p>&nbsp;<\/p>\n\t\t\t\t\t\t\t\t<\/div>\n\t\t\t\t<\/div>\n\t\t\t\t\t<\/div>\n\t\t<\/div>\n\t\t\t\t\t<\/div>\n\t\t<\/section>\n\t\t\t\t<\/div>","protected":false},"excerpt":{"rendered":"<p>Explore 211 Data in the Greater Toronto Area (GTA) Access timely insights into community needs with our new self-serve Power BI platform. 211 receives thousands of calls every month from people across the GTA seeking support for housing, mental health, food access, and much more. This platform allows you to explore trends, identify service gaps,&hellip;&nbsp;<a href=\"https:\/\/findhelp.ca\/fr\/innovation\/gta-data\/\" rel=\"bookmark\">Lire la suite &raquo;<span class=\"screen-reader-text\">211 Data for the GTA<\/span><\/a><\/p>","protected":false},"author":2,"featured_media":3111,"parent":69,"menu_order":1,"comment_status":"closed","ping_status":"closed","template":"page-templates\/template-pagebuilder-full-width.php","meta":{"neve_meta_sidebar":"","neve_meta_container":"","neve_meta_enable_content_width":"","neve_meta_content_width":0,"neve_meta_title_alignment":"","neve_meta_author_avatar":"","neve_post_elements_order":"","neve_meta_disable_header":"","neve_meta_disable_footer":"","neve_meta_disable_title":"","footnotes":""},"class_list":["post-2134","page","type-page","status-publish","has-post-thumbnail","hentry"],"yoast_head":"<!-- This site is optimized with the Yoast SEO plugin v27.1.1 - https:\/\/yoast.com\/product\/yoast-seo-wordpress\/ -->\n<title>211 Data for the GTA - Findhelp Information Services<\/title>\n<meta name=\"robots\" content=\"index, follow, max-snippet:-1, max-image-preview:large, max-video-preview:-1\" \/>\n<link rel=\"canonical\" href=\"https:\/\/findhelp.ca\/fr\/innovation\/gta-data\/\" \/>\n<meta property=\"og:locale\" content=\"fr_CA\" \/>\n<meta property=\"og:type\" content=\"article\" \/>\n<meta property=\"og:title\" content=\"211 Data for the GTA - Findhelp Information Services\" \/>\n<meta property=\"og:description\" content=\"Explore 211 Data in the Greater Toronto Area (GTA) Access timely insights into community needs with our new self-serve Power BI platform. 211 receives thousands of calls every month from people across the GTA seeking support for housing, mental health, food access, and much more. This platform allows you to explore trends, identify service gaps,&hellip;&nbsp;Lire la suite &raquo;211 Data for the GTA\" \/>\n<meta property=\"og:url\" content=\"https:\/\/findhelp.ca\/fr\/innovation\/gta-data\/\" \/>\n<meta property=\"og:site_name\" content=\"Findhelp Information Services\" \/>\n<meta property=\"article:publisher\" content=\"https:\/\/www.facebook.com\/Findhelp211\" \/>\n<meta property=\"article:modified_time\" content=\"2025-03-19T14:59:36+00:00\" \/>\n<meta name=\"twitter:card\" content=\"summary_large_image\" \/>\n<meta name=\"twitter:label1\" content=\"Estimation du temps de lecture\" \/>\n\t<meta name=\"twitter:data1\" content=\"1 minute\" \/>\n<script type=\"application\/ld+json\" class=\"yoast-schema-graph\">{\"@context\":\"https:\/\/schema.org\",\"@graph\":[{\"@type\":\"WebPage\",\"@id\":\"https:\/\/findhelp.ca\/innovation\/gta-data\/\",\"url\":\"https:\/\/findhelp.ca\/innovation\/gta-data\/\",\"name\":\"211 Data for the GTA - Findhelp Information Services\",\"isPartOf\":{\"@id\":\"https:\/\/findhelp.ca\/#website\"},\"primaryImageOfPage\":{\"@id\":\"https:\/\/findhelp.ca\/innovation\/gta-data\/#primaryimage\"},\"image\":{\"@id\":\"https:\/\/findhelp.ca\/innovation\/gta-data\/#primaryimage\"},\"thumbnailUrl\":\"https:\/\/findhelp.ca\/wp-content\/uploads\/2026\/02\/cropped-Untitled-design-1-1.png\",\"datePublished\":\"2024-05-07T19:32:48+00:00\",\"dateModified\":\"2025-03-19T14:59:36+00:00\",\"breadcrumb\":{\"@id\":\"https:\/\/findhelp.ca\/innovation\/gta-data\/#breadcrumb\"},\"inLanguage\":\"fr-CA\",\"potentialAction\":[{\"@type\":\"ReadAction\",\"target\":[\"https:\/\/findhelp.ca\/innovation\/gta-data\/\"]}]},{\"@type\":\"ImageObject\",\"inLanguage\":\"fr-CA\",\"@id\":\"https:\/\/findhelp.ca\/innovation\/gta-data\/#primaryimage\",\"url\":\"https:\/\/findhelp.ca\/wp-content\/uploads\/2026\/02\/cropped-Untitled-design-1-1.png\",\"contentUrl\":\"https:\/\/findhelp.ca\/wp-content\/uploads\/2026\/02\/cropped-Untitled-design-1-1.png\",\"width\":512,\"height\":512},{\"@type\":\"BreadcrumbList\",\"@id\":\"https:\/\/findhelp.ca\/innovation\/gta-data\/#breadcrumb\",\"itemListElement\":[{\"@type\":\"ListItem\",\"position\":1,\"name\":\"Home\",\"item\":\"https:\/\/findhelp.ca\/\"},{\"@type\":\"ListItem\",\"position\":2,\"name\":\"Innovation\",\"item\":\"https:\/\/www.findhelp.ca\/fr\/innovation\/\"},{\"@type\":\"ListItem\",\"position\":3,\"name\":\"211 Data for the GTA\"}]},{\"@type\":\"WebSite\",\"@id\":\"https:\/\/findhelp.ca\/#website\",\"url\":\"https:\/\/findhelp.ca\/\",\"name\":\"Findhelp Information Services\",\"description\":\"People Connected. Communities Strengthened\",\"publisher\":{\"@id\":\"https:\/\/findhelp.ca\/#organization\"},\"potentialAction\":[{\"@type\":\"SearchAction\",\"target\":{\"@type\":\"EntryPoint\",\"urlTemplate\":\"https:\/\/findhelp.ca\/?s={search_term_string}\"},\"query-input\":{\"@type\":\"PropertyValueSpecification\",\"valueRequired\":true,\"valueName\":\"search_term_string\"}}],\"inLanguage\":\"fr-CA\"},{\"@type\":\"Organization\",\"@id\":\"https:\/\/findhelp.ca\/#organization\",\"name\":\"Findhelp Information Services\",\"url\":\"https:\/\/findhelp.ca\/\",\"logo\":{\"@type\":\"ImageObject\",\"inLanguage\":\"fr-CA\",\"@id\":\"https:\/\/findhelp.ca\/#\/schema\/logo\/image\/\",\"url\":\"https:\/\/findhelp.ca\/wp-content\/uploads\/2026\/02\/findhelp-logo-1.png\",\"contentUrl\":\"https:\/\/findhelp.ca\/wp-content\/uploads\/2026\/02\/findhelp-logo-1.png\",\"width\":1170,\"height\":936,\"caption\":\"Findhelp Information Services\"},\"image\":{\"@id\":\"https:\/\/findhelp.ca\/#\/schema\/logo\/image\/\"},\"sameAs\":[\"https:\/\/www.facebook.com\/Findhelp211\",\"https:\/\/www.instagram.com\/findhelp211\",\"https:\/\/www.linkedin.com\/company\/findhelp211\"]}]}<\/script>\n<!-- \/ Yoast SEO plugin. -->","yoast_head_json":{"title":"211 Data for the GTA - Findhelp Information Services","robots":{"index":"index","follow":"follow","max-snippet":"max-snippet:-1","max-image-preview":"max-image-preview:large","max-video-preview":"max-video-preview:-1"},"canonical":"https:\/\/findhelp.ca\/fr\/innovation\/gta-data\/","og_locale":"fr_CA","og_type":"article","og_title":"211 Data for the GTA - Findhelp Information Services","og_description":"Explore 211 Data in the Greater Toronto Area (GTA) Access timely insights into community needs with our new self-serve Power BI platform. 211 receives thousands of calls every month from people across the GTA seeking support for housing, mental health, food access, and much more. This platform allows you to explore trends, identify service gaps,&hellip;&nbsp;Lire la suite &raquo;211 Data for the GTA","og_url":"https:\/\/findhelp.ca\/fr\/innovation\/gta-data\/","og_site_name":"Findhelp Information Services","article_publisher":"https:\/\/www.facebook.com\/Findhelp211","article_modified_time":"2025-03-19T14:59:36+00:00","twitter_card":"summary_large_image","twitter_misc":{"Estimation du temps de lecture":"1 minute"},"schema":{"@context":"https:\/\/schema.org","@graph":[{"@type":"WebPage","@id":"https:\/\/findhelp.ca\/innovation\/gta-data\/","url":"https:\/\/findhelp.ca\/innovation\/gta-data\/","name":"211 Data for the GTA - Findhelp Information Services","isPartOf":{"@id":"https:\/\/findhelp.ca\/#website"},"primaryImageOfPage":{"@id":"https:\/\/findhelp.ca\/innovation\/gta-data\/#primaryimage"},"image":{"@id":"https:\/\/findhelp.ca\/innovation\/gta-data\/#primaryimage"},"thumbnailUrl":"https:\/\/findhelp.ca\/wp-content\/uploads\/2026\/02\/cropped-Untitled-design-1-1.png","datePublished":"2024-05-07T19:32:48+00:00","dateModified":"2025-03-19T14:59:36+00:00","breadcrumb":{"@id":"https:\/\/findhelp.ca\/innovation\/gta-data\/#breadcrumb"},"inLanguage":"fr-CA","potentialAction":[{"@type":"ReadAction","target":["https:\/\/findhelp.ca\/innovation\/gta-data\/"]}]},{"@type":"ImageObject","inLanguage":"fr-CA","@id":"https:\/\/findhelp.ca\/innovation\/gta-data\/#primaryimage","url":"https:\/\/findhelp.ca\/wp-content\/uploads\/2026\/02\/cropped-Untitled-design-1-1.png","contentUrl":"https:\/\/findhelp.ca\/wp-content\/uploads\/2026\/02\/cropped-Untitled-design-1-1.png","width":512,"height":512},{"@type":"BreadcrumbList","@id":"https:\/\/findhelp.ca\/innovation\/gta-data\/#breadcrumb","itemListElement":[{"@type":"ListItem","position":1,"name":"Home","item":"https:\/\/findhelp.ca\/"},{"@type":"ListItem","position":2,"name":"Innovation","item":"https:\/\/www.findhelp.ca\/fr\/innovation\/"},{"@type":"ListItem","position":3,"name":"211 Data for the GTA"}]},{"@type":"WebSite","@id":"https:\/\/findhelp.ca\/#website","url":"https:\/\/findhelp.ca\/","name":"Services d\u2019information Findhelp","description":"People Connected. Communities Strengthened","publisher":{"@id":"https:\/\/findhelp.ca\/#organization"},"potentialAction":[{"@type":"SearchAction","target":{"@type":"EntryPoint","urlTemplate":"https:\/\/findhelp.ca\/?s={search_term_string}"},"query-input":{"@type":"PropertyValueSpecification","valueRequired":true,"valueName":"search_term_string"}}],"inLanguage":"fr-CA"},{"@type":"Organization","@id":"https:\/\/findhelp.ca\/#organization","name":"Services d\u2019information Findhelp","url":"https:\/\/findhelp.ca\/","logo":{"@type":"ImageObject","inLanguage":"fr-CA","@id":"https:\/\/findhelp.ca\/#\/schema\/logo\/image\/","url":"https:\/\/findhelp.ca\/wp-content\/uploads\/2026\/02\/findhelp-logo-1.png","contentUrl":"https:\/\/findhelp.ca\/wp-content\/uploads\/2026\/02\/findhelp-logo-1.png","width":1170,"height":936,"caption":"Findhelp Information Services"},"image":{"@id":"https:\/\/findhelp.ca\/#\/schema\/logo\/image\/"},"sameAs":["https:\/\/www.facebook.com\/Findhelp211","https:\/\/www.instagram.com\/findhelp211","https:\/\/www.linkedin.com\/company\/findhelp211"]}]}},"_links":{"self":[{"href":"https:\/\/findhelp.ca\/fr\/wp-json\/wp\/v2\/pages\/2134","targetHints":{"allow":["GET"]}}],"collection":[{"href":"https:\/\/findhelp.ca\/fr\/wp-json\/wp\/v2\/pages"}],"about":[{"href":"https:\/\/findhelp.ca\/fr\/wp-json\/wp\/v2\/types\/page"}],"author":[{"embeddable":true,"href":"https:\/\/findhelp.ca\/fr\/wp-json\/wp\/v2\/users\/2"}],"replies":[{"embeddable":true,"href":"https:\/\/findhelp.ca\/fr\/wp-json\/wp\/v2\/comments?post=2134"}],"version-history":[{"count":5,"href":"https:\/\/findhelp.ca\/fr\/wp-json\/wp\/v2\/pages\/2134\/revisions"}],"predecessor-version":[{"id":2745,"href":"https:\/\/findhelp.ca\/fr\/wp-json\/wp\/v2\/pages\/2134\/revisions\/2745"}],"up":[{"embeddable":true,"href":"https:\/\/findhelp.ca\/fr\/wp-json\/wp\/v2\/pages\/69"}],"wp:featuredmedia":[{"embeddable":true,"href":"https:\/\/findhelp.ca\/fr\/wp-json\/wp\/v2\/media\/3111"}],"wp:attachment":[{"href":"https:\/\/findhelp.ca\/fr\/wp-json\/wp\/v2\/media?parent=2134"}],"curies":[{"name":"wp","href":"https:\/\/api.w.org\/{rel}","templated":true}]}}