{"id":2668,"date":"2025-02-06T12:58:11","date_gmt":"2025-02-06T17:58:11","guid":{"rendered":"https:\/\/findhelp.ca\/?page_id=2668"},"modified":"2025-06-10T12:53:43","modified_gmt":"2025-06-10T16:53:43","slug":"updates","status":"publish","type":"page","link":"https:\/\/findhelp.ca\/fr\/updates\/","title":{"rendered":"Mises \u00e0 jour"},"content":{"rendered":"<div data-elementor-type=\"wp-page\" data-elementor-id=\"2668\" class=\"elementor elementor-2668\" data-elementor-post-type=\"page\">\n\t\t\t\t\t\t<section data-particle_enable=\"false\" data-particle-mobile-disabled=\"false\" class=\"elementor-section elementor-top-section elementor-element elementor-element-19c6d693 elementor-section-boxed elementor-section-height-default elementor-section-height-default\" data-id=\"19c6d693\" data-element_type=\"section\" data-e-type=\"section\">\n\t\t\t\t\t\t<div class=\"elementor-container elementor-column-gap-default\">\n\t\t\t\t\t<div class=\"elementor-column elementor-col-100 elementor-top-column elementor-element elementor-element-91f07fd\" data-id=\"91f07fd\" data-element_type=\"column\" data-e-type=\"column\">\n\t\t\t<div class=\"elementor-widget-wrap elementor-element-populated\">\n\t\t\t\t\t\t<div class=\"elementor-element elementor-element-39745ae8 elementor-widget elementor-widget-text-editor\" data-id=\"39745ae8\" data-element_type=\"widget\" data-e-type=\"widget\" data-widget_type=\"text-editor.default\">\n\t\t\t\t<div class=\"elementor-widget-container\">\n\t\t\t\t\t\t\t\t\t<h1>Mises \u00e0 jour<\/h1><div><p data-pm-slice=\"1 1 []\">Bienvenue sur notre page des mises \u00e0 jour Findhelp | 211, un espace d\u00e9di\u00e9 au partage d\u2019histoires, d\u2019analyses bas\u00e9es sur les donn\u00e9es et d\u2019actualit\u00e9s qui touchent les communaut\u00e9s que nous servons.\nNous vous invitons \u00e0 revenir r\u00e9guli\u00e8rement sur cette page pour d\u00e9couvrir nos derni\u00e8res nouveaut\u00e9s.<\/p><\/div>\n<p><!-- \/wp:paragraph --><\/p>\t\t\t\t\t\t\t\t<\/div>\n\t\t\t\t<\/div>\n\t\t\t\t\t<\/div>\n\t\t<\/div>\n\t\t\t\t\t<\/div>\n\t\t<\/section>\n\t\t\t\t<section data-particle_enable=\"false\" data-particle-mobile-disabled=\"false\" class=\"elementor-section elementor-top-section elementor-element elementor-element-fcab109 elementor-section-boxed elementor-section-height-default elementor-section-height-default\" data-id=\"fcab109\" data-element_type=\"section\" data-e-type=\"section\">\n\t\t\t\t\t\t<div class=\"elementor-container elementor-column-gap-default\">\n\t\t\t\t\t<div class=\"elementor-column elementor-col-100 elementor-top-column elementor-element elementor-element-b2cf971\" data-id=\"b2cf971\" data-element_type=\"column\" data-e-type=\"column\">\n\t\t\t<div class=\"elementor-widget-wrap elementor-element-populated\">\n\t\t\t\t\t\t<div class=\"elementor-element elementor-element-1b7c68c elementor-grid-3 elementor-grid-tablet-2 elementor-grid-mobile-1 elementor-posts--thumbnail-top elementor-widget elementor-widget-posts\" data-id=\"1b7c68c\" data-element_type=\"widget\" data-e-type=\"widget\" data-settings=\"{&quot;classic_columns&quot;:&quot;3&quot;,&quot;classic_columns_tablet&quot;:&quot;2&quot;,&quot;classic_columns_mobile&quot;:&quot;1&quot;,&quot;classic_row_gap&quot;:{&quot;unit&quot;:&quot;px&quot;,&quot;size&quot;:35,&quot;sizes&quot;:[]},&quot;classic_row_gap_tablet&quot;:{&quot;unit&quot;:&quot;px&quot;,&quot;size&quot;:&quot;&quot;,&quot;sizes&quot;:[]},&quot;classic_row_gap_mobile&quot;:{&quot;unit&quot;:&quot;px&quot;,&quot;size&quot;:&quot;&quot;,&quot;sizes&quot;:[]}}\" data-widget_type=\"posts.classic\">\n\t\t\t\t<div class=\"elementor-widget-container\">\n\t\t\t\t\t\t\t<div class=\"elementor-posts-container elementor-posts elementor-posts--skin-classic elementor-grid\" role=\"list\">\n\t\t\t\t<article class=\"elementor-post elementor-grid-item post-3045 post type-post status-publish format-standard has-post-thumbnail hentry category-updates\" role=\"listitem\">\n\t\t\t\t<a class=\"elementor-post__thumbnail__link\" href=\"https:\/\/findhelp.ca\/fr\/on-response-gbv\/\" tabindex=\"-1\" >\n\t\t\t<div class=\"elementor-post__thumbnail\"><img fetchpriority=\"high\" decoding=\"async\" width=\"300\" height=\"200\" src=\"https:\/\/findhelp.ca\/wp-content\/uploads\/2025\/11\/iStock-2223636986-1-300x200.jpg\" class=\"attachment-medium size-medium wp-image-3048\" alt=\"Group of diverse friends embracing each other outdoors, symbolizing unity, friendship, and connection. Concept of community, support, and togetherness.\" srcset=\"https:\/\/findhelp.ca\/wp-content\/uploads\/2025\/11\/iStock-2223636986-1-300x200.jpg 300w, https:\/\/findhelp.ca\/wp-content\/uploads\/2025\/11\/iStock-2223636986-1-1024x683.jpg 1024w, https:\/\/findhelp.ca\/wp-content\/uploads\/2025\/11\/iStock-2223636986-1-768x512.jpg 768w, https:\/\/findhelp.ca\/wp-content\/uploads\/2025\/11\/iStock-2223636986-1-18x12.jpg 18w, https:\/\/findhelp.ca\/wp-content\/uploads\/2025\/11\/iStock-2223636986-1-930x620.jpg 930w, https:\/\/findhelp.ca\/wp-content\/uploads\/2025\/11\/iStock-2223636986-1.jpg 1254w\" sizes=\"(max-width: 300px) 100vw, 300px\" \/><\/div>\n\t\t<\/a>\n\t\t\t\t<div class=\"elementor-post__text\">\n\t\t\t\t<h3 class=\"elementor-post__title\">\n\t\t\t<a href=\"https:\/\/findhelp.ca\/fr\/on-response-gbv\/\" >\n\t\t\t\tRenforcer la r\u00e9ponse de l\u2019Ontario \u00e0 la violence fond\u00e9e sur le genre\t\t\t<\/a>\n\t\t<\/h3>\n\t\t\n\t\t<a class=\"elementor-post__read-more\" href=\"https:\/\/findhelp.ca\/fr\/on-response-gbv\/\" aria-label=\"Read more about Strengthening Ontario\u2019s Response to Gender-Based Violence\" tabindex=\"-1\" >\n\t\t\tLire l'article\t\t<\/a>\n\n\t\t\t\t<\/div>\n\t\t\t\t<\/article>\n\t\t\t\t<article class=\"elementor-post elementor-grid-item post-13 post type-post status-publish format-standard has-post-thumbnail hentry category-updates\" role=\"listitem\">\n\t\t\t\t<a class=\"elementor-post__thumbnail__link\" href=\"https:\/\/findhelp.ca\/fr\/mental-health-matters-everyday\/\" tabindex=\"-1\" >\n\t\t\t<div class=\"elementor-post__thumbnail\"><img decoding=\"async\" width=\"300\" height=\"254\" src=\"https:\/\/findhelp.ca\/wp-content\/uploads\/2025\/05\/iStock-2121029847-300x254.jpg\" class=\"attachment-medium size-medium wp-image-2886\" alt=\"\" srcset=\"https:\/\/findhelp.ca\/wp-content\/uploads\/2025\/05\/iStock-2121029847-300x254.jpg 300w, https:\/\/findhelp.ca\/wp-content\/uploads\/2025\/05\/iStock-2121029847-1024x867.jpg 1024w, https:\/\/findhelp.ca\/wp-content\/uploads\/2025\/05\/iStock-2121029847-768x650.jpg 768w, https:\/\/findhelp.ca\/wp-content\/uploads\/2025\/05\/iStock-2121029847-14x12.jpg 14w, https:\/\/findhelp.ca\/wp-content\/uploads\/2025\/05\/iStock-2121029847.jpg 1113w\" sizes=\"(max-width: 300px) 100vw, 300px\" \/><\/div>\n\t\t<\/a>\n\t\t\t\t<div class=\"elementor-post__text\">\n\t\t\t\t<h3 class=\"elementor-post__title\">\n\t\t\t<a href=\"https:\/\/findhelp.ca\/fr\/mental-health-matters-everyday\/\" >\n\t\t\t\tLa sant\u00e9 mentale compte chaque jour : combler le foss\u00e9 pour les soutiens communautaires\t\t\t<\/a>\n\t\t<\/h3>\n\t\t\n\t\t<a class=\"elementor-post__read-more\" href=\"https:\/\/findhelp.ca\/fr\/mental-health-matters-everyday\/\" aria-label=\"Read more about Mental Health Matters Every Day: Bridging the Gap for Community Supports\" tabindex=\"-1\" >\n\t\t\tLire l'article\t\t<\/a>\n\n\t\t\t\t<\/div>\n\t\t\t\t<\/article>\n\t\t\t\t<\/div>\n\t\t\n\t\t\t\t\t\t<\/div>\n\t\t\t\t<\/div>\n\t\t\t\t\t<\/div>\n\t\t<\/div>\n\t\t\t\t\t<\/div>\n\t\t<\/section>\n\t\t\t\t<\/div>","protected":false},"excerpt":{"rendered":"<p>Updates Welcome to our Findhelp | 211 updates, a space to share stories, data-driven insights, and news that impact the communities we serve. We invite<\/p>","protected":false},"author":2,"featured_media":3111,"parent":0,"menu_order":0,"comment_status":"closed","ping_status":"closed","template":"page-templates\/template-pagebuilder-full-width.php","meta":{"neve_meta_sidebar":"","neve_meta_container":"","neve_meta_enable_content_width":"","neve_meta_content_width":0,"neve_meta_title_alignment":"","neve_meta_author_avatar":"","neve_post_elements_order":"","neve_meta_disable_header":"","neve_meta_disable_footer":"","neve_meta_disable_title":"","footnotes":""},"class_list":["post-2668","page","type-page","status-publish","has-post-thumbnail","hentry"],"yoast_head":"<!-- This site is optimized with the Yoast SEO plugin v27.1.1 - https:\/\/yoast.com\/product\/yoast-seo-wordpress\/ -->\n<title>Updates - Findhelp Information Services<\/title>\n<meta name=\"robots\" content=\"index, follow, max-snippet:-1, max-image-preview:large, max-video-preview:-1\" \/>\n<link rel=\"canonical\" href=\"https:\/\/findhelp.ca\/fr\/updates\/\" \/>\n<meta property=\"og:locale\" content=\"fr_CA\" \/>\n<meta property=\"og:type\" content=\"article\" \/>\n<meta property=\"og:title\" content=\"Updates - Findhelp Information Services\" \/>\n<meta property=\"og:description\" content=\"Updates Welcome to our Findhelp | 211 updates, a space to share stories, data-driven insights, and news that impact the communities we serve. We invite\" \/>\n<meta property=\"og:url\" content=\"https:\/\/findhelp.ca\/fr\/updates\/\" \/>\n<meta property=\"og:site_name\" content=\"Findhelp Information Services\" \/>\n<meta property=\"article:publisher\" content=\"https:\/\/www.facebook.com\/Findhelp211\" \/>\n<meta property=\"article:modified_time\" content=\"2025-06-10T16:53:43+00:00\" \/>\n<meta name=\"twitter:card\" content=\"summary_large_image\" \/>\n<meta name=\"twitter:label1\" content=\"Estimation du temps de lecture\" \/>\n\t<meta name=\"twitter:data1\" content=\"1 minute\" \/>\n<script type=\"application\/ld+json\" class=\"yoast-schema-graph\">{\"@context\":\"https:\/\/schema.org\",\"@graph\":[{\"@type\":\"WebPage\",\"@id\":\"https:\/\/findhelp.ca\/updates\/\",\"url\":\"https:\/\/findhelp.ca\/updates\/\",\"name\":\"Updates - Findhelp Information Services\",\"isPartOf\":{\"@id\":\"https:\/\/findhelp.ca\/#website\"},\"primaryImageOfPage\":{\"@id\":\"https:\/\/findhelp.ca\/updates\/#primaryimage\"},\"image\":{\"@id\":\"https:\/\/findhelp.ca\/updates\/#primaryimage\"},\"thumbnailUrl\":\"https:\/\/findhelp.ca\/wp-content\/uploads\/2026\/02\/cropped-Untitled-design-1-1.png\",\"datePublished\":\"2025-02-06T17:58:11+00:00\",\"dateModified\":\"2025-06-10T16:53:43+00:00\",\"breadcrumb\":{\"@id\":\"https:\/\/findhelp.ca\/updates\/#breadcrumb\"},\"inLanguage\":\"fr-CA\",\"potentialAction\":[{\"@type\":\"ReadAction\",\"target\":[\"https:\/\/findhelp.ca\/updates\/\"]}]},{\"@type\":\"ImageObject\",\"inLanguage\":\"fr-CA\",\"@id\":\"https:\/\/findhelp.ca\/updates\/#primaryimage\",\"url\":\"https:\/\/findhelp.ca\/wp-content\/uploads\/2026\/02\/cropped-Untitled-design-1-1.png\",\"contentUrl\":\"https:\/\/findhelp.ca\/wp-content\/uploads\/2026\/02\/cropped-Untitled-design-1-1.png\",\"width\":512,\"height\":512},{\"@type\":\"BreadcrumbList\",\"@id\":\"https:\/\/findhelp.ca\/updates\/#breadcrumb\",\"itemListElement\":[{\"@type\":\"ListItem\",\"position\":1,\"name\":\"Home\",\"item\":\"https:\/\/findhelp.ca\/\"},{\"@type\":\"ListItem\",\"position\":2,\"name\":\"Updates\"}]},{\"@type\":\"WebSite\",\"@id\":\"https:\/\/findhelp.ca\/#website\",\"url\":\"https:\/\/findhelp.ca\/\",\"name\":\"Findhelp Information Services\",\"description\":\"People Connected. Communities Strengthened\",\"publisher\":{\"@id\":\"https:\/\/findhelp.ca\/#organization\"},\"potentialAction\":[{\"@type\":\"SearchAction\",\"target\":{\"@type\":\"EntryPoint\",\"urlTemplate\":\"https:\/\/findhelp.ca\/?s={search_term_string}\"},\"query-input\":{\"@type\":\"PropertyValueSpecification\",\"valueRequired\":true,\"valueName\":\"search_term_string\"}}],\"inLanguage\":\"fr-CA\"},{\"@type\":\"Organization\",\"@id\":\"https:\/\/findhelp.ca\/#organization\",\"name\":\"Findhelp Information Services\",\"url\":\"https:\/\/findhelp.ca\/\",\"logo\":{\"@type\":\"ImageObject\",\"inLanguage\":\"fr-CA\",\"@id\":\"https:\/\/findhelp.ca\/#\/schema\/logo\/image\/\",\"url\":\"https:\/\/findhelp.ca\/wp-content\/uploads\/2026\/02\/findhelp-logo-1.png\",\"contentUrl\":\"https:\/\/findhelp.ca\/wp-content\/uploads\/2026\/02\/findhelp-logo-1.png\",\"width\":1170,\"height\":936,\"caption\":\"Findhelp Information Services\"},\"image\":{\"@id\":\"https:\/\/findhelp.ca\/#\/schema\/logo\/image\/\"},\"sameAs\":[\"https:\/\/www.facebook.com\/Findhelp211\",\"https:\/\/www.instagram.com\/findhelp211\",\"https:\/\/www.linkedin.com\/company\/findhelp211\"]}]}<\/script>\n<!-- \/ Yoast SEO plugin. -->","yoast_head_json":{"title":"Updates - Findhelp Information Services","robots":{"index":"index","follow":"follow","max-snippet":"max-snippet:-1","max-image-preview":"max-image-preview:large","max-video-preview":"max-video-preview:-1"},"canonical":"https:\/\/findhelp.ca\/fr\/updates\/","og_locale":"fr_CA","og_type":"article","og_title":"Updates - Findhelp Information Services","og_description":"Updates Welcome to our Findhelp | 211 updates, a space to share stories, data-driven insights, and news that impact the communities we serve. We invite","og_url":"https:\/\/findhelp.ca\/fr\/updates\/","og_site_name":"Findhelp Information Services","article_publisher":"https:\/\/www.facebook.com\/Findhelp211","article_modified_time":"2025-06-10T16:53:43+00:00","twitter_card":"summary_large_image","twitter_misc":{"Estimation du temps de lecture":"1 minute"},"schema":{"@context":"https:\/\/schema.org","@graph":[{"@type":"WebPage","@id":"https:\/\/findhelp.ca\/updates\/","url":"https:\/\/findhelp.ca\/updates\/","name":"Updates - Findhelp Information Services","isPartOf":{"@id":"https:\/\/findhelp.ca\/#website"},"primaryImageOfPage":{"@id":"https:\/\/findhelp.ca\/updates\/#primaryimage"},"image":{"@id":"https:\/\/findhelp.ca\/updates\/#primaryimage"},"thumbnailUrl":"https:\/\/findhelp.ca\/wp-content\/uploads\/2026\/02\/cropped-Untitled-design-1-1.png","datePublished":"2025-02-06T17:58:11+00:00","dateModified":"2025-06-10T16:53:43+00:00","breadcrumb":{"@id":"https:\/\/findhelp.ca\/updates\/#breadcrumb"},"inLanguage":"fr-CA","potentialAction":[{"@type":"ReadAction","target":["https:\/\/findhelp.ca\/updates\/"]}]},{"@type":"ImageObject","inLanguage":"fr-CA","@id":"https:\/\/findhelp.ca\/updates\/#primaryimage","url":"https:\/\/findhelp.ca\/wp-content\/uploads\/2026\/02\/cropped-Untitled-design-1-1.png","contentUrl":"https:\/\/findhelp.ca\/wp-content\/uploads\/2026\/02\/cropped-Untitled-design-1-1.png","width":512,"height":512},{"@type":"BreadcrumbList","@id":"https:\/\/findhelp.ca\/updates\/#breadcrumb","itemListElement":[{"@type":"ListItem","position":1,"name":"Home","item":"https:\/\/findhelp.ca\/"},{"@type":"ListItem","position":2,"name":"Updates"}]},{"@type":"WebSite","@id":"https:\/\/findhelp.ca\/#website","url":"https:\/\/findhelp.ca\/","name":"Services d\u2019information Findhelp","description":"People Connected. Communities Strengthened","publisher":{"@id":"https:\/\/findhelp.ca\/#organization"},"potentialAction":[{"@type":"SearchAction","target":{"@type":"EntryPoint","urlTemplate":"https:\/\/findhelp.ca\/?s={search_term_string}"},"query-input":{"@type":"PropertyValueSpecification","valueRequired":true,"valueName":"search_term_string"}}],"inLanguage":"fr-CA"},{"@type":"Organization","@id":"https:\/\/findhelp.ca\/#organization","name":"Services d\u2019information Findhelp","url":"https:\/\/findhelp.ca\/","logo":{"@type":"ImageObject","inLanguage":"fr-CA","@id":"https:\/\/findhelp.ca\/#\/schema\/logo\/image\/","url":"https:\/\/findhelp.ca\/wp-content\/uploads\/2026\/02\/findhelp-logo-1.png","contentUrl":"https:\/\/findhelp.ca\/wp-content\/uploads\/2026\/02\/findhelp-logo-1.png","width":1170,"height":936,"caption":"Findhelp Information Services"},"image":{"@id":"https:\/\/findhelp.ca\/#\/schema\/logo\/image\/"},"sameAs":["https:\/\/www.facebook.com\/Findhelp211","https:\/\/www.instagram.com\/findhelp211","https:\/\/www.linkedin.com\/company\/findhelp211"]}]}},"_links":{"self":[{"href":"https:\/\/findhelp.ca\/fr\/wp-json\/wp\/v2\/pages\/2668","targetHints":{"allow":["GET"]}}],"collection":[{"href":"https:\/\/findhelp.ca\/fr\/wp-json\/wp\/v2\/pages"}],"about":[{"href":"https:\/\/findhelp.ca\/fr\/wp-json\/wp\/v2\/types\/page"}],"author":[{"embeddable":true,"href":"https:\/\/findhelp.ca\/fr\/wp-json\/wp\/v2\/users\/2"}],"replies":[{"embeddable":true,"href":"https:\/\/findhelp.ca\/fr\/wp-json\/wp\/v2\/comments?post=2668"}],"version-history":[{"count":5,"href":"https:\/\/findhelp.ca\/fr\/wp-json\/wp\/v2\/pages\/2668\/revisions"}],"predecessor-version":[{"id":2920,"href":"https:\/\/findhelp.ca\/fr\/wp-json\/wp\/v2\/pages\/2668\/revisions\/2920"}],"wp:featuredmedia":[{"embeddable":true,"href":"https:\/\/findhelp.ca\/fr\/wp-json\/wp\/v2\/media\/3111"}],"wp:attachment":[{"href":"https:\/\/findhelp.ca\/fr\/wp-json\/wp\/v2\/media?parent=2668"}],"curies":[{"name":"wp","href":"https:\/\/api.w.org\/{rel}","templated":true}]}}