{"id":517,"date":"2022-10-06T19:30:05","date_gmt":"2022-10-06T19:30:05","guid":{"rendered":"https:\/\/findhelp.ca\/?page_id=517"},"modified":"2023-06-21T15:01:15","modified_gmt":"2023-06-21T15:01:15","slug":"history","status":"publish","type":"page","link":"https:\/\/findhelp.ca\/fr\/about-us\/history\/","title":{"rendered":"Histoire"},"content":{"rendered":"<div data-elementor-type=\"wp-page\" data-elementor-id=\"517\" class=\"elementor elementor-517\" data-elementor-post-type=\"page\">\n\t\t\t\t\t\t<section data-particle_enable=\"false\" data-particle-mobile-disabled=\"false\" class=\"elementor-section elementor-top-section elementor-element elementor-element-6d2a9759 elementor-section-boxed elementor-section-height-default elementor-section-height-default\" data-id=\"6d2a9759\" data-element_type=\"section\" data-e-type=\"section\">\n\t\t\t\t\t\t<div class=\"elementor-container elementor-column-gap-default\">\n\t\t\t\t\t<div class=\"elementor-column elementor-col-100 elementor-top-column elementor-element elementor-element-12bbe8ce\" data-id=\"12bbe8ce\" data-element_type=\"column\" data-e-type=\"column\">\n\t\t\t<div class=\"elementor-widget-wrap elementor-element-populated\">\n\t\t\t\t\t\t<div class=\"elementor-element elementor-element-379b33e4 elementor-widget elementor-widget-text-editor\" data-id=\"379b33e4\" data-element_type=\"widget\" data-e-type=\"widget\" data-widget_type=\"text-editor.default\">\n\t\t\t\t<div class=\"elementor-widget-container\">\n\t\t\t\t\t\t\t\t\t\n<h1>Histoire<\/h1>\n<p class=\"translation-block\">En 1952, le Community Information Centre of Metropolitan Toronto (CICMT) \u2014 qui deviendra plus tard Community Information Toronto, puis Services d\u2019information Findhelp \u2014 fut \u00e9tabli en r\u00e9ponse \u00e0 une demande croissante de renseignements fiables sur les programmes communautaires disponibles dans la ville. En tant que programme du conseil de planification sociale de Toronto, le CICMT offrait un service t\u00e9l\u00e9phonique et un annuaire des services communautaires, connu sous le nom de Blue Book, si bien que nous \u00e9tions appel\u00e9 les \u00ab Blue Book People \u00bb.<\/p>\n\n<p>En 1970, le CICMT s\u2019\u00e9tait \u00e9largi et la demande ne cessait d\u2019augmenter. Le CICMT \u00e9tait constitu\u00e9 en organisation sans but lucratif et ind\u00e9pendante. Au fil des ans, l\u2019organisme s\u2019est adapt\u00e9 \u00e0 la d\u00e9mographie changeante de la ville de Toronto, y compris la fusion municipale, et s\u2019est d\u00e9velopp\u00e9 pour r\u00e9pondre aux probl\u00e8mes sociaux divers touchant la vie de notre ville. Des lignes d\u2019aide sp\u00e9cialis\u00e9e se sont succ\u00e9d\u00e9es pour r\u00e9pondre aux besoins changeants de Toronto, comme Information for Victims of Violence (1984), Street Helpline (1993), la Ligne d\u2019aide aux victimes (1996), l\u2019acc\u00e8s central au syst\u00e8me de gestion du sevrage (2006), la ligne d\u2019information d\u2019\u00c9ducation juridique communautaire Ontario (CLEO) (2007) et la ligne de soutien pour survivants masculins (2011).<\/p>\n\n<p>Nous avons \u00e9galement d\u00e9velopp\u00e9 de nouvelles publications et d\u2019autres mani\u00e8res de mettre les communaut\u00e9s en relation avec les services et soutiens tant n\u00e9cessaires. En 2002, nous avons lanc\u00e9 211 Toronto et sommes devenus le premier organisme au Canada \u00e0 recevoir l\u2019agr\u00e9ment AIRS (Alliance of Information and Referral Systems), la \u00ab voix internationale en mati\u00e8re d\u2019information et r\u00e9f\u00e9rence (I&amp;R) \u00bb.<\/p>\n\n<p class=\"translation-block\">En 2004, nous sommes devenus Services d\u2019information Findhelp. Ce nouveau nom refl\u00e8te l'\u00e9volution d'une agence locale qui s'est adapt\u00e9e aux priorit\u00e9s locatles et aux contextes plus larges qui influencent ces priorit\u00e9s. Findhelp a continu\u00e9 de se manifester comme chef de file de l'information et r\u00e9f\u00e9rence en Ontario. En 2011, Findhelp a \u00e9tendu ses services aux r\u00e9gions de Durham et de York, pour former le 211 R\u00e9gion Centre. En 2020, nous avons contribu\u00e9 \u00e0 la croissance du r\u00e9seau 211 au Nouveau-Brunswick, au Manitoba et \u00e0 Terre-Neuve.<\/p>\n\n<h3 class=\"wp-block-heading\">Aujourd'hui, nous travaillons avec des partenaires partout au Canada ; nous travaillons en collaboration avec les trois  niveaux de gouvernement et le secteur sans but lucratif pour d\u00e9velopper des relations et cr\u00e9er des moyens permettant aux personnes et aux organismes de se connecter aux services et \u00e0 leurs communaut\u00e9s. Findhelp continue de trouver de nouvelles fa\u00e7ons de cr\u00e9er des liens et des solutions pour renforcer les communaut\u00e9s \u00e0 travers le Canada<strong>.<\/strong><\/h3>\n\t\t\t\t\t\t\t\t<\/div>\n\t\t\t\t<\/div>\n\t\t\t\t\t<\/div>\n\t\t<\/div>\n\t\t\t\t\t<\/div>\n\t\t<\/section>\n\t\t\t\t<\/div>","protected":false},"excerpt":{"rendered":"<p>History In 1952, the Community Information Centre of Metropolitan Toronto (CICMT) \u2014 later to become Community Information Toronto and now Findhelp Information Services \u2014 was launched as a response to increasing demand for reliable information about community programs in the city. As a program of the Social Planning Council of Toronto, CICMT provided a telephone&hellip;&nbsp;<a href=\"https:\/\/findhelp.ca\/fr\/about-us\/history\/\" rel=\"bookmark\">Lire la suite &raquo;<span class=\"screen-reader-text\">Histoire<\/span><\/a><\/p>","protected":false},"author":2,"featured_media":3111,"parent":969,"menu_order":0,"comment_status":"closed","ping_status":"closed","template":"page-templates\/template-pagebuilder-full-width.php","meta":{"neve_meta_sidebar":"","neve_meta_container":"","neve_meta_enable_content_width":"","neve_meta_content_width":0,"neve_meta_title_alignment":"","neve_meta_author_avatar":"","neve_post_elements_order":"","neve_meta_disable_header":"","neve_meta_disable_footer":"","neve_meta_disable_title":"","footnotes":""},"class_list":["post-517","page","type-page","status-publish","has-post-thumbnail","hentry"],"yoast_head":"<!-- This site is optimized with the Yoast SEO plugin v27.1.1 - https:\/\/yoast.com\/product\/yoast-seo-wordpress\/ -->\n<title>History - Findhelp Information Services<\/title>\n<meta name=\"robots\" content=\"index, follow, max-snippet:-1, max-image-preview:large, max-video-preview:-1\" \/>\n<link rel=\"canonical\" href=\"https:\/\/findhelp.ca\/fr\/about-us\/history\/\" \/>\n<meta property=\"og:locale\" content=\"fr_CA\" \/>\n<meta property=\"og:type\" content=\"article\" \/>\n<meta property=\"og:title\" content=\"History - Findhelp Information Services\" \/>\n<meta property=\"og:description\" content=\"History In 1952, the Community Information Centre of Metropolitan Toronto (CICMT) \u2014 later to become Community Information Toronto and now Findhelp Information Services \u2014 was launched as a response to increasing demand for reliable information about community programs in the city. As a program of the Social Planning Council of Toronto, CICMT provided a telephone&hellip;&nbsp;Lire la suite &raquo;History\" \/>\n<meta property=\"og:url\" content=\"https:\/\/findhelp.ca\/fr\/about-us\/history\/\" \/>\n<meta property=\"og:site_name\" content=\"Findhelp Information Services\" \/>\n<meta property=\"article:publisher\" content=\"https:\/\/www.facebook.com\/Findhelp211\" \/>\n<meta property=\"article:modified_time\" content=\"2023-06-21T15:01:15+00:00\" \/>\n<meta name=\"twitter:card\" content=\"summary_large_image\" \/>\n<meta name=\"twitter:label1\" content=\"Estimation du temps de lecture\" \/>\n\t<meta name=\"twitter:data1\" content=\"2 minutes\" \/>\n<script type=\"application\/ld+json\" class=\"yoast-schema-graph\">{\"@context\":\"https:\/\/schema.org\",\"@graph\":[{\"@type\":\"WebPage\",\"@id\":\"https:\/\/findhelp.ca\/about-us\/history\/\",\"url\":\"https:\/\/findhelp.ca\/about-us\/history\/\",\"name\":\"History - Findhelp Information Services\",\"isPartOf\":{\"@id\":\"https:\/\/findhelp.ca\/#website\"},\"primaryImageOfPage\":{\"@id\":\"https:\/\/findhelp.ca\/about-us\/history\/#primaryimage\"},\"image\":{\"@id\":\"https:\/\/findhelp.ca\/about-us\/history\/#primaryimage\"},\"thumbnailUrl\":\"https:\/\/findhelp.ca\/wp-content\/uploads\/2026\/02\/cropped-Untitled-design-1-1.png\",\"datePublished\":\"2022-10-06T19:30:05+00:00\",\"dateModified\":\"2023-06-21T15:01:15+00:00\",\"breadcrumb\":{\"@id\":\"https:\/\/findhelp.ca\/about-us\/history\/#breadcrumb\"},\"inLanguage\":\"fr-CA\",\"potentialAction\":[{\"@type\":\"ReadAction\",\"target\":[\"https:\/\/findhelp.ca\/about-us\/history\/\"]}]},{\"@type\":\"ImageObject\",\"inLanguage\":\"fr-CA\",\"@id\":\"https:\/\/findhelp.ca\/about-us\/history\/#primaryimage\",\"url\":\"https:\/\/findhelp.ca\/wp-content\/uploads\/2026\/02\/cropped-Untitled-design-1-1.png\",\"contentUrl\":\"https:\/\/findhelp.ca\/wp-content\/uploads\/2026\/02\/cropped-Untitled-design-1-1.png\",\"width\":512,\"height\":512},{\"@type\":\"BreadcrumbList\",\"@id\":\"https:\/\/findhelp.ca\/about-us\/history\/#breadcrumb\",\"itemListElement\":[{\"@type\":\"ListItem\",\"position\":1,\"name\":\"Home\",\"item\":\"https:\/\/findhelp.ca\/\"},{\"@type\":\"ListItem\",\"position\":2,\"name\":\"About Us\",\"item\":\"https:\/\/findhelp.ca\/about-us\/\"},{\"@type\":\"ListItem\",\"position\":3,\"name\":\"History\"}]},{\"@type\":\"WebSite\",\"@id\":\"https:\/\/findhelp.ca\/#website\",\"url\":\"https:\/\/findhelp.ca\/\",\"name\":\"Findhelp Information Services\",\"description\":\"People Connected. Communities Strengthened\",\"publisher\":{\"@id\":\"https:\/\/findhelp.ca\/#organization\"},\"potentialAction\":[{\"@type\":\"SearchAction\",\"target\":{\"@type\":\"EntryPoint\",\"urlTemplate\":\"https:\/\/findhelp.ca\/?s={search_term_string}\"},\"query-input\":{\"@type\":\"PropertyValueSpecification\",\"valueRequired\":true,\"valueName\":\"search_term_string\"}}],\"inLanguage\":\"fr-CA\"},{\"@type\":\"Organization\",\"@id\":\"https:\/\/findhelp.ca\/#organization\",\"name\":\"Findhelp Information Services\",\"url\":\"https:\/\/findhelp.ca\/\",\"logo\":{\"@type\":\"ImageObject\",\"inLanguage\":\"fr-CA\",\"@id\":\"https:\/\/findhelp.ca\/#\/schema\/logo\/image\/\",\"url\":\"https:\/\/findhelp.ca\/wp-content\/uploads\/2026\/02\/findhelp-logo-1.png\",\"contentUrl\":\"https:\/\/findhelp.ca\/wp-content\/uploads\/2026\/02\/findhelp-logo-1.png\",\"width\":1170,\"height\":936,\"caption\":\"Findhelp Information Services\"},\"image\":{\"@id\":\"https:\/\/findhelp.ca\/#\/schema\/logo\/image\/\"},\"sameAs\":[\"https:\/\/www.facebook.com\/Findhelp211\",\"https:\/\/www.instagram.com\/findhelp211\",\"https:\/\/www.linkedin.com\/company\/findhelp211\"]}]}<\/script>\n<!-- \/ Yoast SEO plugin. -->","yoast_head_json":{"title":"History - Findhelp Information Services","robots":{"index":"index","follow":"follow","max-snippet":"max-snippet:-1","max-image-preview":"max-image-preview:large","max-video-preview":"max-video-preview:-1"},"canonical":"https:\/\/findhelp.ca\/fr\/about-us\/history\/","og_locale":"fr_CA","og_type":"article","og_title":"History - Findhelp Information Services","og_description":"History In 1952, the Community Information Centre of Metropolitan Toronto (CICMT) \u2014 later to become Community Information Toronto and now Findhelp Information Services \u2014 was launched as a response to increasing demand for reliable information about community programs in the city. As a program of the Social Planning Council of Toronto, CICMT provided a telephone&hellip;&nbsp;Lire la suite &raquo;History","og_url":"https:\/\/findhelp.ca\/fr\/about-us\/history\/","og_site_name":"Findhelp Information Services","article_publisher":"https:\/\/www.facebook.com\/Findhelp211","article_modified_time":"2023-06-21T15:01:15+00:00","twitter_card":"summary_large_image","twitter_misc":{"Estimation du temps de lecture":"2 minutes"},"schema":{"@context":"https:\/\/schema.org","@graph":[{"@type":"WebPage","@id":"https:\/\/findhelp.ca\/about-us\/history\/","url":"https:\/\/findhelp.ca\/about-us\/history\/","name":"History - Findhelp Information Services","isPartOf":{"@id":"https:\/\/findhelp.ca\/#website"},"primaryImageOfPage":{"@id":"https:\/\/findhelp.ca\/about-us\/history\/#primaryimage"},"image":{"@id":"https:\/\/findhelp.ca\/about-us\/history\/#primaryimage"},"thumbnailUrl":"https:\/\/findhelp.ca\/wp-content\/uploads\/2026\/02\/cropped-Untitled-design-1-1.png","datePublished":"2022-10-06T19:30:05+00:00","dateModified":"2023-06-21T15:01:15+00:00","breadcrumb":{"@id":"https:\/\/findhelp.ca\/about-us\/history\/#breadcrumb"},"inLanguage":"fr-CA","potentialAction":[{"@type":"ReadAction","target":["https:\/\/findhelp.ca\/about-us\/history\/"]}]},{"@type":"ImageObject","inLanguage":"fr-CA","@id":"https:\/\/findhelp.ca\/about-us\/history\/#primaryimage","url":"https:\/\/findhelp.ca\/wp-content\/uploads\/2026\/02\/cropped-Untitled-design-1-1.png","contentUrl":"https:\/\/findhelp.ca\/wp-content\/uploads\/2026\/02\/cropped-Untitled-design-1-1.png","width":512,"height":512},{"@type":"BreadcrumbList","@id":"https:\/\/findhelp.ca\/about-us\/history\/#breadcrumb","itemListElement":[{"@type":"ListItem","position":1,"name":"Home","item":"https:\/\/findhelp.ca\/"},{"@type":"ListItem","position":2,"name":"About Us","item":"https:\/\/findhelp.ca\/about-us\/"},{"@type":"ListItem","position":3,"name":"History"}]},{"@type":"WebSite","@id":"https:\/\/findhelp.ca\/#website","url":"https:\/\/findhelp.ca\/","name":"Services d\u2019information Findhelp","description":"People Connected. Communities Strengthened","publisher":{"@id":"https:\/\/findhelp.ca\/#organization"},"potentialAction":[{"@type":"SearchAction","target":{"@type":"EntryPoint","urlTemplate":"https:\/\/findhelp.ca\/?s={search_term_string}"},"query-input":{"@type":"PropertyValueSpecification","valueRequired":true,"valueName":"search_term_string"}}],"inLanguage":"fr-CA"},{"@type":"Organization","@id":"https:\/\/findhelp.ca\/#organization","name":"Services d\u2019information Findhelp","url":"https:\/\/findhelp.ca\/","logo":{"@type":"ImageObject","inLanguage":"fr-CA","@id":"https:\/\/findhelp.ca\/#\/schema\/logo\/image\/","url":"https:\/\/findhelp.ca\/wp-content\/uploads\/2026\/02\/findhelp-logo-1.png","contentUrl":"https:\/\/findhelp.ca\/wp-content\/uploads\/2026\/02\/findhelp-logo-1.png","width":1170,"height":936,"caption":"Findhelp Information Services"},"image":{"@id":"https:\/\/findhelp.ca\/#\/schema\/logo\/image\/"},"sameAs":["https:\/\/www.facebook.com\/Findhelp211","https:\/\/www.instagram.com\/findhelp211","https:\/\/www.linkedin.com\/company\/findhelp211"]}]}},"_links":{"self":[{"href":"https:\/\/findhelp.ca\/fr\/wp-json\/wp\/v2\/pages\/517","targetHints":{"allow":["GET"]}}],"collection":[{"href":"https:\/\/findhelp.ca\/fr\/wp-json\/wp\/v2\/pages"}],"about":[{"href":"https:\/\/findhelp.ca\/fr\/wp-json\/wp\/v2\/types\/page"}],"author":[{"embeddable":true,"href":"https:\/\/findhelp.ca\/fr\/wp-json\/wp\/v2\/users\/2"}],"replies":[{"embeddable":true,"href":"https:\/\/findhelp.ca\/fr\/wp-json\/wp\/v2\/comments?post=517"}],"version-history":[{"count":5,"href":"https:\/\/findhelp.ca\/fr\/wp-json\/wp\/v2\/pages\/517\/revisions"}],"predecessor-version":[{"id":1173,"href":"https:\/\/findhelp.ca\/fr\/wp-json\/wp\/v2\/pages\/517\/revisions\/1173"}],"up":[{"embeddable":true,"href":"https:\/\/findhelp.ca\/fr\/wp-json\/wp\/v2\/pages\/969"}],"wp:featuredmedia":[{"embeddable":true,"href":"https:\/\/findhelp.ca\/fr\/wp-json\/wp\/v2\/media\/3111"}],"wp:attachment":[{"href":"https:\/\/findhelp.ca\/fr\/wp-json\/wp\/v2\/media?parent=517"}],"curies":[{"name":"wp","href":"https:\/\/api.w.org\/{rel}","templated":true}]}}