{"id":566,"date":"2022-10-06T20:33:19","date_gmt":"2022-10-06T20:33:19","guid":{"rendered":"https:\/\/findhelp.ca\/?page_id=566"},"modified":"2025-09-09T11:39:55","modified_gmt":"2025-09-09T15:39:55","slug":"web-and-data","status":"publish","type":"page","link":"https:\/\/findhelp.ca\/fr\/programs-and-services\/web-and-data\/","title":{"rendered":"Donn\u00e9es et services web"},"content":{"rendered":"<div data-elementor-type=\"wp-page\" data-elementor-id=\"566\" class=\"elementor elementor-566\" data-elementor-post-type=\"page\">\n\t\t\t\t\t\t<section data-particle_enable=\"false\" data-particle-mobile-disabled=\"false\" class=\"elementor-section elementor-top-section elementor-element elementor-element-e282358 elementor-section-boxed elementor-section-height-default elementor-section-height-default\" data-id=\"e282358\" data-element_type=\"section\" data-e-type=\"section\">\n\t\t\t\t\t\t<div class=\"elementor-container elementor-column-gap-default\">\n\t\t\t\t\t<div class=\"elementor-column elementor-col-100 elementor-top-column elementor-element elementor-element-14cd5e5\" data-id=\"14cd5e5\" data-element_type=\"column\" data-e-type=\"column\">\n\t\t\t<div class=\"elementor-widget-wrap elementor-element-populated\">\n\t\t\t\t\t\t<div class=\"elementor-element elementor-element-605c752 elementor-widget elementor-widget-text-editor\" data-id=\"605c752\" data-element_type=\"widget\" data-e-type=\"widget\" data-widget_type=\"text-editor.default\">\n\t\t\t\t<div class=\"elementor-widget-container\">\n\t\t\t\t\t\t\t\t\t<h1 id=\"page-title\" class=\"title\">Donn\u00e9es et services web<\/h1><p class=\"translation-block\">Des donn\u00e9es exactes et organis\u00e9es avec soin sont essentielles \u00e0 la mise en relation des personnes avec les services dont elles ont besoin. Nous procurons aux citoyens et aux professionnels des informations depuis 1952, auparavant par le Blue Book, notre fameux r\u00e9pertoire des services communautaires, aujourd\u2019hui par une grande vari\u00e9t\u00e9 de portails en ligne. La base de donn\u00e9es constitue la ressource fondamentale des sp\u00e9cialistes en information et r\u00e9f\u00e9rence au 211, ainsi qu\u2019\u00e0 de nombreuses autres lignes d\u2019aide.<\/p><h3>DONN\u00c9ES<\/h3><p class=\"translation-block\">Le personnel de Findhelp recherche, classifie et met \u00e0 jour la majorit\u00e9 des renseignements r\u00e9f\u00e9renc\u00e9s sur  <a href=\"https:\/\/211central.ca\/fr\/recherche\/\" target=\"_blank\" rel=\"noopener\">211Central.ca<\/a>,  conform\u00e9ment aux normes nord-am\u00e9ricaines que Findhelp a contribu\u00e9 \u00e0 d\u00e9velopper au fil des ans.<\/p><p class=\"translation-block\">Nous traitons plus de 200 mises \u00e0 jour de dossiers chaque semaine, toutes les informations \u00e9tant v\u00e9rifi\u00e9es directement aupr\u00e8s de chaque agence chaque ann\u00e9e, et des ajustements continus \u00e9tant effectu\u00e9s tout au long de l'ann\u00e9e d\u00e8s que de nouvelles informations arrivent. De nouveaux services sont constamment ajout\u00e9s, apr\u00e8s une \u00e9valuation minutieuse selon la <a href=\"https:\/\/211central.ca\/fr\/condition-dutilisation\/#1\" target=\"_blank\" rel=\"noopener\">politique d'inclusion<\/a>. Par l\u2019entremise de consultations et de partenariats avec des intervenants francophones, nous d\u00e9veloppons en parall\u00e8le des donn\u00e9es en fran\u00e7ais afin que les Francophones puissent rechercher et consulter les renseignements sur les services offerts en fran\u00e7ais.<\/p><p>La rentabilit\u00e9 est une priorit\u00e9, tout comme la qualit\u00e9. Gr\u00e2ce \u00e0 un accord unique d\u2019\u00e9change de donn\u00e9es, de nombreux dossiers relatifs \u00e0 la sant\u00e9 nous sont fournis par les\u00a0<a href=\"http:\/\/healthcareathome.ca\/\" target=\"_blank\" rel=\"noopener\">centres d\u2019acc\u00e8s aux soins communautaires locaux,<\/a>&#x2800;qui en retour, comptent sur Findhelp pour les donn\u00e9es non li\u00e9es \u00e0 la sant\u00e9 qui apparaissent sur leurs sites. De m\u00eame, les 900 dossiers de garderies disponibles sur notre site sont import\u00e9s r\u00e9guli\u00e8rement et adapt\u00e9s du catalogue de donn\u00e9es ouvertes de la Ville de Toronto.<\/p><p class=\"translation-block\">La collection de Toronto fait partie d\u2019une base provinciale beaucoup plus large, g\u00e9r\u00e9e par Findhelp, dont les donn\u00e9es sont fournies par des douzaines d\u2019organismes partenaires \u00e0 travers l\u2019Ontario. Ces donn\u00e9es sont pr\u00e9sent\u00e9es principalement sur <a href=\"https:\/\/211ontario.ca\/recherche\/\" target=\"_blank\" rel=\"noopener\">211Ontario.ca<\/a>, mais alimentent \u00e9galement d\u2019autres sites comme  <a href=\"https:\/\/feat.findhelp.ca\/fr\/\" target=\"_blank\" rel=\"noopener\">Emploi Ontario Trouvez des services<\/a> (minist\u00e8re de la Formation et des Coll\u00e8ges et Universit\u00e9s), <a href=\"https:\/\/victimsupportdirectory.ca\/fr\/\" target=\"_blank\" rel=\"noopener\">le r\u00e9pertoire de services aux victimes de l\u2019Ontario<\/a> (minist\u00e8re du Procureur g\u00e9n\u00e9ral de l\u2019Ontario) et Etablissement (g\u00e9r\u00e9 par OCASI, Ontario Council of Agencies Serving Immigrants).<\/p><p>Les outils de recherche comprennent la Taxonomie canadienne des services humains (bas\u00e9e sur la <a href=\"https:\/\/211hsis.org\/\"><b><a href=\"https:\/\/211hsis.org\/resources\">Syst\u00e8me d'indexation des services humains 211 (211HSIS), anciennement connu sous le nom de taxonomie 211LA)<\/a><\/b>.<\/a> Findhelp est command\u00e9 par\u00a0<a href=\"http:\/\/informcanada.ca\/\" target=\"_blank\" rel=\"noopener\"><a href=\"http:\/\/www.informcanada.ca\/fr\/\">InformCanada<\/a><\/a>\u00a0a mandat\u00e9 Findhelp pour g\u00e9rer la version canadienne-fran\u00e7aise et offrir quotidiennement son expertise pour le d\u00e9veloppement de la version canadienne-anglaise.<\/p><p>En tant que chef de file de longue date dans le d\u00e9veloppement de normes sur les donn\u00e9es, d\u2019outils et de ressources, Findhelp travaille avec les Services 211 Ontario pour am\u00e9liorer continuellement la qualit\u00e9, la coh\u00e9rence et l\u2019accessibilit\u00e9 des donn\u00e9es.<\/p><h2>Web<\/h2><p>Findhelp d\u00e9veloppe et g\u00e8re des sites web fond\u00e9s sur des donn\u00e9es complexes, y compris\u00a0<a href=\"https:\/\/feat.findhelp.ca\/\" target=\"_blank\" rel=\"noopener\"><a href=\"https:\/\/feat.findhelp.ca\/fr\/\" target=\"_blank\" rel=\"noopener\">Trouver des services d\u2019emploi et de formation<\/a>.<\/a>\u00a0(FEATS),\u00a0<a href=\"http:\/\/www.soutienauxvictimes.ca\/\" target=\"_blank\" rel=\"noopener\"><a href=\"https:\/\/victimsupportdirectory.ca\/fr\/\"> le r\u00e9pertoire de services aux victimes de l\u2019Ontario<\/a><\/a>,\u00a0<a href=\"https:\/\/211ontario.ca\/recherche\/\" target=\"_blank\" rel=\"noopener\">et 211Ontario.ca<\/a>\u00a0en\u00a0<a href=\"https:\/\/211central.ca\/fr\/recherche\/\" target=\"_blank\" rel=\"noopener\">211Central.ca<\/a>, utilisent une interface de programmation d'application (API) de donn\u00e9es sur mesure et de Drupal comme syst\u00e8me de gestion de contenu (CMA). L'API donne \u00e9galement acc\u00e8s \u00e0 la base de donn\u00e9es pour les recherches sur\u00a0<a href=\"https:\/\/etablissement.org\/\" target=\"_blank\" rel=\"noopener\">Etablissement.org<\/a>et est disponible aux autres organismes sans but lucratif qui souhaitent acc\u00e9der \u00e0 la richesse de nos donn\u00e9es pour leur propre usage. Tous nos sites sont h\u00e9berg\u00e9s en interne, \u00e0 Findhelp. Si vous souhaitez acc\u00e9der \u00e0 notre API ou collaborer avec Findhelp pour d\u00e9velopper votre site web bas\u00e9 sur la base de donn\u00e9es, veuillez envoyer un courriel \u00e0\u00a0<a href=\"\/fr\/dmeilleur@findhelp.ca.\/\">data@findhelp.ca<\/a>.<\/p>\t\t\t\t\t\t\t\t<\/div>\n\t\t\t\t<\/div>\n\t\t\t\t\t<\/div>\n\t\t<\/div>\n\t\t\t\t\t<\/div>\n\t\t<\/section>\n\t\t\t\t<\/div>","protected":false},"excerpt":{"rendered":"<p>Data and Web Services Accurate and expertly organized data is crucial to connecting people with the services they need. We have been making information available to citizens and professionals since 1952, once through our popular\u00a0Blue Book Directory of Community Services, and now through a wide variety of online portals. The database is the core resource&hellip;&nbsp;<a href=\"https:\/\/findhelp.ca\/fr\/programs-and-services\/web-and-data\/\" rel=\"bookmark\">Lire la suite &raquo;<span class=\"screen-reader-text\">Donn\u00e9es et services web<\/span><\/a><\/p>","protected":false},"author":2,"featured_media":3111,"parent":599,"menu_order":0,"comment_status":"closed","ping_status":"closed","template":"page-templates\/template-pagebuilder-full-width.php","meta":{"neve_meta_sidebar":"","neve_meta_container":"","neve_meta_enable_content_width":"","neve_meta_content_width":0,"neve_meta_title_alignment":"","neve_meta_author_avatar":"","neve_post_elements_order":"","neve_meta_disable_header":"","neve_meta_disable_footer":"","neve_meta_disable_title":"","footnotes":""},"class_list":["post-566","page","type-page","status-publish","has-post-thumbnail","hentry"],"yoast_head":"<!-- This site is optimized with the Yoast SEO plugin v27.1.1 - https:\/\/yoast.com\/product\/yoast-seo-wordpress\/ -->\n<title>Web and Data - Findhelp Information Services<\/title>\n<meta name=\"robots\" content=\"index, follow, max-snippet:-1, max-image-preview:large, max-video-preview:-1\" \/>\n<link rel=\"canonical\" href=\"https:\/\/findhelp.ca\/fr\/programs-and-services\/web-and-data\/\" \/>\n<meta property=\"og:locale\" content=\"fr_CA\" \/>\n<meta property=\"og:type\" content=\"article\" \/>\n<meta property=\"og:title\" content=\"Web and Data - Findhelp Information Services\" \/>\n<meta property=\"og:description\" content=\"Data and Web Services Accurate and expertly organized data is crucial to connecting people with the services they need. We have been making information available to citizens and professionals since 1952, once through our popular\u00a0Blue Book Directory of Community Services, and now through a wide variety of online portals. The database is the core resource&hellip;&nbsp;Lire la suite &raquo;Web and Data\" \/>\n<meta property=\"og:url\" content=\"https:\/\/findhelp.ca\/fr\/programs-and-services\/web-and-data\/\" \/>\n<meta property=\"og:site_name\" content=\"Findhelp Information Services\" \/>\n<meta property=\"article:publisher\" content=\"https:\/\/www.facebook.com\/Findhelp211\" \/>\n<meta property=\"article:modified_time\" content=\"2025-09-09T15:39:55+00:00\" \/>\n<meta name=\"twitter:card\" content=\"summary_large_image\" \/>\n<meta name=\"twitter:label1\" content=\"Estimation du temps de lecture\" \/>\n\t<meta name=\"twitter:data1\" content=\"3 minutes\" \/>\n<script type=\"application\/ld+json\" class=\"yoast-schema-graph\">{\"@context\":\"https:\/\/schema.org\",\"@graph\":[{\"@type\":\"WebPage\",\"@id\":\"https:\/\/findhelp.ca\/programs-and-services\/web-and-data\/\",\"url\":\"https:\/\/findhelp.ca\/programs-and-services\/web-and-data\/\",\"name\":\"Web and Data - Findhelp Information Services\",\"isPartOf\":{\"@id\":\"https:\/\/findhelp.ca\/#website\"},\"primaryImageOfPage\":{\"@id\":\"https:\/\/findhelp.ca\/programs-and-services\/web-and-data\/#primaryimage\"},\"image\":{\"@id\":\"https:\/\/findhelp.ca\/programs-and-services\/web-and-data\/#primaryimage\"},\"thumbnailUrl\":\"https:\/\/findhelp.ca\/wp-content\/uploads\/2026\/02\/cropped-Untitled-design-1-1.png\",\"datePublished\":\"2022-10-06T20:33:19+00:00\",\"dateModified\":\"2025-09-09T15:39:55+00:00\",\"breadcrumb\":{\"@id\":\"https:\/\/findhelp.ca\/programs-and-services\/web-and-data\/#breadcrumb\"},\"inLanguage\":\"fr-CA\",\"potentialAction\":[{\"@type\":\"ReadAction\",\"target\":[\"https:\/\/findhelp.ca\/programs-and-services\/web-and-data\/\"]}]},{\"@type\":\"ImageObject\",\"inLanguage\":\"fr-CA\",\"@id\":\"https:\/\/findhelp.ca\/programs-and-services\/web-and-data\/#primaryimage\",\"url\":\"https:\/\/findhelp.ca\/wp-content\/uploads\/2026\/02\/cropped-Untitled-design-1-1.png\",\"contentUrl\":\"https:\/\/findhelp.ca\/wp-content\/uploads\/2026\/02\/cropped-Untitled-design-1-1.png\",\"width\":512,\"height\":512},{\"@type\":\"BreadcrumbList\",\"@id\":\"https:\/\/findhelp.ca\/programs-and-services\/web-and-data\/#breadcrumb\",\"itemListElement\":[{\"@type\":\"ListItem\",\"position\":1,\"name\":\"Home\",\"item\":\"https:\/\/findhelp.ca\/\"},{\"@type\":\"ListItem\",\"position\":2,\"name\":\"Programs and Services\",\"item\":\"https:\/\/www.findhelp.ca\/programs-and-services\/\"},{\"@type\":\"ListItem\",\"position\":3,\"name\":\"Web and Data\"}]},{\"@type\":\"WebSite\",\"@id\":\"https:\/\/findhelp.ca\/#website\",\"url\":\"https:\/\/findhelp.ca\/\",\"name\":\"Findhelp Information Services\",\"description\":\"People Connected. Communities Strengthened\",\"publisher\":{\"@id\":\"https:\/\/findhelp.ca\/#organization\"},\"potentialAction\":[{\"@type\":\"SearchAction\",\"target\":{\"@type\":\"EntryPoint\",\"urlTemplate\":\"https:\/\/findhelp.ca\/?s={search_term_string}\"},\"query-input\":{\"@type\":\"PropertyValueSpecification\",\"valueRequired\":true,\"valueName\":\"search_term_string\"}}],\"inLanguage\":\"fr-CA\"},{\"@type\":\"Organization\",\"@id\":\"https:\/\/findhelp.ca\/#organization\",\"name\":\"Findhelp Information Services\",\"url\":\"https:\/\/findhelp.ca\/\",\"logo\":{\"@type\":\"ImageObject\",\"inLanguage\":\"fr-CA\",\"@id\":\"https:\/\/findhelp.ca\/#\/schema\/logo\/image\/\",\"url\":\"https:\/\/findhelp.ca\/wp-content\/uploads\/2026\/02\/findhelp-logo-1.png\",\"contentUrl\":\"https:\/\/findhelp.ca\/wp-content\/uploads\/2026\/02\/findhelp-logo-1.png\",\"width\":1170,\"height\":936,\"caption\":\"Findhelp Information Services\"},\"image\":{\"@id\":\"https:\/\/findhelp.ca\/#\/schema\/logo\/image\/\"},\"sameAs\":[\"https:\/\/www.facebook.com\/Findhelp211\",\"https:\/\/www.instagram.com\/findhelp211\",\"https:\/\/www.linkedin.com\/company\/findhelp211\"]}]}<\/script>\n<!-- \/ Yoast SEO plugin. -->","yoast_head_json":{"title":"Web and Data - Findhelp Information Services","robots":{"index":"index","follow":"follow","max-snippet":"max-snippet:-1","max-image-preview":"max-image-preview:large","max-video-preview":"max-video-preview:-1"},"canonical":"https:\/\/findhelp.ca\/fr\/programs-and-services\/web-and-data\/","og_locale":"fr_CA","og_type":"article","og_title":"Web and Data - Findhelp Information Services","og_description":"Data and Web Services Accurate and expertly organized data is crucial to connecting people with the services they need. We have been making information available to citizens and professionals since 1952, once through our popular\u00a0Blue Book Directory of Community Services, and now through a wide variety of online portals. The database is the core resource&hellip;&nbsp;Lire la suite &raquo;Web and Data","og_url":"https:\/\/findhelp.ca\/fr\/programs-and-services\/web-and-data\/","og_site_name":"Findhelp Information Services","article_publisher":"https:\/\/www.facebook.com\/Findhelp211","article_modified_time":"2025-09-09T15:39:55+00:00","twitter_card":"summary_large_image","twitter_misc":{"Estimation du temps de lecture":"3 minutes"},"schema":{"@context":"https:\/\/schema.org","@graph":[{"@type":"WebPage","@id":"https:\/\/findhelp.ca\/programs-and-services\/web-and-data\/","url":"https:\/\/findhelp.ca\/programs-and-services\/web-and-data\/","name":"Web and Data - Findhelp Information Services","isPartOf":{"@id":"https:\/\/findhelp.ca\/#website"},"primaryImageOfPage":{"@id":"https:\/\/findhelp.ca\/programs-and-services\/web-and-data\/#primaryimage"},"image":{"@id":"https:\/\/findhelp.ca\/programs-and-services\/web-and-data\/#primaryimage"},"thumbnailUrl":"https:\/\/findhelp.ca\/wp-content\/uploads\/2026\/02\/cropped-Untitled-design-1-1.png","datePublished":"2022-10-06T20:33:19+00:00","dateModified":"2025-09-09T15:39:55+00:00","breadcrumb":{"@id":"https:\/\/findhelp.ca\/programs-and-services\/web-and-data\/#breadcrumb"},"inLanguage":"fr-CA","potentialAction":[{"@type":"ReadAction","target":["https:\/\/findhelp.ca\/programs-and-services\/web-and-data\/"]}]},{"@type":"ImageObject","inLanguage":"fr-CA","@id":"https:\/\/findhelp.ca\/programs-and-services\/web-and-data\/#primaryimage","url":"https:\/\/findhelp.ca\/wp-content\/uploads\/2026\/02\/cropped-Untitled-design-1-1.png","contentUrl":"https:\/\/findhelp.ca\/wp-content\/uploads\/2026\/02\/cropped-Untitled-design-1-1.png","width":512,"height":512},{"@type":"BreadcrumbList","@id":"https:\/\/findhelp.ca\/programs-and-services\/web-and-data\/#breadcrumb","itemListElement":[{"@type":"ListItem","position":1,"name":"Home","item":"https:\/\/findhelp.ca\/"},{"@type":"ListItem","position":2,"name":"Programs and Services","item":"https:\/\/www.findhelp.ca\/programs-and-services\/"},{"@type":"ListItem","position":3,"name":"Web and Data"}]},{"@type":"WebSite","@id":"https:\/\/findhelp.ca\/#website","url":"https:\/\/findhelp.ca\/","name":"Services d\u2019information Findhelp","description":"People Connected. Communities Strengthened","publisher":{"@id":"https:\/\/findhelp.ca\/#organization"},"potentialAction":[{"@type":"SearchAction","target":{"@type":"EntryPoint","urlTemplate":"https:\/\/findhelp.ca\/?s={search_term_string}"},"query-input":{"@type":"PropertyValueSpecification","valueRequired":true,"valueName":"search_term_string"}}],"inLanguage":"fr-CA"},{"@type":"Organization","@id":"https:\/\/findhelp.ca\/#organization","name":"Services d\u2019information Findhelp","url":"https:\/\/findhelp.ca\/","logo":{"@type":"ImageObject","inLanguage":"fr-CA","@id":"https:\/\/findhelp.ca\/#\/schema\/logo\/image\/","url":"https:\/\/findhelp.ca\/wp-content\/uploads\/2026\/02\/findhelp-logo-1.png","contentUrl":"https:\/\/findhelp.ca\/wp-content\/uploads\/2026\/02\/findhelp-logo-1.png","width":1170,"height":936,"caption":"Findhelp Information Services"},"image":{"@id":"https:\/\/findhelp.ca\/#\/schema\/logo\/image\/"},"sameAs":["https:\/\/www.facebook.com\/Findhelp211","https:\/\/www.instagram.com\/findhelp211","https:\/\/www.linkedin.com\/company\/findhelp211"]}]}},"_links":{"self":[{"href":"https:\/\/findhelp.ca\/fr\/wp-json\/wp\/v2\/pages\/566","targetHints":{"allow":["GET"]}}],"collection":[{"href":"https:\/\/findhelp.ca\/fr\/wp-json\/wp\/v2\/pages"}],"about":[{"href":"https:\/\/findhelp.ca\/fr\/wp-json\/wp\/v2\/types\/page"}],"author":[{"embeddable":true,"href":"https:\/\/findhelp.ca\/fr\/wp-json\/wp\/v2\/users\/2"}],"replies":[{"embeddable":true,"href":"https:\/\/findhelp.ca\/fr\/wp-json\/wp\/v2\/comments?post=566"}],"version-history":[{"count":5,"href":"https:\/\/findhelp.ca\/fr\/wp-json\/wp\/v2\/pages\/566\/revisions"}],"predecessor-version":[{"id":2982,"href":"https:\/\/findhelp.ca\/fr\/wp-json\/wp\/v2\/pages\/566\/revisions\/2982"}],"up":[{"embeddable":true,"href":"https:\/\/findhelp.ca\/fr\/wp-json\/wp\/v2\/pages\/599"}],"wp:featuredmedia":[{"embeddable":true,"href":"https:\/\/findhelp.ca\/fr\/wp-json\/wp\/v2\/media\/3111"}],"wp:attachment":[{"href":"https:\/\/findhelp.ca\/fr\/wp-json\/wp\/v2\/media?parent=566"}],"curies":[{"name":"wp","href":"https:\/\/api.w.org\/{rel}","templated":true}]}}