{"id":590,"date":"2022-10-06T20:53:58","date_gmt":"2022-10-06T20:53:58","guid":{"rendered":"https:\/\/findhelp.ca\/?page_id=590"},"modified":"2024-01-03T14:39:08","modified_gmt":"2024-01-03T14:39:08","slug":"community-connections","status":"publish","type":"page","link":"https:\/\/findhelp.ca\/fr\/programs-and-services\/community-connections\/","title":{"rendered":"Connexions communautaires"},"content":{"rendered":"<div data-elementor-type=\"wp-page\" data-elementor-id=\"590\" class=\"elementor elementor-590\" data-elementor-post-type=\"page\">\n\t\t\t\t\t\t<section data-particle_enable=\"false\" data-particle-mobile-disabled=\"false\" class=\"elementor-section elementor-top-section elementor-element elementor-element-760fe42 elementor-section-boxed elementor-section-height-default elementor-section-height-default\" data-id=\"760fe42\" data-element_type=\"section\" data-e-type=\"section\">\n\t\t\t\t\t\t<div class=\"elementor-container elementor-column-gap-default\">\n\t\t\t\t\t<div class=\"elementor-column elementor-col-100 elementor-top-column elementor-element elementor-element-309827d\" data-id=\"309827d\" data-element_type=\"column\" data-e-type=\"column\">\n\t\t\t<div class=\"elementor-widget-wrap elementor-element-populated\">\n\t\t\t\t\t\t<div class=\"elementor-element elementor-element-3dc4060 elementor-widget elementor-widget-text-editor\" data-id=\"3dc4060\" data-element_type=\"widget\" data-e-type=\"widget\" data-widget_type=\"text-editor.default\">\n\t\t\t\t<div class=\"elementor-widget-container\">\n\t\t\t\t\t\t\t\t\t<h1>Connexions communautaires<\/h1><h3>Nos services d\u2019approche\u00a0<em>gratuits<\/em>\u00a0vous offrent des renseignements sur les services communautaires en g\u00e9n\u00e9ral.<\/h3><p>Par nos activit\u00e9s d\u2019approche, nous pouvons \u00e9tablir des liens avec les personnes, dans leur communaut\u00e9, y compris parmi les groupes d\u2019a\u00een\u00e9s, de nouveaux arrivants ou de b\u00e9n\u00e9voles. Nous avons offert nos services d\u2019extension \u00e0 des organismes vari\u00e9s, comme Settlement Assistance and Family Support Services, Timothy Eaton Food Bank et Bernard Betel Centre pour n\u2019en nommer que certains.<\/p><p>Nous serions ravis de faire une pr\u00e9sentation de nos programmes et services \u00e0 votre organisme. Veuillez nous contacter \u00e0 <a href=\"mailto:211outreach@findhelp.ca\">211outreach@findhelp.ca<\/a>.<\/p><p>Nous produisons \u00e9galement une grande vari\u00e9t\u00e9 d\u2019affiches, de d\u00e9pliants, brochures et autres documents pour les organismes communautaires et sociaux. Si vous souhaitez commander des documents,\u00a0<em>gratuits<\/em>\u00a0veuillez nous appeler au 416-392-4605 ou envoyer un courriel \u00e0\u00a0<a href=\"mailto:info@findhelp.ca\">info@findhelp.ca<\/a>.<\/p>\t\t\t\t\t\t\t\t<\/div>\n\t\t\t\t<\/div>\n\t\t\t\t\t<\/div>\n\t\t<\/div>\n\t\t\t\t\t<\/div>\n\t\t<\/section>\n\t\t\t\t<\/div>","protected":false},"excerpt":{"rendered":"<p>Community Connections Our\u00a0free\u00a0outreach provides you with information about general community services. Through our outreach activities we are able to connect with people in their community including senior, ESL, LINC and volunteer groups. We have provided outreach to a variety of agencies such as Settlement Assistance and Family Support Services, Timothy Eaton Food Bank and Bernard&hellip;&nbsp;<a href=\"https:\/\/findhelp.ca\/fr\/programs-and-services\/community-connections\/\" rel=\"bookmark\">Lire la suite &raquo;<span class=\"screen-reader-text\">Connexions communautaires<\/span><\/a><\/p>","protected":false},"author":2,"featured_media":3111,"parent":599,"menu_order":0,"comment_status":"closed","ping_status":"closed","template":"page-templates\/template-pagebuilder-full-width.php","meta":{"neve_meta_sidebar":"","neve_meta_container":"","neve_meta_enable_content_width":"","neve_meta_content_width":0,"neve_meta_title_alignment":"","neve_meta_author_avatar":"","neve_post_elements_order":"","neve_meta_disable_header":"","neve_meta_disable_footer":"","neve_meta_disable_title":"","footnotes":""},"class_list":["post-590","page","type-page","status-publish","has-post-thumbnail","hentry"],"yoast_head":"<!-- This site is optimized with the Yoast SEO plugin v27.1.1 - https:\/\/yoast.com\/product\/yoast-seo-wordpress\/ -->\n<title>Community Connections - Findhelp Information Services<\/title>\n<meta name=\"robots\" content=\"index, follow, max-snippet:-1, max-image-preview:large, max-video-preview:-1\" \/>\n<link rel=\"canonical\" href=\"https:\/\/www.findhelp.ca\/programs-and-services\/community-connections\/\" \/>\n<meta property=\"og:locale\" content=\"fr_CA\" \/>\n<meta property=\"og:type\" content=\"article\" \/>\n<meta property=\"og:title\" content=\"Community Connections - Findhelp Information Services\" \/>\n<meta property=\"og:description\" content=\"Community Connections Our\u00a0free\u00a0outreach provides you with information about general community services. Through our outreach activities we are able to connect with people in their community including senior, ESL, LINC and volunteer groups. We have provided outreach to a variety of agencies such as Settlement Assistance and Family Support Services, Timothy Eaton Food Bank and Bernard&hellip;&nbsp;Lire la suite &raquo;Community Connections\" \/>\n<meta property=\"og:url\" content=\"https:\/\/www.findhelp.ca\/programs-and-services\/community-connections\/\" \/>\n<meta property=\"og:site_name\" content=\"Findhelp Information Services\" \/>\n<meta property=\"article:publisher\" content=\"https:\/\/www.facebook.com\/Findhelp211\" \/>\n<meta property=\"article:modified_time\" content=\"2024-01-03T14:39:08+00:00\" \/>\n<meta name=\"twitter:card\" content=\"summary_large_image\" \/>\n<meta name=\"twitter:label1\" content=\"Estimation du temps de lecture\" \/>\n\t<meta name=\"twitter:data1\" content=\"1 minute\" \/>\n<script type=\"application\/ld+json\" class=\"yoast-schema-graph\">{\"@context\":\"https:\/\/schema.org\",\"@graph\":[{\"@type\":\"WebPage\",\"@id\":\"https:\/\/www.findhelp.ca\/programs-and-services\/community-connections\/\",\"url\":\"https:\/\/www.findhelp.ca\/programs-and-services\/community-connections\/\",\"name\":\"Community Connections - Findhelp Information Services\",\"isPartOf\":{\"@id\":\"https:\/\/findhelp.ca\/#website\"},\"primaryImageOfPage\":{\"@id\":\"https:\/\/www.findhelp.ca\/programs-and-services\/community-connections\/#primaryimage\"},\"image\":{\"@id\":\"https:\/\/www.findhelp.ca\/programs-and-services\/community-connections\/#primaryimage\"},\"thumbnailUrl\":\"https:\/\/findhelp.ca\/wp-content\/uploads\/2026\/02\/cropped-Untitled-design-1-1.png\",\"datePublished\":\"2022-10-06T20:53:58+00:00\",\"dateModified\":\"2024-01-03T14:39:08+00:00\",\"breadcrumb\":{\"@id\":\"https:\/\/www.findhelp.ca\/programs-and-services\/community-connections\/#breadcrumb\"},\"inLanguage\":\"fr-CA\",\"potentialAction\":[{\"@type\":\"ReadAction\",\"target\":[\"https:\/\/www.findhelp.ca\/programs-and-services\/community-connections\/\"]}]},{\"@type\":\"ImageObject\",\"inLanguage\":\"fr-CA\",\"@id\":\"https:\/\/www.findhelp.ca\/programs-and-services\/community-connections\/#primaryimage\",\"url\":\"https:\/\/findhelp.ca\/wp-content\/uploads\/2026\/02\/cropped-Untitled-design-1-1.png\",\"contentUrl\":\"https:\/\/findhelp.ca\/wp-content\/uploads\/2026\/02\/cropped-Untitled-design-1-1.png\",\"width\":512,\"height\":512},{\"@type\":\"BreadcrumbList\",\"@id\":\"https:\/\/www.findhelp.ca\/programs-and-services\/community-connections\/#breadcrumb\",\"itemListElement\":[{\"@type\":\"ListItem\",\"position\":1,\"name\":\"Home\",\"item\":\"https:\/\/findhelp.ca\/\"},{\"@type\":\"ListItem\",\"position\":2,\"name\":\"Programs and Services\",\"item\":\"https:\/\/www.findhelp.ca\/programs-and-services\/\"},{\"@type\":\"ListItem\",\"position\":3,\"name\":\"Community Connections\"}]},{\"@type\":\"WebSite\",\"@id\":\"https:\/\/findhelp.ca\/#website\",\"url\":\"https:\/\/findhelp.ca\/\",\"name\":\"Findhelp Information Services\",\"description\":\"People Connected. Communities Strengthened\",\"publisher\":{\"@id\":\"https:\/\/findhelp.ca\/#organization\"},\"potentialAction\":[{\"@type\":\"SearchAction\",\"target\":{\"@type\":\"EntryPoint\",\"urlTemplate\":\"https:\/\/findhelp.ca\/?s={search_term_string}\"},\"query-input\":{\"@type\":\"PropertyValueSpecification\",\"valueRequired\":true,\"valueName\":\"search_term_string\"}}],\"inLanguage\":\"fr-CA\"},{\"@type\":\"Organization\",\"@id\":\"https:\/\/findhelp.ca\/#organization\",\"name\":\"Findhelp Information Services\",\"url\":\"https:\/\/findhelp.ca\/\",\"logo\":{\"@type\":\"ImageObject\",\"inLanguage\":\"fr-CA\",\"@id\":\"https:\/\/findhelp.ca\/#\/schema\/logo\/image\/\",\"url\":\"https:\/\/findhelp.ca\/wp-content\/uploads\/2026\/02\/findhelp-logo-1.png\",\"contentUrl\":\"https:\/\/findhelp.ca\/wp-content\/uploads\/2026\/02\/findhelp-logo-1.png\",\"width\":1170,\"height\":936,\"caption\":\"Findhelp Information Services\"},\"image\":{\"@id\":\"https:\/\/findhelp.ca\/#\/schema\/logo\/image\/\"},\"sameAs\":[\"https:\/\/www.facebook.com\/Findhelp211\",\"https:\/\/www.instagram.com\/findhelp211\",\"https:\/\/www.linkedin.com\/company\/findhelp211\"]}]}<\/script>\n<!-- \/ Yoast SEO plugin. -->","yoast_head_json":{"title":"Community Connections - Findhelp Information Services","robots":{"index":"index","follow":"follow","max-snippet":"max-snippet:-1","max-image-preview":"max-image-preview:large","max-video-preview":"max-video-preview:-1"},"canonical":"https:\/\/www.findhelp.ca\/programs-and-services\/community-connections\/","og_locale":"fr_CA","og_type":"article","og_title":"Community Connections - Findhelp Information Services","og_description":"Community Connections Our\u00a0free\u00a0outreach provides you with information about general community services. Through our outreach activities we are able to connect with people in their community including senior, ESL, LINC and volunteer groups. We have provided outreach to a variety of agencies such as Settlement Assistance and Family Support Services, Timothy Eaton Food Bank and Bernard&hellip;&nbsp;Lire la suite &raquo;Community Connections","og_url":"https:\/\/www.findhelp.ca\/programs-and-services\/community-connections\/","og_site_name":"Findhelp Information Services","article_publisher":"https:\/\/www.facebook.com\/Findhelp211","article_modified_time":"2024-01-03T14:39:08+00:00","twitter_card":"summary_large_image","twitter_misc":{"Estimation du temps de lecture":"1 minute"},"schema":{"@context":"https:\/\/schema.org","@graph":[{"@type":"WebPage","@id":"https:\/\/www.findhelp.ca\/programs-and-services\/community-connections\/","url":"https:\/\/www.findhelp.ca\/programs-and-services\/community-connections\/","name":"Community Connections - Findhelp Information Services","isPartOf":{"@id":"https:\/\/findhelp.ca\/#website"},"primaryImageOfPage":{"@id":"https:\/\/www.findhelp.ca\/programs-and-services\/community-connections\/#primaryimage"},"image":{"@id":"https:\/\/www.findhelp.ca\/programs-and-services\/community-connections\/#primaryimage"},"thumbnailUrl":"https:\/\/findhelp.ca\/wp-content\/uploads\/2026\/02\/cropped-Untitled-design-1-1.png","datePublished":"2022-10-06T20:53:58+00:00","dateModified":"2024-01-03T14:39:08+00:00","breadcrumb":{"@id":"https:\/\/www.findhelp.ca\/programs-and-services\/community-connections\/#breadcrumb"},"inLanguage":"fr-CA","potentialAction":[{"@type":"ReadAction","target":["https:\/\/www.findhelp.ca\/programs-and-services\/community-connections\/"]}]},{"@type":"ImageObject","inLanguage":"fr-CA","@id":"https:\/\/www.findhelp.ca\/programs-and-services\/community-connections\/#primaryimage","url":"https:\/\/findhelp.ca\/wp-content\/uploads\/2026\/02\/cropped-Untitled-design-1-1.png","contentUrl":"https:\/\/findhelp.ca\/wp-content\/uploads\/2026\/02\/cropped-Untitled-design-1-1.png","width":512,"height":512},{"@type":"BreadcrumbList","@id":"https:\/\/www.findhelp.ca\/programs-and-services\/community-connections\/#breadcrumb","itemListElement":[{"@type":"ListItem","position":1,"name":"Home","item":"https:\/\/findhelp.ca\/"},{"@type":"ListItem","position":2,"name":"Programs and Services","item":"https:\/\/www.findhelp.ca\/programs-and-services\/"},{"@type":"ListItem","position":3,"name":"Community Connections"}]},{"@type":"WebSite","@id":"https:\/\/findhelp.ca\/#website","url":"https:\/\/findhelp.ca\/","name":"Services d\u2019information Findhelp","description":"People Connected. Communities Strengthened","publisher":{"@id":"https:\/\/findhelp.ca\/#organization"},"potentialAction":[{"@type":"SearchAction","target":{"@type":"EntryPoint","urlTemplate":"https:\/\/findhelp.ca\/?s={search_term_string}"},"query-input":{"@type":"PropertyValueSpecification","valueRequired":true,"valueName":"search_term_string"}}],"inLanguage":"fr-CA"},{"@type":"Organization","@id":"https:\/\/findhelp.ca\/#organization","name":"Services d\u2019information Findhelp","url":"https:\/\/findhelp.ca\/","logo":{"@type":"ImageObject","inLanguage":"fr-CA","@id":"https:\/\/findhelp.ca\/#\/schema\/logo\/image\/","url":"https:\/\/findhelp.ca\/wp-content\/uploads\/2026\/02\/findhelp-logo-1.png","contentUrl":"https:\/\/findhelp.ca\/wp-content\/uploads\/2026\/02\/findhelp-logo-1.png","width":1170,"height":936,"caption":"Findhelp Information Services"},"image":{"@id":"https:\/\/findhelp.ca\/#\/schema\/logo\/image\/"},"sameAs":["https:\/\/www.facebook.com\/Findhelp211","https:\/\/www.instagram.com\/findhelp211","https:\/\/www.linkedin.com\/company\/findhelp211"]}]}},"_links":{"self":[{"href":"https:\/\/findhelp.ca\/fr\/wp-json\/wp\/v2\/pages\/590","targetHints":{"allow":["GET"]}}],"collection":[{"href":"https:\/\/findhelp.ca\/fr\/wp-json\/wp\/v2\/pages"}],"about":[{"href":"https:\/\/findhelp.ca\/fr\/wp-json\/wp\/v2\/types\/page"}],"author":[{"embeddable":true,"href":"https:\/\/findhelp.ca\/fr\/wp-json\/wp\/v2\/users\/2"}],"replies":[{"embeddable":true,"href":"https:\/\/findhelp.ca\/fr\/wp-json\/wp\/v2\/comments?post=590"}],"version-history":[{"count":5,"href":"https:\/\/findhelp.ca\/fr\/wp-json\/wp\/v2\/pages\/590\/revisions"}],"predecessor-version":[{"id":1936,"href":"https:\/\/findhelp.ca\/fr\/wp-json\/wp\/v2\/pages\/590\/revisions\/1936"}],"up":[{"embeddable":true,"href":"https:\/\/findhelp.ca\/fr\/wp-json\/wp\/v2\/pages\/599"}],"wp:featuredmedia":[{"embeddable":true,"href":"https:\/\/findhelp.ca\/fr\/wp-json\/wp\/v2\/media\/3111"}],"wp:attachment":[{"href":"https:\/\/findhelp.ca\/fr\/wp-json\/wp\/v2\/media?parent=590"}],"curies":[{"name":"wp","href":"https:\/\/api.w.org\/{rel}","templated":true}]}}