{"id":648,"date":"2022-10-07T13:43:49","date_gmt":"2022-10-07T13:43:49","guid":{"rendered":"https:\/\/findhelp.ca\/?page_id=648"},"modified":"2023-03-02T17:35:15","modified_gmt":"2023-03-02T17:35:15","slug":"privacy","status":"publish","type":"page","link":"https:\/\/findhelp.ca\/fr\/privacy\/","title":{"rendered":"D\u00e9claration de confidentialit\u00e9 du site web"},"content":{"rendered":"<div data-elementor-type=\"wp-page\" data-elementor-id=\"648\" class=\"elementor elementor-648\" data-elementor-post-type=\"page\">\n\t\t\t\t\t\t<section data-particle_enable=\"false\" data-particle-mobile-disabled=\"false\" class=\"elementor-section elementor-top-section elementor-element elementor-element-4a1e2939 elementor-section-boxed elementor-section-height-default elementor-section-height-default\" data-id=\"4a1e2939\" data-element_type=\"section\" data-e-type=\"section\">\n\t\t\t\t\t\t<div class=\"elementor-container elementor-column-gap-default\">\n\t\t\t\t\t<div class=\"elementor-column elementor-col-100 elementor-top-column elementor-element elementor-element-23f0988d\" data-id=\"23f0988d\" data-element_type=\"column\" data-e-type=\"column\">\n\t\t\t<div class=\"elementor-widget-wrap elementor-element-populated\">\n\t\t\t\t\t\t<div class=\"elementor-element elementor-element-7e11f180 elementor-widget elementor-widget-text-editor\" data-id=\"7e11f180\" data-element_type=\"widget\" data-e-type=\"widget\" data-widget_type=\"text-editor.default\">\n\t\t\t\t<div class=\"elementor-widget-container\">\n\t\t\t\t\t\t\t\t\t<h1>D\u00e9claration de confidentialit\u00e9 du site web<\/h1><p>Lorsque vous visitez findhelp.ca, il est important que vous sachiez que la protection de votre vie priv\u00e9e est importante pour nous. La pr\u00e9sente page d\u00e9crit les politiques de Findhelp Information Services, ci-apr\u00e8s appel\u00e9e \u00ab Findhelp \u00bb, en mati\u00e8re de confidentialit\u00e9.<\/p><h2>D\u00e9claration g\u00e9n\u00e9rale<\/h2><p>Findhelp ne recueille pas de renseignements personnels sur ses utilisateurs et ne re\u00e7oit pas de renseignements permettant d\u2019identifier ses utilisateurs, \u00e0 moins que ces derniers ne le fassent volontairement. \u00c0 l\u2019occasion, lorsque les utilisateurs nous fournissent des renseignements (par exemple, une adresse \u00e9lectronique), ceux-ci sont conserv\u00e9s dans la plus stricte confidentialit\u00e9. Si des renseignements nous sont fournis, ils ne sont partag\u00e9s avec aucune organisation ext\u00e9rieure ni aucun autre site web (y compris les agences gouvernementales li\u00e9es au financement de findhelp.ca).<\/p><p><a href=\"https:\/\/findhelp.ca\/fr\/terms-of-use\/\">Review our Terms of Use.<\/a><\/p><h2>Exemples sp\u00e9cifiques<\/h2><h3>\u00ab Cookies \u00bb \u2013 Statistiques<\/h3><p>Un cookie est un petit fichier texte contenant un num\u00e9ro d\u2019identification unique qui est transf\u00e9r\u00e9 d\u2019un site web au disque dur de votre ordinateur afin que le site web puisse identifier les diff\u00e9rents visiteurs du site et suivre les activit\u00e9s des utilisateurs du site. Un cookie ne permet pas \u00e0 un site web de conna\u00eetre des renseignements personnels identifiables vous concernant, tels que votre nom et votre adresse r\u00e9els.<\/p><p>Findhelp utilise des cookies uniquement pour savoir combien de personnes visitent le site web findhelp.ca et o\u00f9 elles vont sur le site. Votre mouvement individuel ne peut pas \u00eatre suivi pendant que vous naviguez sur le site. Notre seul int\u00e9r\u00eat ici est de pouvoir am\u00e9liorer la qualit\u00e9 du site en identifiant les parties du site qui ne sont pas utilis\u00e9es.<\/p><h2>Sites web li\u00e9s<\/h2><p>Findhelp n\u2019examine pas les politiques de confidentialit\u00e9 des entit\u00e9s qui relient leurs sites web au site web findhelp.ca. Les politiques de Findhelp relatives \u00e0 la collecte, \u00e0 l\u2019utilisation et \u00e0 la divulgation des renseignements personnels, telles que d\u00e9crites dans la pr\u00e9sente D\u00e9claration de confidentialit\u00e9, ne r\u00e9gissent pas les activit\u00e9s de ces parties li\u00e9es en ce qui concerne les renseignements personnels des utilisateurs soumis par le biais de tels sites web li\u00e9s. Les utilisateurs doivent consulter les d\u00e9clarations et politiques de confidentialit\u00e9 de ces entit\u00e9s avant d\u2019y soumettre des renseignements personnels.<\/p><h2>S\u00e9curit\u00e9<\/h2><p>Nous avons mis en place des mesures de s\u00e9curit\u00e9 pour nous prot\u00e9ger contre la perte, l\u2019utilisation abusive et l\u2019alt\u00e9ration des informations que vous fournissez.<\/p><h2 class=\"sidebar-heading\">Acc\u00e8s aux renseignements personnels<\/h2><div class=\"textwidget custom-html-widget\">Vous avez le droit de demander et d'obtenir de Findhelp les renseignements personnels que Findhelp d\u00e9tient \u00e0 votre sujet. Si vous avez des demandes ou des questions concernant la protection de votre vie priv\u00e9e en relation avec le site Web findhelp.ca, veuillez les adresser par \u00e9crit \u00e0 :<p><strong>Responsable de la confidentialit\u00e9<br \/>Services d\u2019information Findhelp<br \/>1, rue St Clair Ouest, bureau 1000<br \/>Toronto, ON<br \/>M4V 1K6<br \/><a href=\"mailto:privacy@findhelp.ca\">privacy@findhelp.ca<\/a><\/strong><\/p><\/div>\t\t\t\t\t\t\t\t<\/div>\n\t\t\t\t<\/div>\n\t\t\t\t\t<\/div>\n\t\t<\/div>\n\t\t\t\t\t<\/div>\n\t\t<\/section>\n\t\t\t\t<\/div>","protected":false},"excerpt":{"rendered":"<p>Privacy Policy When you visit findhelp.ca it is important for you to know that your privacy is important to us. This page details Findhelp Information Services\u2019, hereto referred to as \u201cFindhelp,\u201d policies on privacy-related matters. General Statement Findhelp neither collects personal information about its users nor receives personally identifiable information about its users unless the&hellip;&nbsp;<a href=\"https:\/\/findhelp.ca\/fr\/privacy\/\" rel=\"bookmark\">Lire la suite &raquo;<span class=\"screen-reader-text\">D\u00e9claration de confidentialit\u00e9 du site web<\/span><\/a><\/p>","protected":false},"author":2,"featured_media":3111,"parent":0,"menu_order":0,"comment_status":"closed","ping_status":"closed","template":"page-templates\/template-pagebuilder-full-width.php","meta":{"neve_meta_sidebar":"","neve_meta_container":"","neve_meta_enable_content_width":"","neve_meta_content_width":0,"neve_meta_title_alignment":"","neve_meta_author_avatar":"","neve_post_elements_order":"","neve_meta_disable_header":"","neve_meta_disable_footer":"","neve_meta_disable_title":"","footnotes":""},"class_list":["post-648","page","type-page","status-publish","has-post-thumbnail","hentry"],"yoast_head":"<!-- This site is optimized with the Yoast SEO plugin v27.1.1 - https:\/\/yoast.com\/product\/yoast-seo-wordpress\/ -->\n<title>Privacy Policy - Findhelp Information Services<\/title>\n<meta name=\"robots\" content=\"index, follow, max-snippet:-1, max-image-preview:large, max-video-preview:-1\" \/>\n<link rel=\"canonical\" href=\"https:\/\/www.findhelp.ca\/privacy\/\" \/>\n<meta property=\"og:locale\" content=\"fr_CA\" \/>\n<meta property=\"og:type\" content=\"article\" \/>\n<meta property=\"og:title\" content=\"Privacy Policy - Findhelp Information Services\" \/>\n<meta property=\"og:description\" content=\"Privacy Policy When you visit findhelp.ca it is important for you to know that your privacy is important to us. This page details Findhelp Information Services\u2019, hereto referred to as \u201cFindhelp,\u201d policies on privacy-related matters. General Statement Findhelp neither collects personal information about its users nor receives personally identifiable information about its users unless the&hellip;&nbsp;Lire la suite &raquo;Privacy Policy\" \/>\n<meta property=\"og:url\" content=\"https:\/\/www.findhelp.ca\/privacy\/\" \/>\n<meta property=\"og:site_name\" content=\"Findhelp Information Services\" \/>\n<meta property=\"article:publisher\" content=\"https:\/\/www.facebook.com\/Findhelp211\" \/>\n<meta property=\"article:modified_time\" content=\"2023-03-02T17:35:15+00:00\" \/>\n<meta name=\"twitter:card\" content=\"summary_large_image\" \/>\n<meta name=\"twitter:label1\" content=\"Estimation du temps de lecture\" \/>\n\t<meta name=\"twitter:data1\" content=\"2 minutes\" \/>\n<script type=\"application\/ld+json\" class=\"yoast-schema-graph\">{\"@context\":\"https:\/\/schema.org\",\"@graph\":[{\"@type\":\"WebPage\",\"@id\":\"https:\/\/www.findhelp.ca\/privacy\/\",\"url\":\"https:\/\/www.findhelp.ca\/privacy\/\",\"name\":\"Privacy Policy - Findhelp Information Services\",\"isPartOf\":{\"@id\":\"https:\/\/findhelp.ca\/#website\"},\"primaryImageOfPage\":{\"@id\":\"https:\/\/www.findhelp.ca\/privacy\/#primaryimage\"},\"image\":{\"@id\":\"https:\/\/www.findhelp.ca\/privacy\/#primaryimage\"},\"thumbnailUrl\":\"https:\/\/findhelp.ca\/wp-content\/uploads\/2026\/02\/cropped-Untitled-design-1-1.png\",\"datePublished\":\"2022-10-07T13:43:49+00:00\",\"dateModified\":\"2023-03-02T17:35:15+00:00\",\"breadcrumb\":{\"@id\":\"https:\/\/www.findhelp.ca\/privacy\/#breadcrumb\"},\"inLanguage\":\"fr-CA\",\"potentialAction\":[{\"@type\":\"ReadAction\",\"target\":[\"https:\/\/www.findhelp.ca\/privacy\/\"]}]},{\"@type\":\"ImageObject\",\"inLanguage\":\"fr-CA\",\"@id\":\"https:\/\/www.findhelp.ca\/privacy\/#primaryimage\",\"url\":\"https:\/\/findhelp.ca\/wp-content\/uploads\/2026\/02\/cropped-Untitled-design-1-1.png\",\"contentUrl\":\"https:\/\/findhelp.ca\/wp-content\/uploads\/2026\/02\/cropped-Untitled-design-1-1.png\",\"width\":512,\"height\":512},{\"@type\":\"BreadcrumbList\",\"@id\":\"https:\/\/www.findhelp.ca\/privacy\/#breadcrumb\",\"itemListElement\":[{\"@type\":\"ListItem\",\"position\":1,\"name\":\"Home\",\"item\":\"https:\/\/findhelp.ca\/\"},{\"@type\":\"ListItem\",\"position\":2,\"name\":\"Privacy Policy\"}]},{\"@type\":\"WebSite\",\"@id\":\"https:\/\/findhelp.ca\/#website\",\"url\":\"https:\/\/findhelp.ca\/\",\"name\":\"Findhelp Information Services\",\"description\":\"People Connected. Communities Strengthened\",\"publisher\":{\"@id\":\"https:\/\/findhelp.ca\/#organization\"},\"potentialAction\":[{\"@type\":\"SearchAction\",\"target\":{\"@type\":\"EntryPoint\",\"urlTemplate\":\"https:\/\/findhelp.ca\/?s={search_term_string}\"},\"query-input\":{\"@type\":\"PropertyValueSpecification\",\"valueRequired\":true,\"valueName\":\"search_term_string\"}}],\"inLanguage\":\"fr-CA\"},{\"@type\":\"Organization\",\"@id\":\"https:\/\/findhelp.ca\/#organization\",\"name\":\"Findhelp Information Services\",\"url\":\"https:\/\/findhelp.ca\/\",\"logo\":{\"@type\":\"ImageObject\",\"inLanguage\":\"fr-CA\",\"@id\":\"https:\/\/findhelp.ca\/#\/schema\/logo\/image\/\",\"url\":\"https:\/\/findhelp.ca\/wp-content\/uploads\/2026\/02\/findhelp-logo-1.png\",\"contentUrl\":\"https:\/\/findhelp.ca\/wp-content\/uploads\/2026\/02\/findhelp-logo-1.png\",\"width\":1170,\"height\":936,\"caption\":\"Findhelp Information Services\"},\"image\":{\"@id\":\"https:\/\/findhelp.ca\/#\/schema\/logo\/image\/\"},\"sameAs\":[\"https:\/\/www.facebook.com\/Findhelp211\",\"https:\/\/www.instagram.com\/findhelp211\",\"https:\/\/www.linkedin.com\/company\/findhelp211\"]}]}<\/script>\n<!-- \/ Yoast SEO plugin. -->","yoast_head_json":{"title":"Privacy Policy - Findhelp Information Services","robots":{"index":"index","follow":"follow","max-snippet":"max-snippet:-1","max-image-preview":"max-image-preview:large","max-video-preview":"max-video-preview:-1"},"canonical":"https:\/\/www.findhelp.ca\/privacy\/","og_locale":"fr_CA","og_type":"article","og_title":"Privacy Policy - Findhelp Information Services","og_description":"Privacy Policy When you visit findhelp.ca it is important for you to know that your privacy is important to us. This page details Findhelp Information Services\u2019, hereto referred to as \u201cFindhelp,\u201d policies on privacy-related matters. General Statement Findhelp neither collects personal information about its users nor receives personally identifiable information about its users unless the&hellip;&nbsp;Lire la suite &raquo;Privacy Policy","og_url":"https:\/\/www.findhelp.ca\/privacy\/","og_site_name":"Findhelp Information Services","article_publisher":"https:\/\/www.facebook.com\/Findhelp211","article_modified_time":"2023-03-02T17:35:15+00:00","twitter_card":"summary_large_image","twitter_misc":{"Estimation du temps de lecture":"2 minutes"},"schema":{"@context":"https:\/\/schema.org","@graph":[{"@type":"WebPage","@id":"https:\/\/www.findhelp.ca\/privacy\/","url":"https:\/\/www.findhelp.ca\/privacy\/","name":"Privacy Policy - Findhelp Information Services","isPartOf":{"@id":"https:\/\/findhelp.ca\/#website"},"primaryImageOfPage":{"@id":"https:\/\/www.findhelp.ca\/privacy\/#primaryimage"},"image":{"@id":"https:\/\/www.findhelp.ca\/privacy\/#primaryimage"},"thumbnailUrl":"https:\/\/findhelp.ca\/wp-content\/uploads\/2026\/02\/cropped-Untitled-design-1-1.png","datePublished":"2022-10-07T13:43:49+00:00","dateModified":"2023-03-02T17:35:15+00:00","breadcrumb":{"@id":"https:\/\/www.findhelp.ca\/privacy\/#breadcrumb"},"inLanguage":"fr-CA","potentialAction":[{"@type":"ReadAction","target":["https:\/\/www.findhelp.ca\/privacy\/"]}]},{"@type":"ImageObject","inLanguage":"fr-CA","@id":"https:\/\/www.findhelp.ca\/privacy\/#primaryimage","url":"https:\/\/findhelp.ca\/wp-content\/uploads\/2026\/02\/cropped-Untitled-design-1-1.png","contentUrl":"https:\/\/findhelp.ca\/wp-content\/uploads\/2026\/02\/cropped-Untitled-design-1-1.png","width":512,"height":512},{"@type":"BreadcrumbList","@id":"https:\/\/www.findhelp.ca\/privacy\/#breadcrumb","itemListElement":[{"@type":"ListItem","position":1,"name":"Home","item":"https:\/\/findhelp.ca\/"},{"@type":"ListItem","position":2,"name":"Privacy Policy"}]},{"@type":"WebSite","@id":"https:\/\/findhelp.ca\/#website","url":"https:\/\/findhelp.ca\/","name":"Services d\u2019information Findhelp","description":"People Connected. Communities Strengthened","publisher":{"@id":"https:\/\/findhelp.ca\/#organization"},"potentialAction":[{"@type":"SearchAction","target":{"@type":"EntryPoint","urlTemplate":"https:\/\/findhelp.ca\/?s={search_term_string}"},"query-input":{"@type":"PropertyValueSpecification","valueRequired":true,"valueName":"search_term_string"}}],"inLanguage":"fr-CA"},{"@type":"Organization","@id":"https:\/\/findhelp.ca\/#organization","name":"Services d\u2019information Findhelp","url":"https:\/\/findhelp.ca\/","logo":{"@type":"ImageObject","inLanguage":"fr-CA","@id":"https:\/\/findhelp.ca\/#\/schema\/logo\/image\/","url":"https:\/\/findhelp.ca\/wp-content\/uploads\/2026\/02\/findhelp-logo-1.png","contentUrl":"https:\/\/findhelp.ca\/wp-content\/uploads\/2026\/02\/findhelp-logo-1.png","width":1170,"height":936,"caption":"Findhelp Information Services"},"image":{"@id":"https:\/\/findhelp.ca\/#\/schema\/logo\/image\/"},"sameAs":["https:\/\/www.facebook.com\/Findhelp211","https:\/\/www.instagram.com\/findhelp211","https:\/\/www.linkedin.com\/company\/findhelp211"]}]}},"_links":{"self":[{"href":"https:\/\/findhelp.ca\/fr\/wp-json\/wp\/v2\/pages\/648","targetHints":{"allow":["GET"]}}],"collection":[{"href":"https:\/\/findhelp.ca\/fr\/wp-json\/wp\/v2\/pages"}],"about":[{"href":"https:\/\/findhelp.ca\/fr\/wp-json\/wp\/v2\/types\/page"}],"author":[{"embeddable":true,"href":"https:\/\/findhelp.ca\/fr\/wp-json\/wp\/v2\/users\/2"}],"replies":[{"embeddable":true,"href":"https:\/\/findhelp.ca\/fr\/wp-json\/wp\/v2\/comments?post=648"}],"version-history":[{"count":5,"href":"https:\/\/findhelp.ca\/fr\/wp-json\/wp\/v2\/pages\/648\/revisions"}],"predecessor-version":[{"id":1151,"href":"https:\/\/findhelp.ca\/fr\/wp-json\/wp\/v2\/pages\/648\/revisions\/1151"}],"wp:featuredmedia":[{"embeddable":true,"href":"https:\/\/findhelp.ca\/fr\/wp-json\/wp\/v2\/media\/3111"}],"wp:attachment":[{"href":"https:\/\/findhelp.ca\/fr\/wp-json\/wp\/v2\/media?parent=648"}],"curies":[{"name":"wp","href":"https:\/\/api.w.org\/{rel}","templated":true}]}}