{"id":745,"date":"2022-10-11T16:32:27","date_gmt":"2022-10-11T16:32:27","guid":{"rendered":"https:\/\/findhelp.ca\/?page_id=745"},"modified":"2023-10-02T13:40:05","modified_gmt":"2023-10-02T13:40:05","slug":"data-for-equity","status":"publish","type":"page","link":"https:\/\/findhelp.ca\/fr\/innovation\/data-for-equity\/","title":{"rendered":"Les donn\u00e9es en soutien \u00e0 l\u2019\u00e9quit\u00e9"},"content":{"rendered":"<div data-elementor-type=\"wp-page\" data-elementor-id=\"745\" class=\"elementor elementor-745\" data-elementor-post-type=\"page\">\n\t\t\t\t\t\t<section data-particle_enable=\"false\" data-particle-mobile-disabled=\"false\" class=\"elementor-section elementor-top-section elementor-element elementor-element-423e7ecf elementor-section-boxed elementor-section-height-default elementor-section-height-default\" data-id=\"423e7ecf\" data-element_type=\"section\" data-e-type=\"section\">\n\t\t\t\t\t\t<div class=\"elementor-container elementor-column-gap-default\">\n\t\t\t\t\t<div class=\"elementor-column elementor-col-50 elementor-top-column elementor-element elementor-element-508b853e\" data-id=\"508b853e\" data-element_type=\"column\" data-e-type=\"column\">\n\t\t\t<div class=\"elementor-widget-wrap elementor-element-populated\">\n\t\t\t\t\t\t<div class=\"elementor-element elementor-element-54638233 elementor-widget elementor-widget-heading\" data-id=\"54638233\" data-element_type=\"widget\" data-e-type=\"widget\" data-widget_type=\"heading.default\">\n\t\t\t\t<div class=\"elementor-widget-container\">\n\t\t\t\t\t<h1 class=\"elementor-heading-title elementor-size-default\">Les donn\u00e9es en soutien \u00e0 l\u2019\u00e9quit\u00e9<\/h1>\t\t\t\t<\/div>\n\t\t\t\t<\/div>\n\t\t\t\t<div class=\"elementor-element elementor-element-56c6adff elementor-widget elementor-widget-text-editor\" data-id=\"56c6adff\" data-element_type=\"widget\" data-e-type=\"widget\" data-widget_type=\"text-editor.default\">\n\t\t\t\t<div class=\"elementor-widget-container\">\n\t\t\t\t\t\t\t\t\t<p><span style=\"font-weight: 400;\">La COVID-19 a mis en \u00e9vidence l\u2019acc\u00e8s in\u00e9gal aux services pour les populations noires et autochtones ainsi que pour les membres de communaut\u00e9s marginalis\u00e9es. Findhelp|211 Central s\u2019efforce d\u2019am\u00e9liorer la qualit\u00e9 des renseignements sur les ressources afin de permettre aux communaut\u00e9s ayant des besoins sp\u00e9cifiques en mati\u00e8re de services sociaux de trouver et d'acc\u00e9der plus facilement \u00e0 ces services.<\/span><\/p>\t\t\t\t\t\t\t\t<\/div>\n\t\t\t\t<\/div>\n\t\t\t\t\t<\/div>\n\t\t<\/div>\n\t\t\t\t<div class=\"elementor-column elementor-col-50 elementor-top-column elementor-element elementor-element-3261a166\" data-id=\"3261a166\" data-element_type=\"column\" data-e-type=\"column\">\n\t\t\t<div class=\"elementor-widget-wrap\">\n\t\t\t\t\t\t\t<\/div>\n\t\t<\/div>\n\t\t\t\t\t<\/div>\n\t\t<\/section>\n\t\t\t\t<section data-particle_enable=\"false\" data-particle-mobile-disabled=\"false\" class=\"elementor-section elementor-top-section elementor-element elementor-element-1271c1ea elementor-section-boxed elementor-section-height-default elementor-section-height-default\" data-id=\"1271c1ea\" data-element_type=\"section\" data-e-type=\"section\" data-settings=\"{&quot;background_background&quot;:&quot;classic&quot;}\">\n\t\t\t\t\t\t<div class=\"elementor-container elementor-column-gap-default\">\n\t\t\t\t\t<div class=\"elementor-column elementor-col-100 elementor-top-column elementor-element elementor-element-13cb6e88\" data-id=\"13cb6e88\" data-element_type=\"column\" data-e-type=\"column\">\n\t\t\t<div class=\"elementor-widget-wrap elementor-element-populated\">\n\t\t\t\t\t\t<section data-particle_enable=\"false\" data-particle-mobile-disabled=\"false\" class=\"elementor-section elementor-inner-section elementor-element elementor-element-5d80460c elementor-section-boxed elementor-section-height-default elementor-section-height-default\" data-id=\"5d80460c\" data-element_type=\"section\" data-e-type=\"section\">\n\t\t\t\t\t\t<div class=\"elementor-container elementor-column-gap-default\">\n\t\t\t\t\t<div class=\"elementor-column elementor-col-50 elementor-inner-column elementor-element elementor-element-7bb135a9\" data-id=\"7bb135a9\" data-element_type=\"column\" data-e-type=\"column\">\n\t\t\t<div class=\"elementor-widget-wrap elementor-element-populated\">\n\t\t\t\t\t\t<div class=\"elementor-element elementor-element-24c90d46 elementor-widget elementor-widget-image\" data-id=\"24c90d46\" data-element_type=\"widget\" data-e-type=\"widget\" data-widget_type=\"image.default\">\n\t\t\t\t<div class=\"elementor-widget-container\">\n\t\t\t\t\t\t\t\t\t\t\t\t\t\t\t\t<a href=\"https:\/\/beyourselfseeyourself.ca\/\">\n\t\t\t\t\t\t\t<img fetchpriority=\"high\" decoding=\"async\" width=\"390\" height=\"246\" src=\"https:\/\/findhelp.ca\/wp-content\/uploads\/2022\/10\/Be-Yourself-See-Yourself-Logo-01.png\" class=\"elementor-animation-grow attachment-large size-large wp-image-747\" alt=\"\" srcset=\"https:\/\/findhelp.ca\/wp-content\/uploads\/2022\/10\/Be-Yourself-See-Yourself-Logo-01.png 390w, https:\/\/findhelp.ca\/wp-content\/uploads\/2022\/10\/Be-Yourself-See-Yourself-Logo-01-300x189.png 300w, https:\/\/findhelp.ca\/wp-content\/uploads\/2022\/10\/Be-Yourself-See-Yourself-Logo-01-18x12.png 18w\" sizes=\"(max-width: 390px) 100vw, 390px\" \/>\t\t\t\t\t\t\t\t<\/a>\n\t\t\t\t\t\t\t\t\t\t\t\t\t\t\t<\/div>\n\t\t\t\t<\/div>\n\t\t\t\t\t<\/div>\n\t\t<\/div>\n\t\t\t\t<div class=\"elementor-column elementor-col-50 elementor-inner-column elementor-element elementor-element-390ade72\" data-id=\"390ade72\" data-element_type=\"column\" data-e-type=\"column\">\n\t\t\t<div class=\"elementor-widget-wrap elementor-element-populated\">\n\t\t\t\t\t\t<div class=\"elementor-element elementor-element-61546c6d elementor-widget elementor-widget-text-editor\" data-id=\"61546c6d\" data-element_type=\"widget\" data-e-type=\"widget\" data-widget_type=\"text-editor.default\">\n\t\t\t\t<div class=\"elementor-widget-container\">\n\t\t\t\t\t\t\t\t\t<p><a href=\"https:\/\/beyourselfseeyourself.ca\/\" target=\"_blank\" rel=\"noopener\">Be Yourself, See Yourself<\/a> tire parti des enseignements acquis lors d'un pr\u00e9c\u00e9dent projet pilote en renfor\u00e7ant les capacit\u00e9s de collecte de donn\u00e9es sur l'identit\u00e9 sociale et en donnant l'occasion de tester l'outil d'enqu\u00eate  con\u00e7u lors du premier projet pilote dans le secteur des services communautaires et sociaux.<\/p><p>L'objectif du projet est d'aider le secteur des services sociaux \u00e0 approfondir son apprentissage des meilleures pratiques, afin qu'il puisse mieux soutenir les communaut\u00e9s en qu\u00eate d'\u00e9quit\u00e9. Par ailleurs, ce projet pilote aidera le secteur \u00e0 d\u00e9terminer les changements n\u00e9cessaires pour mettre en \u0153uvre la collecte de donn\u00e9es sur l\u2019identit\u00e9 sociale \u00e0 plus grande \u00e9chelle.<\/p><p>Ce projet pilote, financ\u00e9 par la ville de Toronto, la Fondation Trillium de l\u2019Ontario et United Way Greater Toronto, a \u00e9t\u00e9 mis en oeuvre d\u2019octobre 2021 \u00e0 d\u00e9cembre 2022.<\/p><p>Les agences sont invit\u00e9es \u00e0 rejoindre un mouvement d\u2019agences locales travaillant ensemble pour apprendre collectivement comment recueillir et utiliser les donn\u00e9es d\u2019identit\u00e9 sociale. Le but de ce parcours d\u2019apprentissage collectif est de mieux faire entendre notre voix \u00e0 titre de secteur des services communautaires et d\u2019am\u00e9liorer ensemble la capacit\u00e9 de chaque agence \u00e0 recueillir les donn\u00e9es sur l\u2019identit\u00e9 sociale. Nous souhaitons que ces donn\u00e9es permettent \u00e9galement aux personnes que vous servez d\u2019avoir de nouveaux moyens de se faire entendre et voir.<\/p>\t\t\t\t\t\t\t\t<\/div>\n\t\t\t\t<\/div>\n\t\t\t\t<div class=\"elementor-element elementor-element-14a674a elementor-widget-divider--view-line elementor-widget elementor-widget-divider\" data-id=\"14a674a\" data-element_type=\"widget\" data-e-type=\"widget\" data-widget_type=\"divider.default\">\n\t\t\t\t<div class=\"elementor-widget-container\">\n\t\t\t\t\t\t\t<div class=\"elementor-divider\">\n\t\t\t<span class=\"elementor-divider-separator\">\n\t\t\t\t\t\t<\/span>\n\t\t<\/div>\n\t\t\t\t\t\t<\/div>\n\t\t\t\t<\/div>\n\t\t\t\t\t<\/div>\n\t\t<\/div>\n\t\t\t\t\t<\/div>\n\t\t<\/section>\n\t\t\t\t\t<\/div>\n\t\t<\/div>\n\t\t\t\t\t<\/div>\n\t\t<\/section>\n\t\t\t\t<section data-particle_enable=\"false\" data-particle-mobile-disabled=\"false\" class=\"elementor-section elementor-top-section elementor-element elementor-element-4fdec694 bluebg elementor-section-boxed elementor-section-height-default elementor-section-height-default\" data-id=\"4fdec694\" data-element_type=\"section\" data-e-type=\"section\" data-settings=\"{&quot;background_background&quot;:&quot;classic&quot;}\">\n\t\t\t\t\t\t<div class=\"elementor-container elementor-column-gap-default\">\n\t\t\t\t\t<div class=\"elementor-column elementor-col-100 elementor-top-column elementor-element elementor-element-1c7e57cc\" data-id=\"1c7e57cc\" data-element_type=\"column\" data-e-type=\"column\">\n\t\t\t<div class=\"elementor-widget-wrap elementor-element-populated\">\n\t\t\t\t\t\t<div class=\"elementor-element elementor-element-69c465e9 elementor-widget elementor-widget-heading\" data-id=\"69c465e9\" data-element_type=\"widget\" data-e-type=\"widget\" data-widget_type=\"heading.default\">\n\t\t\t\t<div class=\"elementor-widget-container\">\n\t\t\t\t\t<h2 class=\"elementor-heading-title elementor-size-default\">Les partenariats sont la cl\u00e9!<\/h2>\t\t\t\t<\/div>\n\t\t\t\t<\/div>\n\t\t\t\t<div class=\"elementor-element elementor-element-14559cb4 bluebg elementor-widget elementor-widget-text-editor\" data-id=\"14559cb4\" data-element_type=\"widget\" data-e-type=\"widget\" data-widget_type=\"text-editor.default\">\n\t\t\t\t<div class=\"elementor-widget-container\">\n\t\t\t\t\t\t\t\t\t<p>Contactez-nous pour en savoir davantage<\/p>\t\t\t\t\t\t\t\t<\/div>\n\t\t\t\t<\/div>\n\t\t\t\t<div class=\"elementor-element elementor-element-1e2739f5 elementor-align-center elementor-mobile-align-justify elementor-widget elementor-widget-button\" data-id=\"1e2739f5\" data-element_type=\"widget\" data-e-type=\"widget\" data-widget_type=\"button.default\">\n\t\t\t\t<div class=\"elementor-widget-container\">\n\t\t\t\t\t\t\t\t\t<div class=\"elementor-button-wrapper\">\n\t\t\t\t\t<a class=\"elementor-button elementor-button-link elementor-size-lg\" href=\"\/fr\/contact-us\/\">\n\t\t\t\t\t\t<span class=\"elementor-button-content-wrapper\">\n\t\t\t\t\t\t\t\t\t<span class=\"elementor-button-text\">Parlons-en<\/span>\n\t\t\t\t\t<\/span>\n\t\t\t\t\t<\/a>\n\t\t\t\t<\/div>\n\t\t\t\t\t\t\t\t<\/div>\n\t\t\t\t<\/div>\n\t\t\t\t\t<\/div>\n\t\t<\/div>\n\t\t\t\t\t<\/div>\n\t\t<\/section>\n\t\t\t\t<\/div>","protected":false},"excerpt":{"rendered":"<p>Data for Equity COVID 19 has highlighted differential access to services for Black and Indigenous peoples and other marginalized communities. Findhelp|211 Central is working to improve our resource information to enhance access to services and improve service navigation for communities with specific social service needs. Be Yourself, See Yourself is building off the learnings from&hellip;&nbsp;<a href=\"https:\/\/findhelp.ca\/fr\/innovation\/data-for-equity\/\" rel=\"bookmark\">Lire la suite &raquo;<span class=\"screen-reader-text\">Les donn\u00e9es en soutien \u00e0 l\u2019\u00e9quit\u00e9<\/span><\/a><\/p>","protected":false},"author":2,"featured_media":3111,"parent":69,"menu_order":0,"comment_status":"closed","ping_status":"closed","template":"page-templates\/template-pagebuilder-full-width.php","meta":{"neve_meta_sidebar":"","neve_meta_container":"","neve_meta_enable_content_width":"","neve_meta_content_width":0,"neve_meta_title_alignment":"","neve_meta_author_avatar":"","neve_post_elements_order":"","neve_meta_disable_header":"","neve_meta_disable_footer":"","neve_meta_disable_title":"","footnotes":""},"class_list":["post-745","page","type-page","status-publish","has-post-thumbnail","hentry"],"yoast_head":"<!-- This site is optimized with the Yoast SEO plugin v27.1.1 - https:\/\/yoast.com\/product\/yoast-seo-wordpress\/ -->\n<title>Data for Equity - Findhelp Information Services<\/title>\n<meta name=\"robots\" content=\"index, follow, max-snippet:-1, max-image-preview:large, max-video-preview:-1\" \/>\n<link rel=\"canonical\" href=\"https:\/\/www.findhelp.ca\/innovation\/data-for-equity\/\" \/>\n<meta property=\"og:locale\" content=\"fr_CA\" \/>\n<meta property=\"og:type\" content=\"article\" \/>\n<meta property=\"og:title\" content=\"Data for Equity - Findhelp Information Services\" \/>\n<meta property=\"og:description\" content=\"Data for Equity COVID 19 has highlighted differential access to services for Black and Indigenous peoples and other marginalized communities. Findhelp|211 Central is working to improve our resource information to enhance access to services and improve service navigation for communities with specific social service needs. Be Yourself, See Yourself is building off the learnings from&hellip;&nbsp;Lire la suite &raquo;Data for Equity\" \/>\n<meta property=\"og:url\" content=\"https:\/\/www.findhelp.ca\/innovation\/data-for-equity\/\" \/>\n<meta property=\"og:site_name\" content=\"Findhelp Information Services\" \/>\n<meta property=\"article:publisher\" content=\"https:\/\/www.facebook.com\/Findhelp211\" \/>\n<meta property=\"article:modified_time\" content=\"2023-10-02T13:40:05+00:00\" \/>\n<meta property=\"og:image\" content=\"https:\/\/www.findhelp.ca\/wp-content\/uploads\/2022\/10\/Be-Yourself-See-Yourself-Logo-01.png\" \/>\n<meta name=\"twitter:card\" content=\"summary_large_image\" \/>\n<meta name=\"twitter:label1\" content=\"Estimation du temps de lecture\" \/>\n\t<meta name=\"twitter:data1\" content=\"2 minutes\" \/>\n<script type=\"application\/ld+json\" class=\"yoast-schema-graph\">{\"@context\":\"https:\/\/schema.org\",\"@graph\":[{\"@type\":\"WebPage\",\"@id\":\"https:\/\/www.findhelp.ca\/innovation\/data-for-equity\/\",\"url\":\"https:\/\/www.findhelp.ca\/innovation\/data-for-equity\/\",\"name\":\"Data for Equity - Findhelp Information Services\",\"isPartOf\":{\"@id\":\"https:\/\/findhelp.ca\/#website\"},\"primaryImageOfPage\":{\"@id\":\"https:\/\/www.findhelp.ca\/innovation\/data-for-equity\/#primaryimage\"},\"image\":{\"@id\":\"https:\/\/www.findhelp.ca\/innovation\/data-for-equity\/#primaryimage\"},\"thumbnailUrl\":\"https:\/\/findhelp.ca\/wp-content\/uploads\/2026\/02\/cropped-Untitled-design-1-1.png\",\"datePublished\":\"2022-10-11T16:32:27+00:00\",\"dateModified\":\"2023-10-02T13:40:05+00:00\",\"breadcrumb\":{\"@id\":\"https:\/\/www.findhelp.ca\/innovation\/data-for-equity\/#breadcrumb\"},\"inLanguage\":\"fr-CA\",\"potentialAction\":[{\"@type\":\"ReadAction\",\"target\":[\"https:\/\/www.findhelp.ca\/innovation\/data-for-equity\/\"]}]},{\"@type\":\"ImageObject\",\"inLanguage\":\"fr-CA\",\"@id\":\"https:\/\/www.findhelp.ca\/innovation\/data-for-equity\/#primaryimage\",\"url\":\"https:\/\/findhelp.ca\/wp-content\/uploads\/2026\/02\/cropped-Untitled-design-1-1.png\",\"contentUrl\":\"https:\/\/findhelp.ca\/wp-content\/uploads\/2026\/02\/cropped-Untitled-design-1-1.png\",\"width\":512,\"height\":512},{\"@type\":\"BreadcrumbList\",\"@id\":\"https:\/\/www.findhelp.ca\/innovation\/data-for-equity\/#breadcrumb\",\"itemListElement\":[{\"@type\":\"ListItem\",\"position\":1,\"name\":\"Home\",\"item\":\"https:\/\/findhelp.ca\/\"},{\"@type\":\"ListItem\",\"position\":2,\"name\":\"Innovation\",\"item\":\"https:\/\/www.findhelp.ca\/fr\/innovation\/\"},{\"@type\":\"ListItem\",\"position\":3,\"name\":\"Data for Equity\"}]},{\"@type\":\"WebSite\",\"@id\":\"https:\/\/findhelp.ca\/#website\",\"url\":\"https:\/\/findhelp.ca\/\",\"name\":\"Findhelp Information Services\",\"description\":\"People Connected. Communities Strengthened\",\"publisher\":{\"@id\":\"https:\/\/findhelp.ca\/#organization\"},\"potentialAction\":[{\"@type\":\"SearchAction\",\"target\":{\"@type\":\"EntryPoint\",\"urlTemplate\":\"https:\/\/findhelp.ca\/?s={search_term_string}\"},\"query-input\":{\"@type\":\"PropertyValueSpecification\",\"valueRequired\":true,\"valueName\":\"search_term_string\"}}],\"inLanguage\":\"fr-CA\"},{\"@type\":\"Organization\",\"@id\":\"https:\/\/findhelp.ca\/#organization\",\"name\":\"Findhelp Information Services\",\"url\":\"https:\/\/findhelp.ca\/\",\"logo\":{\"@type\":\"ImageObject\",\"inLanguage\":\"fr-CA\",\"@id\":\"https:\/\/findhelp.ca\/#\/schema\/logo\/image\/\",\"url\":\"https:\/\/findhelp.ca\/wp-content\/uploads\/2026\/02\/findhelp-logo-1.png\",\"contentUrl\":\"https:\/\/findhelp.ca\/wp-content\/uploads\/2026\/02\/findhelp-logo-1.png\",\"width\":1170,\"height\":936,\"caption\":\"Findhelp Information Services\"},\"image\":{\"@id\":\"https:\/\/findhelp.ca\/#\/schema\/logo\/image\/\"},\"sameAs\":[\"https:\/\/www.facebook.com\/Findhelp211\",\"https:\/\/www.instagram.com\/findhelp211\",\"https:\/\/www.linkedin.com\/company\/findhelp211\"]}]}<\/script>\n<!-- \/ Yoast SEO plugin. -->","yoast_head_json":{"title":"Data for Equity - Findhelp Information Services","robots":{"index":"index","follow":"follow","max-snippet":"max-snippet:-1","max-image-preview":"max-image-preview:large","max-video-preview":"max-video-preview:-1"},"canonical":"https:\/\/www.findhelp.ca\/innovation\/data-for-equity\/","og_locale":"fr_CA","og_type":"article","og_title":"Data for Equity - Findhelp Information Services","og_description":"Data for Equity COVID 19 has highlighted differential access to services for Black and Indigenous peoples and other marginalized communities. Findhelp|211 Central is working to improve our resource information to enhance access to services and improve service navigation for communities with specific social service needs. Be Yourself, See Yourself is building off the learnings from&hellip;&nbsp;Lire la suite &raquo;Data for Equity","og_url":"https:\/\/www.findhelp.ca\/innovation\/data-for-equity\/","og_site_name":"Findhelp Information Services","article_publisher":"https:\/\/www.facebook.com\/Findhelp211","article_modified_time":"2023-10-02T13:40:05+00:00","og_image":[{"url":"https:\/\/www.findhelp.ca\/wp-content\/uploads\/2022\/10\/Be-Yourself-See-Yourself-Logo-01.png","type":"","width":"","height":""}],"twitter_card":"summary_large_image","twitter_misc":{"Estimation du temps de lecture":"2 minutes"},"schema":{"@context":"https:\/\/schema.org","@graph":[{"@type":"WebPage","@id":"https:\/\/www.findhelp.ca\/innovation\/data-for-equity\/","url":"https:\/\/www.findhelp.ca\/innovation\/data-for-equity\/","name":"Data for Equity - Findhelp Information Services","isPartOf":{"@id":"https:\/\/findhelp.ca\/#website"},"primaryImageOfPage":{"@id":"https:\/\/www.findhelp.ca\/innovation\/data-for-equity\/#primaryimage"},"image":{"@id":"https:\/\/www.findhelp.ca\/innovation\/data-for-equity\/#primaryimage"},"thumbnailUrl":"https:\/\/findhelp.ca\/wp-content\/uploads\/2026\/02\/cropped-Untitled-design-1-1.png","datePublished":"2022-10-11T16:32:27+00:00","dateModified":"2023-10-02T13:40:05+00:00","breadcrumb":{"@id":"https:\/\/www.findhelp.ca\/innovation\/data-for-equity\/#breadcrumb"},"inLanguage":"fr-CA","potentialAction":[{"@type":"ReadAction","target":["https:\/\/www.findhelp.ca\/innovation\/data-for-equity\/"]}]},{"@type":"ImageObject","inLanguage":"fr-CA","@id":"https:\/\/www.findhelp.ca\/innovation\/data-for-equity\/#primaryimage","url":"https:\/\/findhelp.ca\/wp-content\/uploads\/2026\/02\/cropped-Untitled-design-1-1.png","contentUrl":"https:\/\/findhelp.ca\/wp-content\/uploads\/2026\/02\/cropped-Untitled-design-1-1.png","width":512,"height":512},{"@type":"BreadcrumbList","@id":"https:\/\/www.findhelp.ca\/innovation\/data-for-equity\/#breadcrumb","itemListElement":[{"@type":"ListItem","position":1,"name":"Home","item":"https:\/\/findhelp.ca\/"},{"@type":"ListItem","position":2,"name":"Innovation","item":"https:\/\/www.findhelp.ca\/fr\/innovation\/"},{"@type":"ListItem","position":3,"name":"Data for Equity"}]},{"@type":"WebSite","@id":"https:\/\/findhelp.ca\/#website","url":"https:\/\/findhelp.ca\/","name":"Services d\u2019information Findhelp","description":"People Connected. Communities Strengthened","publisher":{"@id":"https:\/\/findhelp.ca\/#organization"},"potentialAction":[{"@type":"SearchAction","target":{"@type":"EntryPoint","urlTemplate":"https:\/\/findhelp.ca\/?s={search_term_string}"},"query-input":{"@type":"PropertyValueSpecification","valueRequired":true,"valueName":"search_term_string"}}],"inLanguage":"fr-CA"},{"@type":"Organization","@id":"https:\/\/findhelp.ca\/#organization","name":"Services d\u2019information Findhelp","url":"https:\/\/findhelp.ca\/","logo":{"@type":"ImageObject","inLanguage":"fr-CA","@id":"https:\/\/findhelp.ca\/#\/schema\/logo\/image\/","url":"https:\/\/findhelp.ca\/wp-content\/uploads\/2026\/02\/findhelp-logo-1.png","contentUrl":"https:\/\/findhelp.ca\/wp-content\/uploads\/2026\/02\/findhelp-logo-1.png","width":1170,"height":936,"caption":"Findhelp Information Services"},"image":{"@id":"https:\/\/findhelp.ca\/#\/schema\/logo\/image\/"},"sameAs":["https:\/\/www.facebook.com\/Findhelp211","https:\/\/www.instagram.com\/findhelp211","https:\/\/www.linkedin.com\/company\/findhelp211"]}]}},"_links":{"self":[{"href":"https:\/\/findhelp.ca\/fr\/wp-json\/wp\/v2\/pages\/745","targetHints":{"allow":["GET"]}}],"collection":[{"href":"https:\/\/findhelp.ca\/fr\/wp-json\/wp\/v2\/pages"}],"about":[{"href":"https:\/\/findhelp.ca\/fr\/wp-json\/wp\/v2\/types\/page"}],"author":[{"embeddable":true,"href":"https:\/\/findhelp.ca\/fr\/wp-json\/wp\/v2\/users\/2"}],"replies":[{"embeddable":true,"href":"https:\/\/findhelp.ca\/fr\/wp-json\/wp\/v2\/comments?post=745"}],"version-history":[{"count":5,"href":"https:\/\/findhelp.ca\/fr\/wp-json\/wp\/v2\/pages\/745\/revisions"}],"predecessor-version":[{"id":1423,"href":"https:\/\/findhelp.ca\/fr\/wp-json\/wp\/v2\/pages\/745\/revisions\/1423"}],"up":[{"embeddable":true,"href":"https:\/\/findhelp.ca\/fr\/wp-json\/wp\/v2\/pages\/69"}],"wp:featuredmedia":[{"embeddable":true,"href":"https:\/\/findhelp.ca\/fr\/wp-json\/wp\/v2\/media\/3111"}],"wp:attachment":[{"href":"https:\/\/findhelp.ca\/fr\/wp-json\/wp\/v2\/media?parent=745"}],"curies":[{"name":"wp","href":"https:\/\/api.w.org\/{rel}","templated":true}]}}