{"id":755,"date":"2022-10-11T19:03:19","date_gmt":"2022-10-11T19:03:19","guid":{"rendered":"https:\/\/findhelp.ca\/?page_id=755"},"modified":"2023-10-02T13:40:39","modified_gmt":"2023-10-02T13:40:39","slug":"search-portals","status":"publish","type":"page","link":"https:\/\/findhelp.ca\/fr\/innovation\/search-portals\/","title":{"rendered":"Portails de recherche"},"content":{"rendered":"<div data-elementor-type=\"wp-page\" data-elementor-id=\"755\" class=\"elementor elementor-755\" data-elementor-post-type=\"page\">\n\t\t\t\t\t\t<section data-particle_enable=\"false\" data-particle-mobile-disabled=\"false\" class=\"elementor-section elementor-top-section elementor-element elementor-element-107ebff1 elementor-section-boxed elementor-section-height-default elementor-section-height-default\" data-id=\"107ebff1\" data-element_type=\"section\" data-e-type=\"section\">\n\t\t\t\t\t\t<div class=\"elementor-container elementor-column-gap-default\">\n\t\t\t\t\t<div class=\"elementor-column elementor-col-50 elementor-top-column elementor-element elementor-element-24533b13\" data-id=\"24533b13\" data-element_type=\"column\" data-e-type=\"column\">\n\t\t\t<div class=\"elementor-widget-wrap elementor-element-populated\">\n\t\t\t\t\t\t<div class=\"elementor-element elementor-element-7e28c0ea elementor-widget elementor-widget-heading\" data-id=\"7e28c0ea\" data-element_type=\"widget\" data-e-type=\"widget\" data-widget_type=\"heading.default\">\n\t\t\t\t<div class=\"elementor-widget-container\">\n\t\t\t\t\t<h1 class=\"elementor-heading-title elementor-size-default\">Portails de recherche de services communautaires<\/h1>\t\t\t\t<\/div>\n\t\t\t\t<\/div>\n\t\t\t\t<div class=\"elementor-element elementor-element-607aecd5 elementor-widget elementor-widget-text-editor\" data-id=\"607aecd5\" data-element_type=\"widget\" data-e-type=\"widget\" data-widget_type=\"text-editor.default\">\n\t\t\t\t<div class=\"elementor-widget-container\">\n\t\t\t\t\t\t\t\t\t<p>Nous offrons de l\u2019aide \u00e0 divers groupes au pays afin de leur permettre de d\u00e9velopper rapidement des portails de recherche pour les communautaires et les divers auditoires.<\/p>\t\t\t\t\t\t\t\t<\/div>\n\t\t\t\t<\/div>\n\t\t\t\t\t<\/div>\n\t\t<\/div>\n\t\t\t\t<div class=\"elementor-column elementor-col-50 elementor-top-column elementor-element elementor-element-f2af6\" data-id=\"f2af6\" data-element_type=\"column\" data-e-type=\"column\">\n\t\t\t<div class=\"elementor-widget-wrap\">\n\t\t\t\t\t\t\t<\/div>\n\t\t<\/div>\n\t\t\t\t\t<\/div>\n\t\t<\/section>\n\t\t\t\t<section data-particle_enable=\"false\" data-particle-mobile-disabled=\"false\" class=\"elementor-section elementor-top-section elementor-element elementor-element-731a5929 elementor-section-boxed elementor-section-height-default elementor-section-height-default\" data-id=\"731a5929\" data-element_type=\"section\" data-e-type=\"section\" data-settings=\"{&quot;background_background&quot;:&quot;classic&quot;}\">\n\t\t\t\t\t\t<div class=\"elementor-container elementor-column-gap-default\">\n\t\t\t\t\t<div class=\"elementor-column elementor-col-100 elementor-top-column elementor-element elementor-element-78773a87\" data-id=\"78773a87\" data-element_type=\"column\" data-e-type=\"column\">\n\t\t\t<div class=\"elementor-widget-wrap elementor-element-populated\">\n\t\t\t\t\t\t<section data-particle_enable=\"false\" data-particle-mobile-disabled=\"false\" class=\"elementor-section elementor-inner-section elementor-element elementor-element-74198946 elementor-section-boxed elementor-section-height-default elementor-section-height-default\" data-id=\"74198946\" data-element_type=\"section\" data-e-type=\"section\">\n\t\t\t\t\t\t<div class=\"elementor-container elementor-column-gap-default\">\n\t\t\t\t\t<div class=\"elementor-column elementor-col-50 elementor-inner-column elementor-element elementor-element-6e09f5ef\" data-id=\"6e09f5ef\" data-element_type=\"column\" data-e-type=\"column\">\n\t\t\t<div class=\"elementor-widget-wrap elementor-element-populated\">\n\t\t\t\t\t\t<div class=\"elementor-element elementor-element-69f93c6e elementor-widget elementor-widget-image\" data-id=\"69f93c6e\" data-element_type=\"widget\" data-e-type=\"widget\" data-widget_type=\"image.default\">\n\t\t\t\t<div class=\"elementor-widget-container\">\n\t\t\t\t\t\t\t\t\t\t\t\t\t\t\t<img fetchpriority=\"high\" decoding=\"async\" width=\"974\" height=\"572\" src=\"https:\/\/findhelp.ca\/wp-content\/uploads\/2022\/10\/portalsample.png\" class=\"attachment-large size-large wp-image-757\" alt=\"\" srcset=\"https:\/\/findhelp.ca\/wp-content\/uploads\/2022\/10\/portalsample.png 974w, https:\/\/findhelp.ca\/wp-content\/uploads\/2022\/10\/portalsample-300x176.png 300w, https:\/\/findhelp.ca\/wp-content\/uploads\/2022\/10\/portalsample-768x451.png 768w, https:\/\/findhelp.ca\/wp-content\/uploads\/2022\/10\/portalsample-18x12.png 18w\" sizes=\"(max-width: 974px) 100vw, 974px\" \/>\t\t\t\t\t\t\t\t\t\t\t\t\t\t\t<\/div>\n\t\t\t\t<\/div>\n\t\t\t\t\t<\/div>\n\t\t<\/div>\n\t\t\t\t<div class=\"elementor-column elementor-col-50 elementor-inner-column elementor-element elementor-element-8b5262a\" data-id=\"8b5262a\" data-element_type=\"column\" data-e-type=\"column\">\n\t\t\t<div class=\"elementor-widget-wrap elementor-element-populated\">\n\t\t\t\t\t\t<div class=\"elementor-element elementor-element-7e604291 elementor-widget elementor-widget-text-editor\" data-id=\"7e604291\" data-element_type=\"widget\" data-e-type=\"widget\" data-widget_type=\"text-editor.default\">\n\t\t\t\t<div class=\"elementor-widget-container\">\n\t\t\t\t\t\t\t\t\t<p><span style=\"font-weight: 400;\">Les portails sont mis en place au moyen de WordPress comme plateforme principale, avec un plugiciel et un th\u00e8me WordPress personnalis\u00e9s. Le plugiciel et le th\u00e8me fonctionnent ensemble pour permettre aux visiteurs de rechercher et d\u2019afficher les services communautaires \u00e0 partir de l\u2019API du service 211. Avec WordPress comme plateforme principale, il est possible d\u2019utiliser des dizaines de fonctionnalit\u00e9s et de personnalisations, dont l\u2019acc\u00e8s \u00e0 la biblioth\u00e8que de plugiciels WordPress et un grand nombre de didacticiels and de ressources en ligne.<\/span><\/p>\t\t\t\t\t\t\t\t<\/div>\n\t\t\t\t<\/div>\n\t\t\t\t<div class=\"elementor-element elementor-element-7799eb5a elementor-widget-divider--view-line elementor-widget elementor-widget-divider\" data-id=\"7799eb5a\" data-element_type=\"widget\" data-e-type=\"widget\" data-widget_type=\"divider.default\">\n\t\t\t\t<div class=\"elementor-widget-container\">\n\t\t\t\t\t\t\t<div class=\"elementor-divider\">\n\t\t\t<span class=\"elementor-divider-separator\">\n\t\t\t\t\t\t<\/span>\n\t\t<\/div>\n\t\t\t\t\t\t<\/div>\n\t\t\t\t<\/div>\n\t\t\t\t<div class=\"elementor-element elementor-element-64997008 elementor-widget elementor-widget-text-editor\" data-id=\"64997008\" data-element_type=\"widget\" data-e-type=\"widget\" data-widget_type=\"text-editor.default\">\n\t\t\t\t<div class=\"elementor-widget-container\">\n\t\t\t\t\t\t\t\t\t<p>Findhelp | 211 Centre se charge d\u00e9j\u00e0 de la mise en place et du soutien continu d\u2019un certain nombre de portails. Les usagers incluent les 211 des provinces, les \u00e9quipes locales de Sant\u00e9 Ontario, les municipalit\u00e9s et divers groupes communautaires.<\/p>\t\t\t\t\t\t\t\t<\/div>\n\t\t\t\t<\/div>\n\t\t\t\t\t<\/div>\n\t\t<\/div>\n\t\t\t\t\t<\/div>\n\t\t<\/section>\n\t\t\t\t\t<\/div>\n\t\t<\/div>\n\t\t\t\t\t<\/div>\n\t\t<\/section>\n\t\t\t\t<section data-particle_enable=\"false\" data-particle-mobile-disabled=\"false\" class=\"elementor-section elementor-top-section elementor-element elementor-element-66bea2e2 elementor-section-boxed elementor-section-height-default elementor-section-height-default\" data-id=\"66bea2e2\" data-element_type=\"section\" data-e-type=\"section\" data-settings=\"{&quot;background_background&quot;:&quot;classic&quot;}\">\n\t\t\t\t\t\t<div class=\"elementor-container elementor-column-gap-default\">\n\t\t\t\t\t<div class=\"elementor-column elementor-col-100 elementor-top-column elementor-element elementor-element-154d6fea\" data-id=\"154d6fea\" data-element_type=\"column\" data-e-type=\"column\">\n\t\t\t<div class=\"elementor-widget-wrap elementor-element-populated\">\n\t\t\t\t\t\t<div class=\"elementor-element elementor-element-38ecbcea elementor-widget elementor-widget-heading\" data-id=\"38ecbcea\" data-element_type=\"widget\" data-e-type=\"widget\" data-widget_type=\"heading.default\">\n\t\t\t\t<div class=\"elementor-widget-container\">\n\t\t\t\t\t<h2 class=\"elementor-heading-title elementor-size-default\">Les partenariats sont la cl\u00e9!<\/h2>\t\t\t\t<\/div>\n\t\t\t\t<\/div>\n\t\t\t\t<div class=\"elementor-element elementor-element-66c852a8 bluebg elementor-widget elementor-widget-text-editor\" data-id=\"66c852a8\" data-element_type=\"widget\" data-e-type=\"widget\" data-widget_type=\"text-editor.default\">\n\t\t\t\t<div class=\"elementor-widget-container\">\n\t\t\t\t\t\t\t\t\t<p>Contactez-nous pour en savoir davantage<\/p>\t\t\t\t\t\t\t\t<\/div>\n\t\t\t\t<\/div>\n\t\t\t\t<div class=\"elementor-element elementor-element-594b73fc elementor-align-center elementor-mobile-align-justify elementor-widget elementor-widget-button\" data-id=\"594b73fc\" data-element_type=\"widget\" data-e-type=\"widget\" data-widget_type=\"button.default\">\n\t\t\t\t<div class=\"elementor-widget-container\">\n\t\t\t\t\t\t\t\t\t<div class=\"elementor-button-wrapper\">\n\t\t\t\t\t<a class=\"elementor-button elementor-button-link elementor-size-lg\" href=\"\/fr\/contact-us\/\">\n\t\t\t\t\t\t<span class=\"elementor-button-content-wrapper\">\n\t\t\t\t\t\t\t\t\t<span class=\"elementor-button-text\">Parlons-en<\/span>\n\t\t\t\t\t<\/span>\n\t\t\t\t\t<\/a>\n\t\t\t\t<\/div>\n\t\t\t\t\t\t\t\t<\/div>\n\t\t\t\t<\/div>\n\t\t\t\t\t<\/div>\n\t\t<\/div>\n\t\t\t\t\t<\/div>\n\t\t<\/section>\n\t\t\t\t<\/div>","protected":false},"excerpt":{"rendered":"<p>Community Services Search Portals We are supporting groups across Canada to quickly set up customized search portals for the communities and audience. The portals are set up using WordPress as the core engine with a custom WordPress Plugin and a custom WordPress Theme. The plugin and theme work in unison to allow visitors to search&hellip;&nbsp;<a href=\"https:\/\/findhelp.ca\/fr\/innovation\/search-portals\/\" rel=\"bookmark\">Lire la suite &raquo;<span class=\"screen-reader-text\">Portails de recherche<\/span><\/a><\/p>","protected":false},"author":2,"featured_media":3111,"parent":69,"menu_order":0,"comment_status":"closed","ping_status":"closed","template":"page-templates\/template-pagebuilder-full-width.php","meta":{"neve_meta_sidebar":"","neve_meta_container":"","neve_meta_enable_content_width":"","neve_meta_content_width":0,"neve_meta_title_alignment":"","neve_meta_author_avatar":"","neve_post_elements_order":"","neve_meta_disable_header":"","neve_meta_disable_footer":"","neve_meta_disable_title":"","footnotes":""},"class_list":["post-755","page","type-page","status-publish","has-post-thumbnail","hentry"],"yoast_head":"<!-- This site is optimized with the Yoast SEO plugin v27.1.1 - https:\/\/yoast.com\/product\/yoast-seo-wordpress\/ -->\n<title>Search Portals - Findhelp Information Services<\/title>\n<meta name=\"robots\" content=\"index, follow, max-snippet:-1, max-image-preview:large, max-video-preview:-1\" \/>\n<link rel=\"canonical\" href=\"https:\/\/www.findhelp.ca\/innovation\/search-portals\/\" \/>\n<meta property=\"og:locale\" content=\"fr_CA\" \/>\n<meta property=\"og:type\" content=\"article\" \/>\n<meta property=\"og:title\" content=\"Search Portals - Findhelp Information Services\" \/>\n<meta property=\"og:description\" content=\"Community Services Search Portals We are supporting groups across Canada to quickly set up customized search portals for the communities and audience. The portals are set up using WordPress as the core engine with a custom WordPress Plugin and a custom WordPress Theme. The plugin and theme work in unison to allow visitors to search&hellip;&nbsp;Lire la suite &raquo;Search Portals\" \/>\n<meta property=\"og:url\" content=\"https:\/\/www.findhelp.ca\/innovation\/search-portals\/\" \/>\n<meta property=\"og:site_name\" content=\"Findhelp Information Services\" \/>\n<meta property=\"article:publisher\" content=\"https:\/\/www.facebook.com\/Findhelp211\" \/>\n<meta property=\"article:modified_time\" content=\"2023-10-02T13:40:39+00:00\" \/>\n<meta property=\"og:image\" content=\"https:\/\/findhelp.ca\/wp-content\/uploads\/2022\/10\/portalsample.png\" \/>\n<meta name=\"twitter:card\" content=\"summary_large_image\" \/>\n<meta name=\"twitter:label1\" content=\"Estimation du temps de lecture\" \/>\n\t<meta name=\"twitter:data1\" content=\"1 minute\" \/>\n<script type=\"application\/ld+json\" class=\"yoast-schema-graph\">{\"@context\":\"https:\/\/schema.org\",\"@graph\":[{\"@type\":\"WebPage\",\"@id\":\"https:\/\/www.findhelp.ca\/innovation\/search-portals\/\",\"url\":\"https:\/\/www.findhelp.ca\/innovation\/search-portals\/\",\"name\":\"Search Portals - Findhelp Information Services\",\"isPartOf\":{\"@id\":\"https:\/\/findhelp.ca\/#website\"},\"primaryImageOfPage\":{\"@id\":\"https:\/\/www.findhelp.ca\/innovation\/search-portals\/#primaryimage\"},\"image\":{\"@id\":\"https:\/\/www.findhelp.ca\/innovation\/search-portals\/#primaryimage\"},\"thumbnailUrl\":\"https:\/\/findhelp.ca\/wp-content\/uploads\/2026\/02\/cropped-Untitled-design-1-1.png\",\"datePublished\":\"2022-10-11T19:03:19+00:00\",\"dateModified\":\"2023-10-02T13:40:39+00:00\",\"breadcrumb\":{\"@id\":\"https:\/\/www.findhelp.ca\/innovation\/search-portals\/#breadcrumb\"},\"inLanguage\":\"fr-CA\",\"potentialAction\":[{\"@type\":\"ReadAction\",\"target\":[\"https:\/\/www.findhelp.ca\/innovation\/search-portals\/\"]}]},{\"@type\":\"ImageObject\",\"inLanguage\":\"fr-CA\",\"@id\":\"https:\/\/www.findhelp.ca\/innovation\/search-portals\/#primaryimage\",\"url\":\"https:\/\/findhelp.ca\/wp-content\/uploads\/2026\/02\/cropped-Untitled-design-1-1.png\",\"contentUrl\":\"https:\/\/findhelp.ca\/wp-content\/uploads\/2026\/02\/cropped-Untitled-design-1-1.png\",\"width\":512,\"height\":512},{\"@type\":\"BreadcrumbList\",\"@id\":\"https:\/\/www.findhelp.ca\/innovation\/search-portals\/#breadcrumb\",\"itemListElement\":[{\"@type\":\"ListItem\",\"position\":1,\"name\":\"Home\",\"item\":\"https:\/\/findhelp.ca\/\"},{\"@type\":\"ListItem\",\"position\":2,\"name\":\"Innovation\",\"item\":\"https:\/\/www.findhelp.ca\/fr\/innovation\/\"},{\"@type\":\"ListItem\",\"position\":3,\"name\":\"Search Portals\"}]},{\"@type\":\"WebSite\",\"@id\":\"https:\/\/findhelp.ca\/#website\",\"url\":\"https:\/\/findhelp.ca\/\",\"name\":\"Findhelp Information Services\",\"description\":\"People Connected. Communities Strengthened\",\"publisher\":{\"@id\":\"https:\/\/findhelp.ca\/#organization\"},\"potentialAction\":[{\"@type\":\"SearchAction\",\"target\":{\"@type\":\"EntryPoint\",\"urlTemplate\":\"https:\/\/findhelp.ca\/?s={search_term_string}\"},\"query-input\":{\"@type\":\"PropertyValueSpecification\",\"valueRequired\":true,\"valueName\":\"search_term_string\"}}],\"inLanguage\":\"fr-CA\"},{\"@type\":\"Organization\",\"@id\":\"https:\/\/findhelp.ca\/#organization\",\"name\":\"Findhelp Information Services\",\"url\":\"https:\/\/findhelp.ca\/\",\"logo\":{\"@type\":\"ImageObject\",\"inLanguage\":\"fr-CA\",\"@id\":\"https:\/\/findhelp.ca\/#\/schema\/logo\/image\/\",\"url\":\"https:\/\/findhelp.ca\/wp-content\/uploads\/2026\/02\/findhelp-logo-1.png\",\"contentUrl\":\"https:\/\/findhelp.ca\/wp-content\/uploads\/2026\/02\/findhelp-logo-1.png\",\"width\":1170,\"height\":936,\"caption\":\"Findhelp Information Services\"},\"image\":{\"@id\":\"https:\/\/findhelp.ca\/#\/schema\/logo\/image\/\"},\"sameAs\":[\"https:\/\/www.facebook.com\/Findhelp211\",\"https:\/\/www.instagram.com\/findhelp211\",\"https:\/\/www.linkedin.com\/company\/findhelp211\"]}]}<\/script>\n<!-- \/ Yoast SEO plugin. -->","yoast_head_json":{"title":"Search Portals - Findhelp Information Services","robots":{"index":"index","follow":"follow","max-snippet":"max-snippet:-1","max-image-preview":"max-image-preview:large","max-video-preview":"max-video-preview:-1"},"canonical":"https:\/\/www.findhelp.ca\/innovation\/search-portals\/","og_locale":"fr_CA","og_type":"article","og_title":"Search Portals - Findhelp Information Services","og_description":"Community Services Search Portals We are supporting groups across Canada to quickly set up customized search portals for the communities and audience. The portals are set up using WordPress as the core engine with a custom WordPress Plugin and a custom WordPress Theme. The plugin and theme work in unison to allow visitors to search&hellip;&nbsp;Lire la suite &raquo;Search Portals","og_url":"https:\/\/www.findhelp.ca\/innovation\/search-portals\/","og_site_name":"Findhelp Information Services","article_publisher":"https:\/\/www.facebook.com\/Findhelp211","article_modified_time":"2023-10-02T13:40:39+00:00","og_image":[{"url":"https:\/\/findhelp.ca\/wp-content\/uploads\/2022\/10\/portalsample.png","type":"","width":"","height":""}],"twitter_card":"summary_large_image","twitter_misc":{"Estimation du temps de lecture":"1 minute"},"schema":{"@context":"https:\/\/schema.org","@graph":[{"@type":"WebPage","@id":"https:\/\/www.findhelp.ca\/innovation\/search-portals\/","url":"https:\/\/www.findhelp.ca\/innovation\/search-portals\/","name":"Search Portals - Findhelp Information Services","isPartOf":{"@id":"https:\/\/findhelp.ca\/#website"},"primaryImageOfPage":{"@id":"https:\/\/www.findhelp.ca\/innovation\/search-portals\/#primaryimage"},"image":{"@id":"https:\/\/www.findhelp.ca\/innovation\/search-portals\/#primaryimage"},"thumbnailUrl":"https:\/\/findhelp.ca\/wp-content\/uploads\/2026\/02\/cropped-Untitled-design-1-1.png","datePublished":"2022-10-11T19:03:19+00:00","dateModified":"2023-10-02T13:40:39+00:00","breadcrumb":{"@id":"https:\/\/www.findhelp.ca\/innovation\/search-portals\/#breadcrumb"},"inLanguage":"fr-CA","potentialAction":[{"@type":"ReadAction","target":["https:\/\/www.findhelp.ca\/innovation\/search-portals\/"]}]},{"@type":"ImageObject","inLanguage":"fr-CA","@id":"https:\/\/www.findhelp.ca\/innovation\/search-portals\/#primaryimage","url":"https:\/\/findhelp.ca\/wp-content\/uploads\/2026\/02\/cropped-Untitled-design-1-1.png","contentUrl":"https:\/\/findhelp.ca\/wp-content\/uploads\/2026\/02\/cropped-Untitled-design-1-1.png","width":512,"height":512},{"@type":"BreadcrumbList","@id":"https:\/\/www.findhelp.ca\/innovation\/search-portals\/#breadcrumb","itemListElement":[{"@type":"ListItem","position":1,"name":"Home","item":"https:\/\/findhelp.ca\/"},{"@type":"ListItem","position":2,"name":"Innovation","item":"https:\/\/www.findhelp.ca\/fr\/innovation\/"},{"@type":"ListItem","position":3,"name":"Search Portals"}]},{"@type":"WebSite","@id":"https:\/\/findhelp.ca\/#website","url":"https:\/\/findhelp.ca\/","name":"Services d\u2019information Findhelp","description":"People Connected. Communities Strengthened","publisher":{"@id":"https:\/\/findhelp.ca\/#organization"},"potentialAction":[{"@type":"SearchAction","target":{"@type":"EntryPoint","urlTemplate":"https:\/\/findhelp.ca\/?s={search_term_string}"},"query-input":{"@type":"PropertyValueSpecification","valueRequired":true,"valueName":"search_term_string"}}],"inLanguage":"fr-CA"},{"@type":"Organization","@id":"https:\/\/findhelp.ca\/#organization","name":"Services d\u2019information Findhelp","url":"https:\/\/findhelp.ca\/","logo":{"@type":"ImageObject","inLanguage":"fr-CA","@id":"https:\/\/findhelp.ca\/#\/schema\/logo\/image\/","url":"https:\/\/findhelp.ca\/wp-content\/uploads\/2026\/02\/findhelp-logo-1.png","contentUrl":"https:\/\/findhelp.ca\/wp-content\/uploads\/2026\/02\/findhelp-logo-1.png","width":1170,"height":936,"caption":"Findhelp Information Services"},"image":{"@id":"https:\/\/findhelp.ca\/#\/schema\/logo\/image\/"},"sameAs":["https:\/\/www.facebook.com\/Findhelp211","https:\/\/www.instagram.com\/findhelp211","https:\/\/www.linkedin.com\/company\/findhelp211"]}]}},"_links":{"self":[{"href":"https:\/\/findhelp.ca\/fr\/wp-json\/wp\/v2\/pages\/755","targetHints":{"allow":["GET"]}}],"collection":[{"href":"https:\/\/findhelp.ca\/fr\/wp-json\/wp\/v2\/pages"}],"about":[{"href":"https:\/\/findhelp.ca\/fr\/wp-json\/wp\/v2\/types\/page"}],"author":[{"embeddable":true,"href":"https:\/\/findhelp.ca\/fr\/wp-json\/wp\/v2\/users\/2"}],"replies":[{"embeddable":true,"href":"https:\/\/findhelp.ca\/fr\/wp-json\/wp\/v2\/comments?post=755"}],"version-history":[{"count":5,"href":"https:\/\/findhelp.ca\/fr\/wp-json\/wp\/v2\/pages\/755\/revisions"}],"predecessor-version":[{"id":803,"href":"https:\/\/findhelp.ca\/fr\/wp-json\/wp\/v2\/pages\/755\/revisions\/803"}],"up":[{"embeddable":true,"href":"https:\/\/findhelp.ca\/fr\/wp-json\/wp\/v2\/pages\/69"}],"wp:featuredmedia":[{"embeddable":true,"href":"https:\/\/findhelp.ca\/fr\/wp-json\/wp\/v2\/media\/3111"}],"wp:attachment":[{"href":"https:\/\/findhelp.ca\/fr\/wp-json\/wp\/v2\/media?parent=755"}],"curies":[{"name":"wp","href":"https:\/\/api.w.org\/{rel}","templated":true}]}}