{"id":779,"date":"2022-10-11T19:43:47","date_gmt":"2022-10-11T19:43:47","guid":{"rendered":"https:\/\/findhelp.ca\/?page_id=779"},"modified":"2023-11-06T13:52:35","modified_gmt":"2023-11-06T13:52:35","slug":"211-canada","status":"publish","type":"page","link":"https:\/\/findhelp.ca\/fr\/innovation\/211-canada\/","title":{"rendered":"211 Canada"},"content":{"rendered":"<div data-elementor-type=\"wp-page\" data-elementor-id=\"779\" class=\"elementor elementor-779\" data-elementor-post-type=\"page\">\n\t\t\t\t\t\t<section data-particle_enable=\"false\" data-particle-mobile-disabled=\"false\" class=\"elementor-section elementor-top-section elementor-element elementor-element-722c9fc4 elementor-section-boxed elementor-section-height-default elementor-section-height-default\" data-id=\"722c9fc4\" data-element_type=\"section\" data-e-type=\"section\">\n\t\t\t\t\t\t<div class=\"elementor-container elementor-column-gap-default\">\n\t\t\t\t\t<div class=\"elementor-column elementor-col-100 elementor-top-column elementor-element elementor-element-258f436b\" data-id=\"258f436b\" data-element_type=\"column\" data-e-type=\"column\">\n\t\t\t<div class=\"elementor-widget-wrap elementor-element-populated\">\n\t\t\t\t\t\t<div class=\"elementor-element elementor-element-1fd1dfa5 elementor-widget elementor-widget-heading\" data-id=\"1fd1dfa5\" data-element_type=\"widget\" data-e-type=\"widget\" data-widget_type=\"heading.default\">\n\t\t\t\t<div class=\"elementor-widget-container\">\n\t\t\t\t\t<h1 class=\"elementor-heading-title elementor-size-default\">20 ann\u00e9es de 211 - Pleins feux sur 211<\/h1>\t\t\t\t<\/div>\n\t\t\t\t<\/div>\n\t\t\t\t<div class=\"elementor-element elementor-element-5f97fc72 elementor-widget elementor-widget-text-editor\" data-id=\"5f97fc72\" data-element_type=\"widget\" data-e-type=\"widget\" data-widget_type=\"text-editor.default\">\n\t\t\t\t<div class=\"elementor-widget-container\">\n\t\t\t\t\t\t\t\t\t<p><img decoding=\"async\" class=\"alignright wp-image-876\" src=\"\/wp-content\/uploads\/2022\/10\/211-Logo-01-2020-300x206.png\" alt=\"211 Logo\" width=\"250\" height=\"172\" srcset=\"https:\/\/findhelp.ca\/wp-content\/uploads\/2022\/10\/211-Logo-01-2020-300x206.png 300w, https:\/\/findhelp.ca\/wp-content\/uploads\/2022\/10\/211-Logo-01-2020-18x12.png 18w, https:\/\/findhelp.ca\/wp-content\/uploads\/2022\/10\/211-Logo-01-2020.png 692w\" sizes=\"(max-width: 250px) 100vw, 250px\" \/><\/p><p>20 ans apr\u00e8s avoir collabor\u00e9 pour mettre en place 211 au Canada, Findhelp a grandi et prosp\u00e9r\u00e9, se d\u00e9veloppant gr\u00e2ce \u00e0 des  services de lignes  sp\u00e9cialis\u00e9s et \u00e0 des partenariats \u00e0 travers l\u2019Am\u00e9rique du Nord.  Nous avons fait \u00e9voluer notre impact collectif gr\u00e2ce \u00e0 un engagement accru en faveur de  l\u2019\u00e9quit\u00e9, l\u2019innovation et l\u2019\u00e9tablissement de syst\u00e8mes. Notre vision, notre mission et nos valeurs fondamentales ont guid\u00e9 notre orientation strat\u00e9gique vers l\u2019am\u00e9lioration continue des services et des syst\u00e8mes, en mettant l\u2019accent sur l\u2019\u00e9limination des obstacles pour les plus vuln\u00e9rables au sein de nos communaut\u00e9s. En soutenant nos partenariats en mati\u00e8re d\u2019innovation, nous avons transform\u00e9 notre prestation de services, notre \u00e9quit\u00e9 et notre impact sur le syst\u00e8me.<\/p><p>Nous avons renouvel\u00e9 et r\u00e9it\u00e9r\u00e9 notre engagement \u00e0 renforcer notre relation avec Centraide, pour contribuer \u00e0 b\u00e2tir le 211 en tant qu\u2019infrastructure communautaire tout en valorisant nos comp\u00e9tences de base et ainsi cr\u00e9er un changement social significatif aux niveaux local, provincial et national.<\/p>\t\t\t\t\t\t\t\t<\/div>\n\t\t\t\t<\/div>\n\t\t\t\t\t<\/div>\n\t\t<\/div>\n\t\t\t\t\t<\/div>\n\t\t<\/section>\n\t\t\t\t<section data-particle_enable=\"false\" data-particle-mobile-disabled=\"false\" class=\"elementor-section elementor-top-section elementor-element elementor-element-3b6b2852 elementor-section-boxed elementor-section-height-default elementor-section-height-default\" data-id=\"3b6b2852\" data-element_type=\"section\" data-e-type=\"section\" data-settings=\"{&quot;background_background&quot;:&quot;classic&quot;}\">\n\t\t\t\t\t\t<div class=\"elementor-container elementor-column-gap-default\">\n\t\t\t\t\t<div class=\"elementor-column elementor-col-100 elementor-top-column elementor-element elementor-element-3fbcd253\" data-id=\"3fbcd253\" data-element_type=\"column\" data-e-type=\"column\">\n\t\t\t<div class=\"elementor-widget-wrap elementor-element-populated\">\n\t\t\t\t\t\t<section data-particle_enable=\"false\" data-particle-mobile-disabled=\"false\" class=\"elementor-section elementor-inner-section elementor-element elementor-element-61e99775 elementor-section-boxed elementor-section-height-default elementor-section-height-default\" data-id=\"61e99775\" data-element_type=\"section\" data-e-type=\"section\">\n\t\t\t\t\t\t<div class=\"elementor-container elementor-column-gap-default\">\n\t\t\t\t\t<div class=\"elementor-column elementor-col-50 elementor-inner-column elementor-element elementor-element-6560aa81\" data-id=\"6560aa81\" data-element_type=\"column\" data-e-type=\"column\">\n\t\t\t<div class=\"elementor-widget-wrap elementor-element-populated\">\n\t\t\t\t\t\t<div class=\"elementor-element elementor-element-689787c4 elementor-widget elementor-widget-image\" data-id=\"689787c4\" data-element_type=\"widget\" data-e-type=\"widget\" data-widget_type=\"image.default\">\n\t\t\t\t<div class=\"elementor-widget-container\">\n\t\t\t\t\t\t\t\t\t\t\t\t\t\t\t<img fetchpriority=\"high\" decoding=\"async\" width=\"1024\" height=\"620\" src=\"https:\/\/findhelp.ca\/wp-content\/uploads\/2022\/10\/211national-1024x620.png\" class=\"attachment-large size-large wp-image-781\" alt=\"Locations of services in Canada\" srcset=\"https:\/\/findhelp.ca\/wp-content\/uploads\/2022\/10\/211national-1024x620.png 1024w, https:\/\/findhelp.ca\/wp-content\/uploads\/2022\/10\/211national-300x182.png 300w, https:\/\/findhelp.ca\/wp-content\/uploads\/2022\/10\/211national-768x465.png 768w, https:\/\/findhelp.ca\/wp-content\/uploads\/2022\/10\/211national-18x12.png 18w, https:\/\/findhelp.ca\/wp-content\/uploads\/2022\/10\/211national.png 1147w\" sizes=\"(max-width: 1024px) 100vw, 1024px\" \/>\t\t\t\t\t\t\t\t\t\t\t\t\t\t\t<\/div>\n\t\t\t\t<\/div>\n\t\t\t\t\t<\/div>\n\t\t<\/div>\n\t\t\t\t<div class=\"elementor-column elementor-col-50 elementor-inner-column elementor-element elementor-element-1d306c20\" data-id=\"1d306c20\" data-element_type=\"column\" data-e-type=\"column\">\n\t\t\t<div class=\"elementor-widget-wrap elementor-element-populated\">\n\t\t\t\t\t\t<div class=\"elementor-element elementor-element-61ee22ca elementor-widget elementor-widget-text-editor\" data-id=\"61ee22ca\" data-element_type=\"widget\" data-e-type=\"widget\" data-widget_type=\"text-editor.default\">\n\t\t\t\t<div class=\"elementor-widget-container\">\n\t\t\t\t\t\t\t\t\t<h2 class=\"_04xlpA direction-ltr align-start para-style-body\"><span class=\"JsGRdQ\">Domaines de collaboration<\/span><\/h2><h3 class=\"_04xlpA direction-ltr align-start para-style-body\"><span class=\"JsGRdQ\">Gouvernance<\/span><span class=\"JsGRdQ\">:<\/span><\/h3><ul><li><span class=\"JsGRdQ\">Copr\u00e9sident de la Table des leaders 211 Canada<\/span><\/li><li><span class=\"JsGRdQ\">Les leaders des comit\u00e9s sur les donn\u00e9es et les normes de donn\u00e9es<\/span><\/li><\/ul><h3 class=\"_04xlpA direction-ltr align-start para-style-body\"><span class=\"JsGRdQ\">Qualit\u00e9 des donn\u00e9es\/Normes de donn\u00e9es<\/span><span class=\"JsGRdQ\">:<\/span><\/h3><ul><li><span class=\"JsGRdQ\">Diriger le d\u00e9veloppement continu de la version canadienne de la taxonomie 211<\/span><\/li><li><span class=\"JsGRdQ\">Collaborer avec les 211 pour cr\u00e9er des politiques normalis\u00e9es de collecte de donn\u00e9es<\/span><\/li><\/ul><h3 class=\"_04xlpA direction-ltr align-start para-style-body\"><span class=\"JsGRdQ\">Infrastructures techniques:<\/span><\/h3><ul><li><span class=\"JsGRdQ\">D\u00e9veloppement de la plateforme qui collecte, regroupe et diffuse les donn\u00e9es des 211 de partout au pays<\/span><\/li><li><span class=\"JsGRdQ\">Cr\u00e9ation d\u2019une interface de programmation d\u2019applications pour les 211 au Canada \u00e0 l\u2019usage des partenaires<\/span><\/li><li><span class=\"JsGRdQ\">Fournir un soutien et r\u00e9pondre aux demandes de donn\u00e9es des bailleurs de fonds, y compris les bailleurs de fonds\/gouvernements<\/span><\/li><\/ul><h3 class=\"_04xlpA direction-ltr align-start para-style-body\"><span class=\"JsGRdQ\">Capacit\u00e9 de service:<\/span><\/h3><ul><li><span class=\"JsGRdQ\">Offrir les services t\u00e9l\u00e9phoniques et de donn\u00e9es pour les 211 dans les provinces ne disposant pas d\u2019une capacit\u00e9 suffisante<\/span><\/li><li><span class=\"JsGRdQ\">Cr\u00e9ation de sites web 211 pour 5 provinces<\/span><\/li><\/ul><h3 class=\"_04xlpA direction-ltr align-start para-style-body\"><span class=\"JsGRdQ\">Services d\u2019intervention d\u2019urgence:<\/span><\/h3><ul><li><span class=\"JsGRdQ\">G\u00e9rer la suppl\u00e9ance et le d\u00e9bordement pour les 211 en cas d\u2019urgence (par exemple, la prise de tous les appels de l\u2019\u00ce.-P.-\u00c9. \u00c0 la suite de l\u2019ouragan)<\/span><\/li><\/ul>\t\t\t\t\t\t\t\t<\/div>\n\t\t\t\t<\/div>\n\t\t\t\t<div class=\"elementor-element elementor-element-4ce1d975 elementor-widget-divider--view-line elementor-widget elementor-widget-divider\" data-id=\"4ce1d975\" data-element_type=\"widget\" data-e-type=\"widget\" data-widget_type=\"divider.default\">\n\t\t\t\t<div class=\"elementor-widget-container\">\n\t\t\t\t\t\t\t<div class=\"elementor-divider\">\n\t\t\t<span class=\"elementor-divider-separator\">\n\t\t\t\t\t\t<\/span>\n\t\t<\/div>\n\t\t\t\t\t\t<\/div>\n\t\t\t\t<\/div>\n\t\t\t\t\t<\/div>\n\t\t<\/div>\n\t\t\t\t\t<\/div>\n\t\t<\/section>\n\t\t\t\t\t<\/div>\n\t\t<\/div>\n\t\t\t\t\t<\/div>\n\t\t<\/section>\n\t\t\t\t<section data-particle_enable=\"false\" data-particle-mobile-disabled=\"false\" class=\"elementor-section elementor-top-section elementor-element elementor-element-16bca765 elementor-section-boxed elementor-section-height-default elementor-section-height-default\" data-id=\"16bca765\" data-element_type=\"section\" data-e-type=\"section\" data-settings=\"{&quot;background_background&quot;:&quot;classic&quot;}\">\n\t\t\t\t\t\t<div class=\"elementor-container elementor-column-gap-default\">\n\t\t\t\t\t<div class=\"elementor-column elementor-col-100 elementor-top-column elementor-element elementor-element-22a8c6ad\" data-id=\"22a8c6ad\" data-element_type=\"column\" data-e-type=\"column\">\n\t\t\t<div class=\"elementor-widget-wrap elementor-element-populated\">\n\t\t\t\t\t\t<div class=\"elementor-element elementor-element-19fae790 elementor-widget elementor-widget-heading\" data-id=\"19fae790\" data-element_type=\"widget\" data-e-type=\"widget\" data-widget_type=\"heading.default\">\n\t\t\t\t<div class=\"elementor-widget-container\">\n\t\t\t\t\t<h2 class=\"elementor-heading-title elementor-size-default\">Les partenariats sont la cl\u00e9!<\/h2>\t\t\t\t<\/div>\n\t\t\t\t<\/div>\n\t\t\t\t<div class=\"elementor-element elementor-element-70321858 bluebg elementor-widget elementor-widget-text-editor\" data-id=\"70321858\" data-element_type=\"widget\" data-e-type=\"widget\" data-widget_type=\"text-editor.default\">\n\t\t\t\t<div class=\"elementor-widget-container\">\n\t\t\t\t\t\t\t\t\t<p>Contactez-nous pour en savoir davantage<\/p>\t\t\t\t\t\t\t\t<\/div>\n\t\t\t\t<\/div>\n\t\t\t\t<div class=\"elementor-element elementor-element-523dcd59 elementor-align-center elementor-mobile-align-justify bluebg elementor-widget elementor-widget-button\" data-id=\"523dcd59\" data-element_type=\"widget\" data-e-type=\"widget\" data-widget_type=\"button.default\">\n\t\t\t\t<div class=\"elementor-widget-container\">\n\t\t\t\t\t\t\t\t\t<div class=\"elementor-button-wrapper\">\n\t\t\t\t\t<a class=\"elementor-button elementor-button-link elementor-size-lg\" href=\"\/fr\/contact-us\/\">\n\t\t\t\t\t\t<span class=\"elementor-button-content-wrapper\">\n\t\t\t\t\t\t\t\t\t<span class=\"elementor-button-text\">Parlons-en<\/span>\n\t\t\t\t\t<\/span>\n\t\t\t\t\t<\/a>\n\t\t\t\t<\/div>\n\t\t\t\t\t\t\t\t<\/div>\n\t\t\t\t<\/div>\n\t\t\t\t\t<\/div>\n\t\t<\/div>\n\t\t\t\t\t<\/div>\n\t\t<\/section>\n\t\t\t\t<\/div>","protected":false},"excerpt":{"rendered":"<p>20 Years of 211 in Canada &#8211; 211 Spotlight 20 years after collaborating to bring 211 to Canada, Findhelp has grown and flourished, expanding through specialty line services and partnering across North America. We have evolved our collective impact through an amplified commitment to equity, innovation and system building. Our vision, mission and core values&hellip;&nbsp;<a href=\"https:\/\/findhelp.ca\/fr\/innovation\/211-canada\/\" rel=\"bookmark\">Lire la suite &raquo;<span class=\"screen-reader-text\">211 Canada<\/span><\/a><\/p>","protected":false},"author":2,"featured_media":3111,"parent":69,"menu_order":0,"comment_status":"closed","ping_status":"closed","template":"page-templates\/template-pagebuilder-full-width.php","meta":{"neve_meta_sidebar":"","neve_meta_container":"","neve_meta_enable_content_width":"","neve_meta_content_width":0,"neve_meta_title_alignment":"","neve_meta_author_avatar":"","neve_post_elements_order":"","neve_meta_disable_header":"","neve_meta_disable_footer":"","neve_meta_disable_title":"","footnotes":""},"class_list":["post-779","page","type-page","status-publish","has-post-thumbnail","hentry"],"yoast_head":"<!-- This site is optimized with the Yoast SEO plugin v27.1.1 - https:\/\/yoast.com\/product\/yoast-seo-wordpress\/ -->\n<title>211 Canada - Findhelp Information Services<\/title>\n<meta name=\"robots\" content=\"index, follow, max-snippet:-1, max-image-preview:large, max-video-preview:-1\" \/>\n<link rel=\"canonical\" href=\"https:\/\/www.findhelp.ca\/innovation\/211-canada\/\" \/>\n<meta property=\"og:locale\" content=\"fr_CA\" \/>\n<meta property=\"og:type\" content=\"article\" \/>\n<meta property=\"og:title\" content=\"211 Canada - Findhelp Information Services\" \/>\n<meta property=\"og:description\" content=\"20 Years of 211 in Canada &#8211; 211 Spotlight 20 years after collaborating to bring 211 to Canada, Findhelp has grown and flourished, expanding through specialty line services and partnering across North America. We have evolved our collective impact through an amplified commitment to equity, innovation and system building. Our vision, mission and core values&hellip;&nbsp;Lire la suite &raquo;211 Canada\" \/>\n<meta property=\"og:url\" content=\"https:\/\/www.findhelp.ca\/innovation\/211-canada\/\" \/>\n<meta property=\"og:site_name\" content=\"Findhelp Information Services\" \/>\n<meta property=\"article:publisher\" content=\"https:\/\/www.facebook.com\/Findhelp211\" \/>\n<meta property=\"article:modified_time\" content=\"2023-11-06T13:52:35+00:00\" \/>\n<meta property=\"og:image\" content=\"https:\/\/www.findhelp.ca\/wp-content\/uploads\/2022\/10\/211national-1024x620.png\" \/>\n<meta name=\"twitter:card\" content=\"summary_large_image\" \/>\n<meta name=\"twitter:label1\" content=\"Estimation du temps de lecture\" \/>\n\t<meta name=\"twitter:data1\" content=\"2 minutes\" \/>\n<script type=\"application\/ld+json\" class=\"yoast-schema-graph\">{\"@context\":\"https:\/\/schema.org\",\"@graph\":[{\"@type\":\"WebPage\",\"@id\":\"https:\/\/www.findhelp.ca\/innovation\/211-canada\/\",\"url\":\"https:\/\/www.findhelp.ca\/innovation\/211-canada\/\",\"name\":\"211 Canada - Findhelp Information Services\",\"isPartOf\":{\"@id\":\"https:\/\/findhelp.ca\/#website\"},\"primaryImageOfPage\":{\"@id\":\"https:\/\/www.findhelp.ca\/innovation\/211-canada\/#primaryimage\"},\"image\":{\"@id\":\"https:\/\/www.findhelp.ca\/innovation\/211-canada\/#primaryimage\"},\"thumbnailUrl\":\"https:\/\/findhelp.ca\/wp-content\/uploads\/2026\/02\/cropped-Untitled-design-1-1.png\",\"datePublished\":\"2022-10-11T19:43:47+00:00\",\"dateModified\":\"2023-11-06T13:52:35+00:00\",\"breadcrumb\":{\"@id\":\"https:\/\/www.findhelp.ca\/innovation\/211-canada\/#breadcrumb\"},\"inLanguage\":\"fr-CA\",\"potentialAction\":[{\"@type\":\"ReadAction\",\"target\":[\"https:\/\/www.findhelp.ca\/innovation\/211-canada\/\"]}]},{\"@type\":\"ImageObject\",\"inLanguage\":\"fr-CA\",\"@id\":\"https:\/\/www.findhelp.ca\/innovation\/211-canada\/#primaryimage\",\"url\":\"https:\/\/findhelp.ca\/wp-content\/uploads\/2026\/02\/cropped-Untitled-design-1-1.png\",\"contentUrl\":\"https:\/\/findhelp.ca\/wp-content\/uploads\/2026\/02\/cropped-Untitled-design-1-1.png\",\"width\":512,\"height\":512},{\"@type\":\"BreadcrumbList\",\"@id\":\"https:\/\/www.findhelp.ca\/innovation\/211-canada\/#breadcrumb\",\"itemListElement\":[{\"@type\":\"ListItem\",\"position\":1,\"name\":\"Home\",\"item\":\"https:\/\/findhelp.ca\/\"},{\"@type\":\"ListItem\",\"position\":2,\"name\":\"Innovation\",\"item\":\"https:\/\/www.findhelp.ca\/fr\/innovation\/\"},{\"@type\":\"ListItem\",\"position\":3,\"name\":\"211 Canada\"}]},{\"@type\":\"WebSite\",\"@id\":\"https:\/\/findhelp.ca\/#website\",\"url\":\"https:\/\/findhelp.ca\/\",\"name\":\"Findhelp Information Services\",\"description\":\"People Connected. Communities Strengthened\",\"publisher\":{\"@id\":\"https:\/\/findhelp.ca\/#organization\"},\"potentialAction\":[{\"@type\":\"SearchAction\",\"target\":{\"@type\":\"EntryPoint\",\"urlTemplate\":\"https:\/\/findhelp.ca\/?s={search_term_string}\"},\"query-input\":{\"@type\":\"PropertyValueSpecification\",\"valueRequired\":true,\"valueName\":\"search_term_string\"}}],\"inLanguage\":\"fr-CA\"},{\"@type\":\"Organization\",\"@id\":\"https:\/\/findhelp.ca\/#organization\",\"name\":\"Findhelp Information Services\",\"url\":\"https:\/\/findhelp.ca\/\",\"logo\":{\"@type\":\"ImageObject\",\"inLanguage\":\"fr-CA\",\"@id\":\"https:\/\/findhelp.ca\/#\/schema\/logo\/image\/\",\"url\":\"https:\/\/findhelp.ca\/wp-content\/uploads\/2026\/02\/findhelp-logo-1.png\",\"contentUrl\":\"https:\/\/findhelp.ca\/wp-content\/uploads\/2026\/02\/findhelp-logo-1.png\",\"width\":1170,\"height\":936,\"caption\":\"Findhelp Information Services\"},\"image\":{\"@id\":\"https:\/\/findhelp.ca\/#\/schema\/logo\/image\/\"},\"sameAs\":[\"https:\/\/www.facebook.com\/Findhelp211\",\"https:\/\/www.instagram.com\/findhelp211\",\"https:\/\/www.linkedin.com\/company\/findhelp211\"]}]}<\/script>\n<!-- \/ Yoast SEO plugin. -->","yoast_head_json":{"title":"211 Canada - Findhelp Information Services","robots":{"index":"index","follow":"follow","max-snippet":"max-snippet:-1","max-image-preview":"max-image-preview:large","max-video-preview":"max-video-preview:-1"},"canonical":"https:\/\/www.findhelp.ca\/innovation\/211-canada\/","og_locale":"fr_CA","og_type":"article","og_title":"211 Canada - Findhelp Information Services","og_description":"20 Years of 211 in Canada &#8211; 211 Spotlight 20 years after collaborating to bring 211 to Canada, Findhelp has grown and flourished, expanding through specialty line services and partnering across North America. We have evolved our collective impact through an amplified commitment to equity, innovation and system building. Our vision, mission and core values&hellip;&nbsp;Lire la suite &raquo;211 Canada","og_url":"https:\/\/www.findhelp.ca\/innovation\/211-canada\/","og_site_name":"Findhelp Information Services","article_publisher":"https:\/\/www.facebook.com\/Findhelp211","article_modified_time":"2023-11-06T13:52:35+00:00","og_image":[{"url":"https:\/\/www.findhelp.ca\/wp-content\/uploads\/2022\/10\/211national-1024x620.png","type":"","width":"","height":""}],"twitter_card":"summary_large_image","twitter_misc":{"Estimation du temps de lecture":"2 minutes"},"schema":{"@context":"https:\/\/schema.org","@graph":[{"@type":"WebPage","@id":"https:\/\/www.findhelp.ca\/innovation\/211-canada\/","url":"https:\/\/www.findhelp.ca\/innovation\/211-canada\/","name":"211 Canada - Findhelp Information Services","isPartOf":{"@id":"https:\/\/findhelp.ca\/#website"},"primaryImageOfPage":{"@id":"https:\/\/www.findhelp.ca\/innovation\/211-canada\/#primaryimage"},"image":{"@id":"https:\/\/www.findhelp.ca\/innovation\/211-canada\/#primaryimage"},"thumbnailUrl":"https:\/\/findhelp.ca\/wp-content\/uploads\/2026\/02\/cropped-Untitled-design-1-1.png","datePublished":"2022-10-11T19:43:47+00:00","dateModified":"2023-11-06T13:52:35+00:00","breadcrumb":{"@id":"https:\/\/www.findhelp.ca\/innovation\/211-canada\/#breadcrumb"},"inLanguage":"fr-CA","potentialAction":[{"@type":"ReadAction","target":["https:\/\/www.findhelp.ca\/innovation\/211-canada\/"]}]},{"@type":"ImageObject","inLanguage":"fr-CA","@id":"https:\/\/www.findhelp.ca\/innovation\/211-canada\/#primaryimage","url":"https:\/\/findhelp.ca\/wp-content\/uploads\/2026\/02\/cropped-Untitled-design-1-1.png","contentUrl":"https:\/\/findhelp.ca\/wp-content\/uploads\/2026\/02\/cropped-Untitled-design-1-1.png","width":512,"height":512},{"@type":"BreadcrumbList","@id":"https:\/\/www.findhelp.ca\/innovation\/211-canada\/#breadcrumb","itemListElement":[{"@type":"ListItem","position":1,"name":"Home","item":"https:\/\/findhelp.ca\/"},{"@type":"ListItem","position":2,"name":"Innovation","item":"https:\/\/www.findhelp.ca\/fr\/innovation\/"},{"@type":"ListItem","position":3,"name":"211 Canada"}]},{"@type":"WebSite","@id":"https:\/\/findhelp.ca\/#website","url":"https:\/\/findhelp.ca\/","name":"Services d\u2019information Findhelp","description":"People Connected. Communities Strengthened","publisher":{"@id":"https:\/\/findhelp.ca\/#organization"},"potentialAction":[{"@type":"SearchAction","target":{"@type":"EntryPoint","urlTemplate":"https:\/\/findhelp.ca\/?s={search_term_string}"},"query-input":{"@type":"PropertyValueSpecification","valueRequired":true,"valueName":"search_term_string"}}],"inLanguage":"fr-CA"},{"@type":"Organization","@id":"https:\/\/findhelp.ca\/#organization","name":"Services d\u2019information Findhelp","url":"https:\/\/findhelp.ca\/","logo":{"@type":"ImageObject","inLanguage":"fr-CA","@id":"https:\/\/findhelp.ca\/#\/schema\/logo\/image\/","url":"https:\/\/findhelp.ca\/wp-content\/uploads\/2026\/02\/findhelp-logo-1.png","contentUrl":"https:\/\/findhelp.ca\/wp-content\/uploads\/2026\/02\/findhelp-logo-1.png","width":1170,"height":936,"caption":"Findhelp Information Services"},"image":{"@id":"https:\/\/findhelp.ca\/#\/schema\/logo\/image\/"},"sameAs":["https:\/\/www.facebook.com\/Findhelp211","https:\/\/www.instagram.com\/findhelp211","https:\/\/www.linkedin.com\/company\/findhelp211"]}]}},"_links":{"self":[{"href":"https:\/\/findhelp.ca\/fr\/wp-json\/wp\/v2\/pages\/779","targetHints":{"allow":["GET"]}}],"collection":[{"href":"https:\/\/findhelp.ca\/fr\/wp-json\/wp\/v2\/pages"}],"about":[{"href":"https:\/\/findhelp.ca\/fr\/wp-json\/wp\/v2\/types\/page"}],"author":[{"embeddable":true,"href":"https:\/\/findhelp.ca\/fr\/wp-json\/wp\/v2\/users\/2"}],"replies":[{"embeddable":true,"href":"https:\/\/findhelp.ca\/fr\/wp-json\/wp\/v2\/comments?post=779"}],"version-history":[{"count":5,"href":"https:\/\/findhelp.ca\/fr\/wp-json\/wp\/v2\/pages\/779\/revisions"}],"predecessor-version":[{"id":1874,"href":"https:\/\/findhelp.ca\/fr\/wp-json\/wp\/v2\/pages\/779\/revisions\/1874"}],"up":[{"embeddable":true,"href":"https:\/\/findhelp.ca\/fr\/wp-json\/wp\/v2\/pages\/69"}],"wp:featuredmedia":[{"embeddable":true,"href":"https:\/\/findhelp.ca\/fr\/wp-json\/wp\/v2\/media\/3111"}],"wp:attachment":[{"href":"https:\/\/findhelp.ca\/fr\/wp-json\/wp\/v2\/media?parent=779"}],"curies":[{"name":"wp","href":"https:\/\/api.w.org\/{rel}","templated":true}]}}