{"id":855,"date":"2022-10-12T12:31:47","date_gmt":"2022-10-12T12:31:47","guid":{"rendered":"https:\/\/findhelp.ca\/?page_id=855"},"modified":"2026-03-23T18:53:57","modified_gmt":"2026-03-23T22:53:57","slug":"join-our-team","status":"publish","type":"page","link":"https:\/\/findhelp.ca\/fr\/about-us\/join-our-team\/","title":{"rendered":"Grandissez avec nous"},"content":{"rendered":"<div data-elementor-type=\"wp-page\" data-elementor-id=\"855\" class=\"elementor elementor-855\" data-elementor-post-type=\"page\">\n\t\t\t\t\t\t<section data-particle_enable=\"false\" data-particle-mobile-disabled=\"false\" class=\"elementor-section elementor-top-section elementor-element elementor-element-a58b0ad elementor-section-boxed elementor-section-height-default elementor-section-height-default\" data-id=\"a58b0ad\" data-element_type=\"section\" data-e-type=\"section\">\n\t\t\t\t\t\t<div class=\"elementor-container elementor-column-gap-default\">\n\t\t\t\t\t<div class=\"elementor-column elementor-col-100 elementor-top-column elementor-element elementor-element-3f87ba4\" data-id=\"3f87ba4\" data-element_type=\"column\" data-e-type=\"column\">\n\t\t\t<div class=\"elementor-widget-wrap elementor-element-populated\">\n\t\t\t\t\t\t<div class=\"elementor-element elementor-element-1652691 elementor-widget elementor-widget-text-editor\" data-id=\"1652691\" data-element_type=\"widget\" data-e-type=\"widget\" data-widget_type=\"text-editor.default\">\n\t\t\t\t<div class=\"elementor-widget-container\">\n\t\t\t\t\t\t\t\t\t<h1>Grandissez avec nous<\/h1><p><span style=\"font-weight: 400;\">L'\u00e9quipe de Findhelp | 211 s'agrandit! Nous recherchons des personnes passionn\u00e9es par la r\u00e9solution des obstacles syst\u00e9miques qui cr\u00e9ent des in\u00e9galit\u00e9s dans nos syst\u00e8mes de services sociaux et la cr\u00e9ation de connexions et de solutions pour b\u00e2tir des communaut\u00e9s solides.<\/span><\/p><p><span style=\"font-weight: 400;\">Chez Findhelp | 211, nous mettons en relation les gens avec les services gouvernementaux et communautaires (nous appelons cela des services sociaux), les aidant \u00e0 mener une vie engag\u00e9e et saine et sortant ainsi de la pauvret\u00e9. Les syst\u00e8mes de services sociaux deviennent plus intelligents et plus complexes. Nous innovons constamment pour r\u00e9pondre \u00e0 ces demandes changeantes afin que chacun ait acc\u00e8s aux services dont il a besoin: cr\u00e9er des connexions et des solutions pour b\u00e2tir des communaut\u00e9s solides. <\/span><i><span style=\"font-weight: 400;\">to create connections and solutions to build strong communities<\/span><\/i><span style=\"font-weight: 400;\">.<\/span><\/p><h2>Opportunit\u00e9s actuelles<\/h2><p><em>Veuillez cliquer sur les postes pour visualiser le PDF associ\u00e9.<\/em><\/p><ol><li><a href=\"https:\/\/findhelp.ca\/wp-content\/uploads\/Bilingual-Community-Resource-Navigator-English-V-March2026.pdf\" target=\"_blank\" rel=\"noopener\"><strong>Navigateur\/Navigatrice des ressources communautaires\u00a0<\/strong><\/a><br \/>Fran\u00e7ais\/Anglais<br \/>Temps plein permanent<br \/><a href=\"https:\/\/findhelp.ca\/wp-content\/uploads\/Bilingual-Community-Resource-Navigator-English-V-March2026.pdf\" target=\"_blank\" rel=\"noopener\">Lien vers le PDF<\/a><\/li><li><span id=\"page142R_mcid1\" class=\"markedContent\"><span dir=\"ltr\" role=\"presentation\"><a href=\"https:\/\/findhelp.ca\/wp-content\/uploads\/NB-FT-Bilingual-Community-Resource-Navigator-Position-March2026.pdf\" target=\"_blank\" rel=\"noopener\"><strong>Bilingual Community Resource Navigator (Service Navigator)<\/strong><\/a><br \/><em>*** Les candidats doivent \u00eatre r\u00e9sidents du Nouveau-Brunswick<\/em><\/span><span dir=\"ltr\" role=\"presentation\">***<\/span><br role=\"presentation\" \/><span dir=\"ltr\" role=\"presentation\">Fran\u00e7ais\/Anglais<\/span><\/span><span id=\"page142R_mcid2\" class=\"markedContent\"><br role=\"presentation\" \/><span dir=\"ltr\" role=\"presentation\">Permanent \u00e0 temps plein<\/span><\/span><br \/><a href=\"https:\/\/findhelp.ca\/wp-content\/uploads\/NB-FT-Bilingual-Community-Resource-Navigator-Position-March2026.pdf\" target=\"_blank\" rel=\"noopener\">Lien vers le PDF<\/a><\/li><li><a href=\"https:\/\/findhelp.ca\/wp-content\/uploads\/PT-Bilingual-Community-Resource-Navigator-English-V-March-2026.pdf\" target=\"_blank\" rel=\"noopener\"><strong>Bilingual Community Resource Navigator (Service Navigator)\u00a0<\/strong><\/a><br \/>Fran\u00e7ais\/Anglais<br \/>Part-time Permanent<br \/><a href=\"https:\/\/findhelp.ca\/wp-content\/uploads\/PT-Bilingual-Community-Resource-Navigator-English-V-March-2026.pdf\" target=\"_blank\" rel=\"noopener\">Lien vers le PDF<\/a><\/li><li><p data-renderer-start-pos=\"178\"><a class=\"_ymio1r31 _ypr0glyw _zcxs1o36 _mizu194a _1ah3dkaa _ra3xnqa1 _128mdkaa _1cvmnqa1 _4davt94y _4bfu18uv _1hms8stv _ajmmnqa1 _vchhusvi _kqswh2mm _ect4ttxp _syaz13af _1a3b18uv _4fpr8stv _5goinqa1 _f8pj13af _9oik18uv _1bnxglyw _jf4cnqa1 _30l313af _1nrm18uv _c2waglyw _1iohnqa1 _9h8h12zz _10531ra0 _1ien1ra0 _n0fx1ra0 _1vhv17z1\" title=\"https:\/\/findhelp.ca\/wp-content\/uploads\/2025\/12\/Dec-2025-Bilingual-Commnity-Resource-Navigator-Overnight-English.pdf\" href=\"https:\/\/findhelp.ca\/wp-content\/uploads\/Bilingual-Community-Resource-Navigator-Overnight-English-V-March-2026.pdf\" data-renderer-mark=\"true\"><strong data-renderer-mark=\"true\"><u data-renderer-mark=\"true\">Navigateur\/Navigatrice des ressources communautaires\u00a0<\/u><\/strong><\/a><br \/>Fran\u00e7ais\/Anglais<br \/>Full-time Permanent Overnight<br \/><a class=\"_ymio1r31 _ypr0glyw _zcxs1o36 _mizu194a _1ah3dkaa _ra3xnqa1 _128mdkaa _1cvmnqa1 _4davt94y _4bfu18uv _1hms8stv _ajmmnqa1 _vchhusvi _kqswh2mm _ect4ttxp _syaz13af _1a3b18uv _4fpr8stv _5goinqa1 _f8pj13af _9oik18uv _1bnxglyw _jf4cnqa1 _30l313af _1nrm18uv _c2waglyw _1iohnqa1 _9h8h12zz _10531ra0 _1ien1ra0 _n0fx1ra0 _1vhv17z1\" title=\"https:\/\/findhelp.ca\/wp-content\/uploads\/2025\/12\/Dec-2025-Bilingual-Commnity-Resource-Navigator-Overnight-English.pdf\" href=\"https:\/\/findhelp.ca\/wp-content\/uploads\/Bilingual-Community-Resource-Navigator-Overnight-English-V-March-2026.pdf\" data-renderer-mark=\"true\"><u data-renderer-mark=\"true\">Lien vers le PDF<\/u><\/a><\/p><\/li><\/ol><p><!--<\/p>\n<li><a href=\"\/wp-content\/uploads\/2022\/10\/FT-PT-Permanent-Bilingual-Community-Resource-Navigator-Position-March-2022.pdf\" target=\"_blank\" rel=\"noopener\">(2)\u00a0Community Resource Navigator (Service Navigator) | Bilingual French\/English Full-Time \/ Part-Time Permanent<\/a><\/li>\n<li><a href=\"\/wp-content\/uploads\/2022\/10\/CRN-SN-Part-Time-Perm.pdf\" target=\"_blank\" rel=\"noopener\">Community Resource Navigator (Service Navigator) | Part-Time Permanent<\/a><\/li>\n<p>--><\/p>\t\t\t\t\t\t\t\t<\/div>\n\t\t\t\t<\/div>\n\t\t\t\t\t<\/div>\n\t\t<\/div>\n\t\t\t\t\t<\/div>\n\t\t<\/section>\n\t\t\t\t<section data-particle_enable=\"false\" data-particle-mobile-disabled=\"false\" class=\"elementor-section elementor-top-section elementor-element elementor-element-469a028 elementor-section-boxed elementor-section-height-default elementor-section-height-default\" data-id=\"469a028\" data-element_type=\"section\" data-e-type=\"section\">\n\t\t\t\t\t\t<div class=\"elementor-container elementor-column-gap-default\">\n\t\t\t\t\t<div class=\"elementor-column elementor-col-100 elementor-top-column elementor-element elementor-element-f504373\" data-id=\"f504373\" data-element_type=\"column\" data-e-type=\"column\">\n\t\t\t<div class=\"elementor-widget-wrap elementor-element-populated\">\n\t\t\t\t\t\t\t<\/div>\n\t\t<\/div>\n\t\t\t\t\t<\/div>\n\t\t<\/section>\n\t\t\t\t<\/div>","protected":false},"excerpt":{"rendered":"<p>Grow with Us The Findhelp | 211 team is expanding! We&#8217;re looking for people who are passionate about addressing the systemic barriers that create inequities across our social service systems and creating connections and solutions to build strong communities. At Findhelp | 211, we connect people to government and community services (we call these human&hellip;&nbsp;<a href=\"https:\/\/findhelp.ca\/fr\/about-us\/join-our-team\/\" rel=\"bookmark\">Lire la suite &raquo;<span class=\"screen-reader-text\">Grandissez avec nous<\/span><\/a><\/p>","protected":false},"author":2,"featured_media":3111,"parent":969,"menu_order":0,"comment_status":"closed","ping_status":"closed","template":"page-templates\/template-pagebuilder-full-width.php","meta":{"neve_meta_sidebar":"","neve_meta_container":"","neve_meta_enable_content_width":"","neve_meta_content_width":0,"neve_meta_title_alignment":"","neve_meta_author_avatar":"","neve_post_elements_order":"","neve_meta_disable_header":"","neve_meta_disable_footer":"","neve_meta_disable_title":"","footnotes":""},"class_list":["post-855","page","type-page","status-publish","has-post-thumbnail","hentry"],"yoast_head":"<!-- This site is optimized with the Yoast SEO plugin v27.1.1 - https:\/\/yoast.com\/product\/yoast-seo-wordpress\/ -->\n<title>Grow with Us - Findhelp Information Services<\/title>\n<meta name=\"robots\" content=\"index, follow, max-snippet:-1, max-image-preview:large, max-video-preview:-1\" \/>\n<link rel=\"canonical\" href=\"https:\/\/findhelp.ca\/fr\/about-us\/join-our-team\/\" \/>\n<meta property=\"og:locale\" content=\"fr_CA\" \/>\n<meta property=\"og:type\" content=\"article\" \/>\n<meta property=\"og:title\" content=\"Grow with Us - Findhelp Information Services\" \/>\n<meta property=\"og:description\" content=\"Grow with Us The Findhelp | 211 team is expanding! We&#8217;re looking for people who are passionate about addressing the systemic barriers that create inequities across our social service systems and creating connections and solutions to build strong communities. At Findhelp | 211, we connect people to government and community services (we call these human&hellip;&nbsp;Lire la suite &raquo;Grow with Us\" \/>\n<meta property=\"og:url\" content=\"https:\/\/findhelp.ca\/fr\/about-us\/join-our-team\/\" \/>\n<meta property=\"og:site_name\" content=\"Findhelp Information Services\" \/>\n<meta property=\"article:publisher\" content=\"https:\/\/www.facebook.com\/Findhelp211\" \/>\n<meta property=\"article:modified_time\" content=\"2026-03-23T22:53:57+00:00\" \/>\n<meta property=\"og:image\" content=\"https:\/\/findhelp.ca\/wp-content\/uploads\/2026\/02\/cropped-Untitled-design-1-1.png\" \/>\n\t<meta property=\"og:image:width\" content=\"512\" \/>\n\t<meta property=\"og:image:height\" content=\"512\" \/>\n\t<meta property=\"og:image:type\" content=\"image\/png\" \/>\n<meta name=\"twitter:card\" content=\"summary_large_image\" \/>\n<meta name=\"twitter:label1\" content=\"Estimation du temps de lecture\" \/>\n\t<meta name=\"twitter:data1\" content=\"1 minute\" \/>\n<script type=\"application\/ld+json\" class=\"yoast-schema-graph\">{\"@context\":\"https:\/\/schema.org\",\"@graph\":[{\"@type\":\"WebPage\",\"@id\":\"https:\/\/findhelp.ca\/about-us\/join-our-team\/\",\"url\":\"https:\/\/findhelp.ca\/about-us\/join-our-team\/\",\"name\":\"Grow with Us - Findhelp Information Services\",\"isPartOf\":{\"@id\":\"https:\/\/findhelp.ca\/#website\"},\"primaryImageOfPage\":{\"@id\":\"https:\/\/findhelp.ca\/about-us\/join-our-team\/#primaryimage\"},\"image\":{\"@id\":\"https:\/\/findhelp.ca\/about-us\/join-our-team\/#primaryimage\"},\"thumbnailUrl\":\"https:\/\/findhelp.ca\/wp-content\/uploads\/2026\/02\/cropped-Untitled-design-1-1.png\",\"datePublished\":\"2022-10-12T12:31:47+00:00\",\"dateModified\":\"2026-03-23T22:53:57+00:00\",\"breadcrumb\":{\"@id\":\"https:\/\/findhelp.ca\/about-us\/join-our-team\/#breadcrumb\"},\"inLanguage\":\"fr-CA\",\"potentialAction\":[{\"@type\":\"ReadAction\",\"target\":[\"https:\/\/findhelp.ca\/about-us\/join-our-team\/\"]}]},{\"@type\":\"ImageObject\",\"inLanguage\":\"fr-CA\",\"@id\":\"https:\/\/findhelp.ca\/about-us\/join-our-team\/#primaryimage\",\"url\":\"https:\/\/findhelp.ca\/wp-content\/uploads\/2026\/02\/cropped-Untitled-design-1-1.png\",\"contentUrl\":\"https:\/\/findhelp.ca\/wp-content\/uploads\/2026\/02\/cropped-Untitled-design-1-1.png\",\"width\":512,\"height\":512},{\"@type\":\"BreadcrumbList\",\"@id\":\"https:\/\/findhelp.ca\/about-us\/join-our-team\/#breadcrumb\",\"itemListElement\":[{\"@type\":\"ListItem\",\"position\":1,\"name\":\"Home\",\"item\":\"https:\/\/findhelp.ca\/\"},{\"@type\":\"ListItem\",\"position\":2,\"name\":\"About Us\",\"item\":\"https:\/\/findhelp.ca\/about-us\/\"},{\"@type\":\"ListItem\",\"position\":3,\"name\":\"Grow with Us\"}]},{\"@type\":\"WebSite\",\"@id\":\"https:\/\/findhelp.ca\/#website\",\"url\":\"https:\/\/findhelp.ca\/\",\"name\":\"Findhelp Information Services\",\"description\":\"People Connected. Communities Strengthened\",\"publisher\":{\"@id\":\"https:\/\/findhelp.ca\/#organization\"},\"potentialAction\":[{\"@type\":\"SearchAction\",\"target\":{\"@type\":\"EntryPoint\",\"urlTemplate\":\"https:\/\/findhelp.ca\/?s={search_term_string}\"},\"query-input\":{\"@type\":\"PropertyValueSpecification\",\"valueRequired\":true,\"valueName\":\"search_term_string\"}}],\"inLanguage\":\"fr-CA\"},{\"@type\":\"Organization\",\"@id\":\"https:\/\/findhelp.ca\/#organization\",\"name\":\"Findhelp Information Services\",\"url\":\"https:\/\/findhelp.ca\/\",\"logo\":{\"@type\":\"ImageObject\",\"inLanguage\":\"fr-CA\",\"@id\":\"https:\/\/findhelp.ca\/#\/schema\/logo\/image\/\",\"url\":\"https:\/\/findhelp.ca\/wp-content\/uploads\/2026\/02\/findhelp-logo-1.png\",\"contentUrl\":\"https:\/\/findhelp.ca\/wp-content\/uploads\/2026\/02\/findhelp-logo-1.png\",\"width\":1170,\"height\":936,\"caption\":\"Findhelp Information Services\"},\"image\":{\"@id\":\"https:\/\/findhelp.ca\/#\/schema\/logo\/image\/\"},\"sameAs\":[\"https:\/\/www.facebook.com\/Findhelp211\",\"https:\/\/www.instagram.com\/findhelp211\",\"https:\/\/www.linkedin.com\/company\/findhelp211\"]}]}<\/script>\n<!-- \/ Yoast SEO plugin. -->","yoast_head_json":{"title":"Grow with Us - Findhelp Information Services","robots":{"index":"index","follow":"follow","max-snippet":"max-snippet:-1","max-image-preview":"max-image-preview:large","max-video-preview":"max-video-preview:-1"},"canonical":"https:\/\/findhelp.ca\/fr\/about-us\/join-our-team\/","og_locale":"fr_CA","og_type":"article","og_title":"Grow with Us - Findhelp Information Services","og_description":"Grow with Us The Findhelp | 211 team is expanding! We&#8217;re looking for people who are passionate about addressing the systemic barriers that create inequities across our social service systems and creating connections and solutions to build strong communities. At Findhelp | 211, we connect people to government and community services (we call these human&hellip;&nbsp;Lire la suite &raquo;Grow with Us","og_url":"https:\/\/findhelp.ca\/fr\/about-us\/join-our-team\/","og_site_name":"Findhelp Information Services","article_publisher":"https:\/\/www.facebook.com\/Findhelp211","article_modified_time":"2026-03-23T22:53:57+00:00","og_image":[{"width":512,"height":512,"url":"https:\/\/findhelp.ca\/wp-content\/uploads\/2026\/02\/cropped-Untitled-design-1-1.png","type":"image\/png"}],"twitter_card":"summary_large_image","twitter_misc":{"Estimation du temps de lecture":"1 minute"},"schema":{"@context":"https:\/\/schema.org","@graph":[{"@type":"WebPage","@id":"https:\/\/findhelp.ca\/about-us\/join-our-team\/","url":"https:\/\/findhelp.ca\/about-us\/join-our-team\/","name":"Grow with Us - Findhelp Information Services","isPartOf":{"@id":"https:\/\/findhelp.ca\/#website"},"primaryImageOfPage":{"@id":"https:\/\/findhelp.ca\/about-us\/join-our-team\/#primaryimage"},"image":{"@id":"https:\/\/findhelp.ca\/about-us\/join-our-team\/#primaryimage"},"thumbnailUrl":"https:\/\/findhelp.ca\/wp-content\/uploads\/2026\/02\/cropped-Untitled-design-1-1.png","datePublished":"2022-10-12T12:31:47+00:00","dateModified":"2026-03-23T22:53:57+00:00","breadcrumb":{"@id":"https:\/\/findhelp.ca\/about-us\/join-our-team\/#breadcrumb"},"inLanguage":"fr-CA","potentialAction":[{"@type":"ReadAction","target":["https:\/\/findhelp.ca\/about-us\/join-our-team\/"]}]},{"@type":"ImageObject","inLanguage":"fr-CA","@id":"https:\/\/findhelp.ca\/about-us\/join-our-team\/#primaryimage","url":"https:\/\/findhelp.ca\/wp-content\/uploads\/2026\/02\/cropped-Untitled-design-1-1.png","contentUrl":"https:\/\/findhelp.ca\/wp-content\/uploads\/2026\/02\/cropped-Untitled-design-1-1.png","width":512,"height":512},{"@type":"BreadcrumbList","@id":"https:\/\/findhelp.ca\/about-us\/join-our-team\/#breadcrumb","itemListElement":[{"@type":"ListItem","position":1,"name":"Home","item":"https:\/\/findhelp.ca\/"},{"@type":"ListItem","position":2,"name":"About Us","item":"https:\/\/findhelp.ca\/about-us\/"},{"@type":"ListItem","position":3,"name":"Grow with Us"}]},{"@type":"WebSite","@id":"https:\/\/findhelp.ca\/#website","url":"https:\/\/findhelp.ca\/","name":"Services d\u2019information Findhelp","description":"People Connected. Communities Strengthened","publisher":{"@id":"https:\/\/findhelp.ca\/#organization"},"potentialAction":[{"@type":"SearchAction","target":{"@type":"EntryPoint","urlTemplate":"https:\/\/findhelp.ca\/?s={search_term_string}"},"query-input":{"@type":"PropertyValueSpecification","valueRequired":true,"valueName":"search_term_string"}}],"inLanguage":"fr-CA"},{"@type":"Organization","@id":"https:\/\/findhelp.ca\/#organization","name":"Services d\u2019information Findhelp","url":"https:\/\/findhelp.ca\/","logo":{"@type":"ImageObject","inLanguage":"fr-CA","@id":"https:\/\/findhelp.ca\/#\/schema\/logo\/image\/","url":"https:\/\/findhelp.ca\/wp-content\/uploads\/2026\/02\/findhelp-logo-1.png","contentUrl":"https:\/\/findhelp.ca\/wp-content\/uploads\/2026\/02\/findhelp-logo-1.png","width":1170,"height":936,"caption":"Findhelp Information Services"},"image":{"@id":"https:\/\/findhelp.ca\/#\/schema\/logo\/image\/"},"sameAs":["https:\/\/www.facebook.com\/Findhelp211","https:\/\/www.instagram.com\/findhelp211","https:\/\/www.linkedin.com\/company\/findhelp211"]}]}},"_links":{"self":[{"href":"https:\/\/findhelp.ca\/fr\/wp-json\/wp\/v2\/pages\/855","targetHints":{"allow":["GET"]}}],"collection":[{"href":"https:\/\/findhelp.ca\/fr\/wp-json\/wp\/v2\/pages"}],"about":[{"href":"https:\/\/findhelp.ca\/fr\/wp-json\/wp\/v2\/types\/page"}],"author":[{"embeddable":true,"href":"https:\/\/findhelp.ca\/fr\/wp-json\/wp\/v2\/users\/2"}],"replies":[{"embeddable":true,"href":"https:\/\/findhelp.ca\/fr\/wp-json\/wp\/v2\/comments?post=855"}],"version-history":[{"count":5,"href":"https:\/\/findhelp.ca\/fr\/wp-json\/wp\/v2\/pages\/855\/revisions"}],"predecessor-version":[{"id":3204,"href":"https:\/\/findhelp.ca\/fr\/wp-json\/wp\/v2\/pages\/855\/revisions\/3204"}],"up":[{"embeddable":true,"href":"https:\/\/findhelp.ca\/fr\/wp-json\/wp\/v2\/pages\/969"}],"wp:featuredmedia":[{"embeddable":true,"href":"https:\/\/findhelp.ca\/fr\/wp-json\/wp\/v2\/media\/3111"}],"wp:attachment":[{"href":"https:\/\/findhelp.ca\/fr\/wp-json\/wp\/v2\/media?parent=855"}],"curies":[{"name":"wp","href":"https:\/\/api.w.org\/{rel}","templated":true}]}}